{"id":119167,"date":"2025-09-30T14:51:04","date_gmt":"2025-09-30T12:51:04","guid":{"rendered":"https:\/\/www.orto-bar.com\/?post_type=product&#038;p=119167"},"modified":"2025-12-12T14:11:44","modified_gmt":"2025-12-12T13:11:44","slug":"julijan-eric-experience-the-ultimate-jimi-hendrix-tribute-show","status":"publish","type":"product","link":"https:\/\/www.orto-bar.com\/en\/dogodki\/arhiv\/julijan-eric-experience-the-ultimate-jimi-hendrix-tribute-show\/","title":{"rendered":"JULIJAN ERI\u010c EXPERIENCE-The Ultimate Jimi Hendrix Tribute Show"},"content":{"rendered":"<p>&nbsp;<\/p>\n<p><strong>JULIJAN ERI\u010c EXPERIENCE<\/strong><\/p>\n<p>&nbsp;<\/p>\n<p>Lepo vabljeni na ve\u010der eksplozivnega psihadeli\u010dnega bluesa in rocka.<\/p>\n<p>Darilo za ljubitelje glasbe 60-ih, ki vklju\u010duje spektakularne trenutke in ikoni\u010dne zvoke najbolj vznemirljivega kitarista vseh \u010dasov. Slovenski Jimi Hendrix \u2013 Julijan Eri\u010d raziskuje glasbo zlatih \u010dasov bluesa in rocknrolla ter obiskovalce koncertov navdu\u0161uje s kitarskimi sola\u017eami v stilu velikega Hendrixa. Pripravite se na naelektreno no\u010d rokenrola, saj Julijan Eric in njegova skupina na odru sprostita svoj visokoenergi\u010dni zvok in surovi talent. Playlista vklju\u010duje klasi\u010dne in nove skladbe, ob katerih boste zagotovo zazibali in vriskali od navdu\u0161enja. Ne zamudite prilo\u017enosti za vrhunsko rokenrol izku\u0161njo.<\/p>\n<p>&nbsp;<\/p>\n<p><em>A gift for fans of 60s music, packed with spectacular moments and the iconic sounds of the most thrilling guitarist of all time. Slovenia\u2019s very own Jimi Hendrix \u2013 Julijan Eri\u010d \u2013 delves into the golden era of blues and rock&#8217;n&#8217;roll, captivating audiences with guitar solos in true Hendrix style. Get ready for an electrifying night of rock&#8217;n&#8217;roll, as Julijan Eri\u010d and his band unleash their high-energy sound and raw talent on stage. The setlist includes both classic and fresh tracks that will have you grooving and cheering with excitement. Don\u2019t miss your chance for an unforgettable rock&#8217;n&#8217;roll experience!<\/em><\/p>\n<p><a href=\"https:\/\/www.youtube.com\/@julijaneric6470\">https:\/\/www.youtube.com\/@julijaneric6470<\/a><\/p>\n<p><a href=\"https:\/\/open.spotify.com\/artist\/6i4NKVMSxqMPlnUi5utzyS\">https:\/\/open.spotify.com\/artist\/6i4NKVMSxqMPlnUi5utzyS<\/a><\/p>\n<p><a href=\"https:\/\/www.instagram.com\/ericjulijan\/\">https:\/\/www.instagram.com\/ericjulijan\/<\/a><\/p>\n<p><a href=\"https:\/\/www.facebook.com\/eric.julijan?locale=sl_SI\">https:\/\/www.facebook.com\/eric.julijan?locale=sl_SI<\/a><\/p>\n<p><a href=\"https:\/\/www.facebook.com\/eric.julijan\/\">https:\/\/www.facebook.com\/eric.julijan\/<\/a><\/p>\n<p><a href=\"https:\/\/www.tiktok.com\/@julijan.eric\">https:\/\/www.tiktok.com\/@julijan.eric<\/a><\/p>\n<p>&nbsp;<\/p>","protected":false},"excerpt":{"rendered":"<p>&nbsp; JULIJAN ERI\u010c EXPERIENCE &nbsp; Lepo vabljeni na ve\u010der eksplozivnega psihadeli\u010dnega bluesa in rocka. Darilo za ljubitelje glasbe 60-ih, ki vklju\u010duje spektakularne trenutke in ikoni\u010dne zvoke najbolj vznemirljivega kitarista vseh \u010dasov. Slovenski Jimi Hendrix \u2013 Julijan Eri\u010d raziskuje glasbo zlatih \u010dasov bluesa in rocknrolla ter obiskovalce koncertov navdu\u0161uje s kitarskimi sola\u017eami v stilu velikega Hendrixa. [&hellip;]<\/p>","protected":false},"author":11,"featured_media":122811,"template":"","meta":{"_seopress_robots_primary_cat":"none","_seopress_titles_title":"","_seopress_titles_desc":"","_seopress_robots_index":""},"product_brand":[],"product_cat":[230],"product_tag":[222],"class_list":{"0":"post-119167","1":"product","2":"type-product","3":"status-publish","4":"has-post-thumbnail","6":"product_cat-arhiv","7":"product_tag-predprodaja","9":"entry","10":"has-media","12":"first","13":"instock","14":"virtual","15":"taxable","16":"product-type-simple","17":"has-product-nav","18":"col","19":"span_1_of_4","20":"owp-content-center","21":"item-entry","22":"owp-thumbs-layout-horizontal","23":"owp-btn-normal","24":"owp-tabs-layout-section"},"publishpress_future_action":{"enabled":false,"date":"2026-04-23 04:32:31","action":"change-status","newStatus":"draft","terms":[],"taxonomy":"product_cat","extraData":[]},"publishpress_future_workflow_manual_trigger":{"enabledWorkflows":[]},"_links":{"self":[{"href":"https:\/\/www.orto-bar.com\/en\/wp-json\/wp\/v2\/product\/119167","targetHints":{"allow":["GET"]}}],"collection":[{"href":"https:\/\/www.orto-bar.com\/en\/wp-json\/wp\/v2\/product"}],"about":[{"href":"https:\/\/www.orto-bar.com\/en\/wp-json\/wp\/v2\/types\/product"}],"author":[{"embeddable":true,"href":"https:\/\/www.orto-bar.com\/en\/wp-json\/wp\/v2\/users\/11"}],"version-history":[{"count":0,"href":"https:\/\/www.orto-bar.com\/en\/wp-json\/wp\/v2\/product\/119167\/revisions"}],"wp:featuredmedia":[{"embeddable":true,"href":"https:\/\/www.orto-bar.com\/en\/wp-json\/wp\/v2\/media\/122811"}],"wp:attachment":[{"href":"https:\/\/www.orto-bar.com\/en\/wp-json\/wp\/v2\/media?parent=119167"}],"wp:term":[{"taxonomy":"product_brand","embeddable":true,"href":"https:\/\/www.orto-bar.com\/en\/wp-json\/wp\/v2\/product_brand?post=119167"},{"taxonomy":"product_cat","embeddable":true,"href":"https:\/\/www.orto-bar.com\/en\/wp-json\/wp\/v2\/product_cat?post=119167"},{"taxonomy":"product_tag","embeddable":true,"href":"https:\/\/www.orto-bar.com\/en\/wp-json\/wp\/v2\/product_tag?post=119167"}],"curies":[{"name":"wp","href":"https:\/\/api.w.org\/{rel}","templated":true}]}}