{"id":120055,"date":"2025-10-09T14:51:59","date_gmt":"2025-10-09T12:51:59","guid":{"rendered":"https:\/\/www.orto-bar.com\/?post_type=product&#038;p=120055"},"modified":"2025-12-13T19:52:41","modified_gmt":"2025-12-13T18:52:41","slug":"get-on-funk-red-hot-chili-peppers-tribute-band","status":"publish","type":"product","link":"https:\/\/www.orto-bar.com\/en\/dogodki\/arhiv\/get-on-funk-red-hot-chili-peppers-tribute-band\/","title":{"rendered":"GET ON FUNK-Red Hot Chili Peppers Tribute Band"},"content":{"rendered":"<p>Red Hot Chili Peppers Tribute-Get On Funk izvrstni italijanski RHCP tribute band , ki \u017ee desetletje in pol nastopa na \u0161tevilnih odrih v Italiji in \u0160vici bo nastopil tudi v Ortu. Ne zamudite!!!<\/p>\n<p>&nbsp;<\/p>\n<p>&nbsp;<\/p>\n<p>Get On Funk stands for an explosion of groove, energy and entertainment.<\/p>\n<p>The band was born in Padua, Italy, in October 2006 from 4 people joined together by an addiction for funk music and an insane stage presence.<\/p>\n<p>They represent the RED HOT CHILI PEPPERS golden age, playing their most famous hits and rare songs as well, from the first album to the latest work &#8220;Return of the dream canteen&#8221;.<\/p>\n<p>&nbsp;<\/p>\n<p><span style=\"font-family: 'Arial',sans-serif;\">Regarding the websites:<\/span><\/p>\n<p><span style=\"font-family: 'Arial',sans-serif;\">Official website\u00a0<a href=\"https:\/\/www.getonfunk.it\/en\/home.html\">https:\/\/www.getonfunk.it\/en\/home.html<\/a><\/span><\/p>\n<p><span style=\"font-family: 'Arial',sans-serif;\">Facebook\u00a0<a href=\"https:\/\/www.facebook.com\/getonfunkredhotchilipepperstribute\/\">https:\/\/www.facebook.com\/getonfunkredhotchilipepperstribute\/<\/a><\/span><\/p>\n<p><span style=\"font-family: 'Arial',sans-serif;\">Instagram\u00a0<a href=\"https:\/\/www.instagram.com\/getonfunk\/\">https:\/\/www.instagram.com\/getonfunk\/<\/a><\/span><\/p>\n<p><span style=\"font-family: 'Arial',sans-serif;\">Youtube\u00a0<a href=\"https:\/\/www.youtube.com\/user\/getonfunk\">https:\/\/www.youtube.com\/user\/getonfunk<\/a><\/span><\/p>\n<p>&nbsp;<\/p>\n<p>&nbsp;<\/p>\n<p>&nbsp;<\/p>\n<p>&nbsp;<\/p>","protected":false},"excerpt":{"rendered":"<p>Red Hot Chili Peppers Tribute-Get On Funk izvrstni italijanski RHCP tribute band , ki \u017ee desetletje in pol nastopa na \u0161tevilnih odrih v Italiji in \u0160vici bo nastopil tudi v Ortu. Ne zamudite!!! &nbsp; &nbsp; Get On Funk stands for an explosion of groove, energy and entertainment. The band was born in Padua, Italy, in [&hellip;]<\/p>","protected":false},"author":11,"featured_media":120057,"template":"","meta":{"_seopress_robots_primary_cat":"none","_seopress_titles_title":"","_seopress_titles_desc":"","_seopress_robots_index":""},"product_brand":[],"product_cat":[230],"product_tag":[222],"class_list":{"0":"post-120055","1":"product","2":"type-product","3":"status-publish","4":"has-post-thumbnail","6":"product_cat-arhiv","7":"product_tag-predprodaja","9":"entry","10":"has-media","12":"first","13":"instock","14":"virtual","15":"taxable","16":"product-type-simple","17":"has-product-nav","18":"col","19":"span_1_of_4","20":"owp-content-center","21":"item-entry","22":"owp-thumbs-layout-horizontal","23":"owp-btn-normal","24":"owp-tabs-layout-section","25":"has-no-thumbnails"},"publishpress_future_action":{"enabled":false,"date":"2026-04-23 04:17:49","action":"change-status","newStatus":"draft","terms":[],"taxonomy":"product_cat","extraData":[]},"publishpress_future_workflow_manual_trigger":{"enabledWorkflows":[]},"_links":{"self":[{"href":"https:\/\/www.orto-bar.com\/en\/wp-json\/wp\/v2\/product\/120055","targetHints":{"allow":["GET"]}}],"collection":[{"href":"https:\/\/www.orto-bar.com\/en\/wp-json\/wp\/v2\/product"}],"about":[{"href":"https:\/\/www.orto-bar.com\/en\/wp-json\/wp\/v2\/types\/product"}],"author":[{"embeddable":true,"href":"https:\/\/www.orto-bar.com\/en\/wp-json\/wp\/v2\/users\/11"}],"version-history":[{"count":0,"href":"https:\/\/www.orto-bar.com\/en\/wp-json\/wp\/v2\/product\/120055\/revisions"}],"wp:featuredmedia":[{"embeddable":true,"href":"https:\/\/www.orto-bar.com\/en\/wp-json\/wp\/v2\/media\/120057"}],"wp:attachment":[{"href":"https:\/\/www.orto-bar.com\/en\/wp-json\/wp\/v2\/media?parent=120055"}],"wp:term":[{"taxonomy":"product_brand","embeddable":true,"href":"https:\/\/www.orto-bar.com\/en\/wp-json\/wp\/v2\/product_brand?post=120055"},{"taxonomy":"product_cat","embeddable":true,"href":"https:\/\/www.orto-bar.com\/en\/wp-json\/wp\/v2\/product_cat?post=120055"},{"taxonomy":"product_tag","embeddable":true,"href":"https:\/\/www.orto-bar.com\/en\/wp-json\/wp\/v2\/product_tag?post=120055"}],"curies":[{"name":"wp","href":"https:\/\/api.w.org\/{rel}","templated":true}]}}