{"id":120097,"date":"2025-10-09T18:17:49","date_gmt":"2025-10-09T16:17:49","guid":{"rendered":"https:\/\/www.orto-bar.com\/?post_type=product&#038;p=120097"},"modified":"2026-04-10T12:33:50","modified_gmt":"2026-04-10T10:33:50","slug":"full-fighters-foo-fighters-tribute-band-2","status":"publish","type":"product","link":"https:\/\/www.orto-bar.com\/en\/dogodki\/koncerti\/full-fighters-foo-fighters-tribute-band-2\/","title":{"rendered":"FULL FIGHTERS &#8211; Foo Fighters Tribute Band"},"content":{"rendered":"<p>The Full Fighters so dinami\u010dna italijanska tribute skupina, posve\u010dena Foo Fighters, eni najbolj ikoni\u010dnih rock skupin zadnjih desetletij. Skupina izstopa po svoji izjemni energiji in zvestobi originalu, reproducira najbolj znane pesmi skupine Dava Grohla in ponuja mo\u010dno in privla\u010dno izku\u0161njo v \u017eivo. The Full Fighters uspejo ujeti duh in mo\u010d rocka Foo Fighters ter poustvariti klasike, kot so \u00bbEverlong\u00ab, \u00bbThe Pretender\u00ab in \u00bbLearn to Fly\u00ab. Vsak nastop je eksploziven poklon, ki gledalce popelje naravnost v srce glasbe Foo Fighters.<\/p>\n<p>Full Fighters na oder prina\u0161ajo del\u010dek zgodovine, eno od poglavij, ki so definirala 90 leta pa vse do danes, zvo\u010dno podlago na\u0161ih \u017eivljenj. Trd, \u010disti rock, agresiven, melodi\u010den in poeti\u010den hkrati.<\/p>\n<p>Kdo smo<\/p>\n<p>Dru\u017eijo nas dosedanji glasbeni projekti in 25 let izku\u0161enj na odrih, tudi pomembnih, pa tudi dolgoletno prijateljstvo. Keis, glas in kitara skupine, je kantavtor in skladatelj, dobitnik \u0161tevilnih nagrad in protagonist nekaterih referen\u010dnih glasbenih festivalov. Z Armandom (bas), Guidom (kitara) in Luco (bobni), ki ga \u017ee vrsto let spremljajo v razli\u010dnih glasbenih poglavjih, je izdal tudi 4 avtorske albume. Projektu se pridru\u017euje karizmati\u010dni in energi\u010dni kitarist Santiago s svojo nesporno grunge du\u0161o.<\/p>\n<p>&nbsp;<\/p>\n<p>&nbsp;<\/p>\n<p>&nbsp;<\/p>\n<p>&nbsp;<\/p>\n<p>&nbsp;<\/p>\n<p>&nbsp;<\/p>\n<p>&nbsp;<\/p>\n<p>&nbsp;<\/p>\n<p>&nbsp;<\/p>\n<p>&nbsp;<\/p>\n<p>&nbsp;<\/p>\n<p>&nbsp;<\/p>","protected":false},"excerpt":{"rendered":"<p>The Full Fighters so dinami\u010dna italijanska tribute skupina, posve\u010dena Foo Fighters, eni najbolj ikoni\u010dnih rock skupin zadnjih desetletij. Skupina izstopa po svoji izjemni energiji in zvestobi originalu, reproducira najbolj znane pesmi skupine Dava Grohla in ponuja mo\u010dno in privla\u010dno izku\u0161njo v \u017eivo. The Full Fighters uspejo ujeti duh in mo\u010d rocka Foo Fighters ter poustvariti [&hellip;]<\/p>","protected":false},"author":11,"featured_media":120098,"template":"","meta":{"_seopress_robots_primary_cat":"none","_seopress_titles_title":"","_seopress_titles_desc":"","_seopress_robots_index":""},"product_brand":[],"product_cat":[226],"product_tag":[222],"class_list":{"0":"post-120097","1":"product","2":"type-product","3":"status-publish","4":"has-post-thumbnail","6":"product_cat-koncerti","7":"product_tag-predprodaja","9":"entry","10":"has-media","12":"first","13":"instock","14":"sale","15":"virtual","16":"taxable","17":"purchasable","18":"product-type-simple","19":"has-product-nav","20":"col","21":"span_1_of_4","22":"owp-content-center","23":"item-entry","24":"owp-thumbs-layout-horizontal","25":"owp-btn-normal","26":"owp-tabs-layout-section","27":"has-no-thumbnails"},"publishpress_future_action":{"enabled":true,"date":"2026-05-17 01:17:00","action":"category","newStatus":"draft","terms":[230],"taxonomy":"product_cat","extraData":[]},"publishpress_future_workflow_manual_trigger":{"enabledWorkflows":[]},"_links":{"self":[{"href":"https:\/\/www.orto-bar.com\/en\/wp-json\/wp\/v2\/product\/120097","targetHints":{"allow":["GET"]}}],"collection":[{"href":"https:\/\/www.orto-bar.com\/en\/wp-json\/wp\/v2\/product"}],"about":[{"href":"https:\/\/www.orto-bar.com\/en\/wp-json\/wp\/v2\/types\/product"}],"author":[{"embeddable":true,"href":"https:\/\/www.orto-bar.com\/en\/wp-json\/wp\/v2\/users\/11"}],"version-history":[{"count":0,"href":"https:\/\/www.orto-bar.com\/en\/wp-json\/wp\/v2\/product\/120097\/revisions"}],"wp:featuredmedia":[{"embeddable":true,"href":"https:\/\/www.orto-bar.com\/en\/wp-json\/wp\/v2\/media\/120098"}],"wp:attachment":[{"href":"https:\/\/www.orto-bar.com\/en\/wp-json\/wp\/v2\/media?parent=120097"}],"wp:term":[{"taxonomy":"product_brand","embeddable":true,"href":"https:\/\/www.orto-bar.com\/en\/wp-json\/wp\/v2\/product_brand?post=120097"},{"taxonomy":"product_cat","embeddable":true,"href":"https:\/\/www.orto-bar.com\/en\/wp-json\/wp\/v2\/product_cat?post=120097"},{"taxonomy":"product_tag","embeddable":true,"href":"https:\/\/www.orto-bar.com\/en\/wp-json\/wp\/v2\/product_tag?post=120097"}],"curies":[{"name":"wp","href":"https:\/\/api.w.org\/{rel}","templated":true}]}}