{"id":120582,"date":"2025-10-13T17:47:22","date_gmt":"2025-10-13T15:47:22","guid":{"rendered":"https:\/\/www.orto-bar.com\/?post_type=product&#038;p=120582"},"modified":"2025-12-27T20:08:26","modified_gmt":"2025-12-27T19:08:26","slug":"unforgiven-4-metallica-tribute-band","status":"publish","type":"product","link":"https:\/\/www.orto-bar.com\/en\/dogodki\/arhiv\/unforgiven-4-metallica-tribute-band\/","title":{"rendered":"UNFORGIVEN 4 \u2013 Metallica tribute band"},"content":{"rendered":"<p>&nbsp;<\/p>\n<p>Unforgiven 4 je Metallica tribute skupina, ki je za\u010dela z delovanjem poleti leta 2018. \u010cetverica si prizadeva \u010dim bolj avtenti\u010dno poustvariti glasbo in energijo legendarne ameri\u0161ke metal skupine Metallica. S svojim nastopom \u017eelijo \u010dim bolj zvesto slediti izvirniku \u2013 tako po videzu, zvoku kot izvedbi \u2013 ter obiskovalcem pri\u010darati vzdu\u0161je pravih koncertov ene najve\u010djih skupin v zgodovini metala.<\/p>\n<p>Skupino sestavljajo dolgoletni glasbeniki, ki se s glasbo profesionalno ali polprofesionalno ukvarjajo \u017ee ve\u010dji del svojega \u017eivljenja. Lik vokalista Metallice, Jamesa Hetfielda, je prevzel Jure Jurca, ki s svojo zna\u010dilno kitaro oblike Explorer in energi\u010dnim nastopom odli\u010dno poustvari karizmo originala. Bobnarske palice dr\u017ei Primo\u017e Jel\u0161evar, energi\u010den in natan\u010den glasbenik, ki na odru prepri\u010dljivo upodobi legendarnega Larsa Ulricha. Vlogo solo kitarista Kirka Hammetta je prevzel Matev\u017e Pav\u010dnik, medtem ko je za mogo\u010den basovski temelj zadol\u017een Borut \u0160emerl.<\/p>\n<p>Unforgiven 4 s svojo jasno vizijo in predanostjo \u017eeli ob\u010dinstvu ponuditi pristno koncertno izku\u0161njo ter glasbeni poklon eni najve\u010djih rock in metal legend vseh \u010dasov.<\/p>\n<p>Ime skupine izhaja iz enega najve\u010djih hitov Metallice \u2013 The Unforgiven. Ker so Metallica skozi leta izdali tri dele te pesmi, njihovo ime Unforgiven 4 duhovito nakazuje na nami\u0161ljeni \u010detrti del, hkrati pa deluje kot besedna igra \u2013 \u201cneopro\u0161\u010deni \u0161tirje\u201d.<\/p>\n<p>Na koncertih skupine Unforgiven 4 lahko ob\u010dinstvo u\u017eiva v najve\u010djih uspe\u0161nicah, kot so Nothing Else Matters, Enter Sandman, Fuel in seveda The Unforgiven. Ne pozabijo pa niti na zgodnje klasike, ki so zaznamovale zlate \u010dase Metallice \u2013 For Whom the Bell Tolls, Master of Puppets, Seek and Destroy in \u0161tevilne druge. Vsak njihov nastop je tako poklon originalu in praznik za vse ljubitelje pravega heavy metala.<\/p>\n<p>&nbsp;<\/p>\n<p>&nbsp;<\/p>\n<p>&nbsp;<\/p>\n<p>&nbsp;<\/p>\n<p>&nbsp;<\/p>\n<p>&nbsp;<\/p>","protected":false},"excerpt":{"rendered":"<p>&nbsp; Unforgiven 4 je Metallica tribute skupina, ki je za\u010dela z delovanjem poleti leta 2018. \u010cetverica si prizadeva \u010dim bolj avtenti\u010dno poustvariti glasbo in energijo legendarne ameri\u0161ke metal skupine Metallica. S svojim nastopom \u017eelijo \u010dim bolj zvesto slediti izvirniku \u2013 tako po videzu, zvoku kot izvedbi \u2013 ter obiskovalcem pri\u010darati vzdu\u0161je pravih koncertov ene najve\u010djih [&hellip;]<\/p>","protected":false},"author":11,"featured_media":120583,"template":"","meta":{"_seopress_robots_primary_cat":"none","_seopress_titles_title":"","_seopress_titles_desc":"","_seopress_robots_index":""},"product_brand":[],"product_cat":[230],"product_tag":[222],"class_list":{"0":"post-120582","1":"product","2":"type-product","3":"status-publish","4":"has-post-thumbnail","6":"product_cat-arhiv","7":"product_tag-predprodaja","9":"entry","10":"has-media","12":"first","13":"instock","14":"virtual","15":"taxable","16":"product-type-simple","17":"has-product-nav","18":"col","19":"span_1_of_4","20":"owp-content-center","21":"item-entry","22":"owp-thumbs-layout-horizontal","23":"owp-btn-normal","24":"owp-tabs-layout-section","25":"has-no-thumbnails"},"publishpress_future_action":{"enabled":false,"date":"2026-04-29 12:20:57","action":"change-status","newStatus":"draft","terms":[],"taxonomy":"product_cat","extraData":[]},"publishpress_future_workflow_manual_trigger":{"enabledWorkflows":[]},"_links":{"self":[{"href":"https:\/\/www.orto-bar.com\/en\/wp-json\/wp\/v2\/product\/120582","targetHints":{"allow":["GET"]}}],"collection":[{"href":"https:\/\/www.orto-bar.com\/en\/wp-json\/wp\/v2\/product"}],"about":[{"href":"https:\/\/www.orto-bar.com\/en\/wp-json\/wp\/v2\/types\/product"}],"author":[{"embeddable":true,"href":"https:\/\/www.orto-bar.com\/en\/wp-json\/wp\/v2\/users\/11"}],"version-history":[{"count":0,"href":"https:\/\/www.orto-bar.com\/en\/wp-json\/wp\/v2\/product\/120582\/revisions"}],"wp:featuredmedia":[{"embeddable":true,"href":"https:\/\/www.orto-bar.com\/en\/wp-json\/wp\/v2\/media\/120583"}],"wp:attachment":[{"href":"https:\/\/www.orto-bar.com\/en\/wp-json\/wp\/v2\/media?parent=120582"}],"wp:term":[{"taxonomy":"product_brand","embeddable":true,"href":"https:\/\/www.orto-bar.com\/en\/wp-json\/wp\/v2\/product_brand?post=120582"},{"taxonomy":"product_cat","embeddable":true,"href":"https:\/\/www.orto-bar.com\/en\/wp-json\/wp\/v2\/product_cat?post=120582"},{"taxonomy":"product_tag","embeddable":true,"href":"https:\/\/www.orto-bar.com\/en\/wp-json\/wp\/v2\/product_tag?post=120582"}],"curies":[{"name":"wp","href":"https:\/\/api.w.org\/{rel}","templated":true}]}}