{"id":120656,"date":"2025-10-14T11:13:01","date_gmt":"2025-10-14T09:13:01","guid":{"rendered":"https:\/\/www.orto-bar.com\/?post_type=product&#038;p=120656"},"modified":"2026-03-13T19:53:04","modified_gmt":"2026-03-13T18:53:04","slug":"alphawhores","status":"publish","type":"product","link":"https:\/\/www.orto-bar.com\/en\/dogodki\/arhiv\/alphawhores\/","title":{"rendered":"AlphaWhores"},"content":{"rendered":"<p><strong><u>ALPHAWHORES &#8211; EURO TOUR MARCH 2026<\/u><\/strong><\/p>\n<p>&nbsp;<\/p>\n<p><strong>For fans of Alice In Chains, Tool, Deftones.\u00a0<\/strong><\/p>\n<p>&nbsp;<\/p>\n<p><strong>AlphaWhores je bratsko-sestrski duo, ki igra stoner\/alternativni metal iz mesta Panama v Panami in je nastal leta 2021. Zvok skupine je resni\u010dno edinstven in ga je te\u017eko opredeliti, \u010deprav se spomnimo nasprotujo\u010dih si in razli\u010dnih besed, kot so masivni, surovi, melodi\u010dni, mote\u010di, privla\u010dni, neizprosni in divji. Brat in sestra (Massiel Pinz\u00f3n in Juan Carlos Garc\u00eda de Paredes) preklapljata med nizkimi toni kitar in basov ter bobni, hkrati pa ustvarjata zanimive vokalne melodije in harmonije. Intenzivna sinergija, ki jo pogosto dose\u017eeta pri skupnem igranju, ustvarja ob\u010dutek, da sta dve zvo\u010dni entiteti, ki se zdru\u017eita v eno samo in mo\u010dno glasbeno silo. Debitantski album skupine AlphaWhores (preprosto naslovljen AlphaWhores I) je pravkar iz\u0161el iz pe\u010dice in pripravljen, da ga bo svet preizkusil.<\/strong><\/p>\n<p>&nbsp;<\/p>\n<p>&nbsp;<\/p>\n<p><strong><u>ALPHAWHORES &#8211; EURO TOUR MARCH 2026<\/u><\/strong><\/p>\n<p>&nbsp;<\/p>\n<p><strong>For fans of Alice In Chains, Tool, Deftones.\u00a0<\/strong><\/p>\n<p>&nbsp;<\/p>\n<p><strong>AlphaWhores is an alternative rock \/ metal duo from Panama, Central America, formed by Massiel Pinz\u00f3n and Juan Carlos Garc\u00eda de Paredes.<\/strong><\/p>\n<p>&nbsp;<\/p>\n<p><strong>In March 2026 AlphaWhores return for their second tour in Europe to celebrate the release of their critically acclaimed second album, \u2018You Can Come Out Now\u2019, which includes the singles \u201cBloodsport\u201d, Beautiful Music, Awful Person\u201d and \u201cPirate Mode\u201d. The new album is available to listen to or buy on vinyl now and exclusive new merchandise will be available at the tour dates.\u00a0<\/strong><\/p>\n<p>&nbsp;<\/p>\n<p><strong>Says AlphaWhores about the new album:<\/strong><\/p>\n<p><strong><em>\u201cYou Can Come Out Now\u201d is a bold, emotionally charged journey through the fragile terrains of identity, mental health, betrayal, rage, and resilience. Each track reveals a different facet of human vulnerability, from quiet inner chaos to explosive catharsis. The album refuses to shy away from discomfort\u2014it embraces it, shaping raw experience into sound. It\u2019s a reckoning and a release, a sonic shedding of old skin to make space for something more honest, more awake. This isn\u2019t music for the faint-hearted. It\u2019s music for those who\u2019ve been to the edge and came back louder.\u201d<\/em><\/strong><\/p>\n<p>&nbsp;<\/p>\n<p><strong>Massiel and Juan Carlos started working together over twenty years ago when they were both members of the Panama based alternative rock band Mab\u00ed and they\u2019ve collaborated on various musical projects since then.\u00a0<\/strong><\/p>\n<p><strong>\u00a0<\/strong><\/p>\n<p><strong>In 2021, following the end of longstanding personal relationships for them both, Massiel and Juan Carlos found themselves in the studio together jamming and making new music, as a way to help them process the changes happening in their lives. The studio sessions were so successful that they decided to make it into a new music project and AlphaWhores was born.\u00a0<\/strong><\/p>\n<p><strong>\u00a0<\/strong><\/p>\n<p><strong>On the band\u2019s name, Massiel and Juan Carlos say:<\/strong><\/p>\n<p><strong>\u201cOur name is a play on words from the Spanish word alfajores, which are pastries very common in South America. It&#8217;s just a joke for whoever gets it, and some people have lol. Not trying to be edgy or off-putting, rather just silly.\u201d<\/strong><\/p>\n<p><strong>\u00a0<\/strong><\/p>\n<p><strong>AlphaWhores released their debut about, I (\u2018one\u2019), in January 2024 preceded by the singles \u2018Same Team\u2019, \u2018Raw Nerve\u2019, and \u2018GTO.\u2019 As well as international touring, AlphaWhores are currently working on their third album.\u00a0<\/strong><\/p>\n<p>&nbsp;<\/p>\n<p>&nbsp;<\/p>\n<p>&nbsp;<\/p>\n<p><b>Social Media links:\u00a0<\/b><\/p>\n<p>&nbsp;<\/p>\n<p><span style=\"font-weight: 400;\">IG: <\/span><a href=\"http:\/\/www.instagram.com\/alpha.whores\"><span style=\"font-weight: 400;\">www.Instagram.com\/alpha.whores<\/span><\/a><\/p>\n<p><span style=\"font-weight: 400;\">Spotify: <\/span><a href=\"https:\/\/open.spotify.com\/artist\/2lrBkJvLpco6iJ2QWNhJvM?si=26Apxm0TQJy4tbVIWu6IPg\"><span style=\"font-weight: 400;\">https:\/\/open.spotify.com\/artist\/2lrBkJvLpco6iJ2QWNhJvM?si=26Apxm0TQJy4tbVIWu6IPg<\/span><\/a><\/p>\n<p>&nbsp;<\/p>\n<p><b>Videos:<\/b><\/p>\n<p>&nbsp;<\/p>\n<p><span style=\"font-weight: 400;\">Same Team: <\/span><a href=\"https:\/\/youtu.be\/HhajTbdr24c?si=IwwvaGjTn1kv17RN\"><span style=\"font-weight: 400;\">https:\/\/youtu.be\/HhajTbdr24c?si=IwwvaGjTn1kv17RN<\/span><\/a><\/p>\n<p>&nbsp;<\/p>\n<p><span style=\"font-weight: 400;\">Raw Nerve: <\/span><a href=\"https:\/\/www.youtube.com\/watch?v=EgVGtJBl9mI\"><span style=\"font-weight: 400;\">https:\/\/www.youtube.com\/watch?v=EgVGtJBl9mI<\/span><\/a><\/p>\n<p>&nbsp;<\/p>\n<p><span style=\"font-weight: 400;\">Live From The Portal (Live Session): <\/span><a href=\"https:\/\/youtu.be\/sMIn94SyLVM?si=FdLW30vK5mV4uGOn\"><span style=\"font-weight: 400;\">https:\/\/youtu.be\/sMIn94SyLVM?si=FdLW30vK5mV4uGOn<\/span><\/a><\/p>\n<p>&nbsp;<\/p>\n<p><span style=\"font-weight: 400;\">Press:<\/span><\/p>\n<p>&nbsp;<\/p>\n<p><a href=\"https:\/\/prensarock.com\/nace-alphawhores-un-power-duo-que-vas-a-querer-escuchar\/\"><span style=\"font-weight: 400;\">https:\/\/prensarock.com\/nace-alphawhores-un-power-duo-que-vas-a-querer-escuchar\/<\/span><\/a><\/p>\n<p>&nbsp;<\/p>\n<p><a href=\"https:\/\/www.radiorock.com.br\/2023\/08\/04\/alphawhores-duo-formado-por-irmaos-lanca-videoclipe-de-team\/\"><span style=\"font-weight: 400;\">https:\/\/www.radiorock.com.br\/2023\/08\/04\/alphawhores-duo-formado-por-irmaos-lanca-videoclipe-de-team\/<\/span><\/a><\/p>\n<p>&nbsp;<\/p>\n<p><a href=\"https:\/\/whiplash.net\/materias\/news_704\/354248-alphawhores.html\"><span style=\"font-weight: 400;\">https:\/\/whiplash.net\/materias\/news_704\/354248-alphawhores.html<\/span><\/a><\/p>\n<p>&nbsp;<\/p>\n<p><a href=\"https:\/\/roadiecrew.com\/alphawhores-duo-formado-por-irmaos-lanca-videoclipe-de-same-team\/\"><span style=\"font-weight: 400;\">https:\/\/roadiecrew.com\/alphawhores-duo-formado-por-irmaos-lanca-videoclipe-de-same-team\/<\/span><\/a><\/p>\n<p>&nbsp;<\/p>\n<p><a href=\"https:\/\/asbrazil.com\/alphawhores-duo-formado-por-irmaos-lanca-videoclipe-de-same-team\/\"><span style=\"font-weight: 400;\">https:\/\/asbrazil.com\/alphawhores-duo-formado-por-irmaos-lanca-videoclipe-de-same-team\/<\/span><\/a><\/p>\n<p>&nbsp;<\/p>\n<p><a href=\"https:\/\/www.portaldoinferno.com.br\/noticias\/alphawhores-duo-formado-por-irmaos-lanca-videoclipe-de-same-team.html\"><span style=\"font-weight: 400;\">https:\/\/www.portaldoinferno.com.br\/noticias\/alphawhores-duo-formado-por-irmaos-lanca-videoclipe-de-same-team.html<\/span><\/a><\/p>","protected":false},"excerpt":{"rendered":"<p>ALPHAWHORES &#8211; EURO TOUR MARCH 2026 &nbsp; For fans of Alice In Chains, Tool, Deftones.\u00a0 &nbsp; AlphaWhores je bratsko-sestrski duo, ki igra stoner\/alternativni metal iz mesta Panama v Panami in je nastal leta 2021. Zvok skupine je resni\u010dno edinstven in ga je te\u017eko opredeliti, \u010deprav se spomnimo nasprotujo\u010dih si in razli\u010dnih besed, kot so masivni, [&hellip;]<\/p>","protected":false},"author":11,"featured_media":121589,"template":"","meta":{"_seopress_robots_primary_cat":"none","_seopress_titles_title":"","_seopress_titles_desc":"","_seopress_robots_index":""},"product_brand":[],"product_cat":[230],"product_tag":[222],"class_list":{"0":"post-120656","1":"product","2":"type-product","3":"status-publish","4":"has-post-thumbnail","6":"product_cat-arhiv","7":"product_tag-predprodaja","9":"entry","10":"has-media","12":"first","13":"instock","14":"virtual","15":"taxable","16":"product-type-simple","17":"has-product-nav","18":"col","19":"span_1_of_4","20":"owp-content-center","21":"item-entry","22":"owp-thumbs-layout-horizontal","23":"owp-btn-normal","24":"owp-tabs-layout-section","25":"has-no-thumbnails"},"publishpress_future_action":{"enabled":false,"date":"2026-05-10 13:41:45","action":"change-status","newStatus":"draft","terms":[],"taxonomy":"product_cat","extraData":[]},"publishpress_future_workflow_manual_trigger":{"enabledWorkflows":[]},"_links":{"self":[{"href":"https:\/\/www.orto-bar.com\/en\/wp-json\/wp\/v2\/product\/120656","targetHints":{"allow":["GET"]}}],"collection":[{"href":"https:\/\/www.orto-bar.com\/en\/wp-json\/wp\/v2\/product"}],"about":[{"href":"https:\/\/www.orto-bar.com\/en\/wp-json\/wp\/v2\/types\/product"}],"author":[{"embeddable":true,"href":"https:\/\/www.orto-bar.com\/en\/wp-json\/wp\/v2\/users\/11"}],"version-history":[{"count":2,"href":"https:\/\/www.orto-bar.com\/en\/wp-json\/wp\/v2\/product\/120656\/revisions"}],"predecessor-version":[{"id":142721,"href":"https:\/\/www.orto-bar.com\/en\/wp-json\/wp\/v2\/product\/120656\/revisions\/142721"}],"wp:featuredmedia":[{"embeddable":true,"href":"https:\/\/www.orto-bar.com\/en\/wp-json\/wp\/v2\/media\/121589"}],"wp:attachment":[{"href":"https:\/\/www.orto-bar.com\/en\/wp-json\/wp\/v2\/media?parent=120656"}],"wp:term":[{"taxonomy":"product_brand","embeddable":true,"href":"https:\/\/www.orto-bar.com\/en\/wp-json\/wp\/v2\/product_brand?post=120656"},{"taxonomy":"product_cat","embeddable":true,"href":"https:\/\/www.orto-bar.com\/en\/wp-json\/wp\/v2\/product_cat?post=120656"},{"taxonomy":"product_tag","embeddable":true,"href":"https:\/\/www.orto-bar.com\/en\/wp-json\/wp\/v2\/product_tag?post=120656"}],"curies":[{"name":"wp","href":"https:\/\/api.w.org\/{rel}","templated":true}]}}