{"id":120804,"date":"2025-10-15T17:40:01","date_gmt":"2025-10-15T15:40:01","guid":{"rendered":"https:\/\/www.orto-bar.com\/?post_type=product&#038;p=120804"},"modified":"2025-11-15T16:20:13","modified_gmt":"2025-11-15T15:20:13","slug":"dropped-d-alice-in-chains-tribute-band-2","status":"publish","type":"product","link":"https:\/\/www.orto-bar.com\/en\/dogodki\/arhiv\/dropped-d-alice-in-chains-tribute-band-2\/","title":{"rendered":"DROPPED-D-Alice in Chains Tribute Band"},"content":{"rendered":"<p>&nbsp;<\/p>\n<p>Leto se bli\u017ea h koncu in ob tak\u0161nem \u010dasu \u017ee vrsto let Stardog Champion Tribute Party skrbi za grungerske sladokusce in zasedba Dropped-D bo zopet poskrbela za zdravo dozo adrenalina z izjemnimi Alice in Chains skladbami. Dropped-D je prva zasedba koncepta Stardog Champion Tribute Party, ki \u017ee ve\u010d kot dvajset let suvereno nastopa. No\u010de biti to kar danes narekuje tribute scena. Skupaj s publiko \u017eeli u\u017eivati v ekstazi in do\u017eivetju \u017eivega nastopa te mogo\u010dne zvo\u010dne vrhunskosti. To se predvsem ka\u017ee v publiki danes, kjer niso le nostalgiki, ampak tudi najstniki. Mi zagotavljamo, da bo na glas, vi pa pridite v \u010dim ve\u010djem \u0161tevilu.<\/p>\n<p>&nbsp;<\/p>\n<ul>\n<li>Simon Vadnjal \u2013 vokal<\/li>\n<li>Primo\u017e Kranjc \u2013 kitara, vokal<\/li>\n<li>Vitja Yagas \u2013 bas kitara<\/li>\n<li>David Rebolj \u2013 bobni<\/li>\n<\/ul>\n<p>&nbsp;<\/p>","protected":false},"excerpt":{"rendered":"<p>&nbsp; Leto se bli\u017ea h koncu in ob tak\u0161nem \u010dasu \u017ee vrsto let Stardog Champion Tribute Party skrbi za grungerske sladokusce in zasedba Dropped-D bo zopet poskrbela za zdravo dozo adrenalina z izjemnimi Alice in Chains skladbami. Dropped-D je prva zasedba koncepta Stardog Champion Tribute Party, ki \u017ee ve\u010d kot dvajset let suvereno nastopa. No\u010de [&hellip;]<\/p>","protected":false},"author":11,"featured_media":120811,"template":"","meta":{"_seopress_robots_primary_cat":"none","_seopress_titles_title":"","_seopress_titles_desc":"","_seopress_robots_index":""},"product_brand":[],"product_cat":[230],"product_tag":[222],"class_list":{"0":"post-120804","1":"product","2":"type-product","3":"status-publish","4":"has-post-thumbnail","6":"product_cat-arhiv","7":"product_tag-predprodaja","9":"entry","10":"has-media","12":"first","13":"instock","14":"virtual","15":"taxable","16":"product-type-simple","17":"has-product-nav","18":"col","19":"span_1_of_4","20":"owp-content-center","21":"item-entry","22":"owp-thumbs-layout-horizontal","23":"owp-btn-normal","24":"owp-tabs-layout-section","25":"has-no-thumbnails"},"publishpress_future_action":{"enabled":false,"date":"2026-04-27 21:11:47","action":"change-status","newStatus":"draft","terms":[],"taxonomy":"product_cat","extraData":[]},"publishpress_future_workflow_manual_trigger":{"enabledWorkflows":[]},"_links":{"self":[{"href":"https:\/\/www.orto-bar.com\/en\/wp-json\/wp\/v2\/product\/120804","targetHints":{"allow":["GET"]}}],"collection":[{"href":"https:\/\/www.orto-bar.com\/en\/wp-json\/wp\/v2\/product"}],"about":[{"href":"https:\/\/www.orto-bar.com\/en\/wp-json\/wp\/v2\/types\/product"}],"author":[{"embeddable":true,"href":"https:\/\/www.orto-bar.com\/en\/wp-json\/wp\/v2\/users\/11"}],"version-history":[{"count":0,"href":"https:\/\/www.orto-bar.com\/en\/wp-json\/wp\/v2\/product\/120804\/revisions"}],"wp:featuredmedia":[{"embeddable":true,"href":"https:\/\/www.orto-bar.com\/en\/wp-json\/wp\/v2\/media\/120811"}],"wp:attachment":[{"href":"https:\/\/www.orto-bar.com\/en\/wp-json\/wp\/v2\/media?parent=120804"}],"wp:term":[{"taxonomy":"product_brand","embeddable":true,"href":"https:\/\/www.orto-bar.com\/en\/wp-json\/wp\/v2\/product_brand?post=120804"},{"taxonomy":"product_cat","embeddable":true,"href":"https:\/\/www.orto-bar.com\/en\/wp-json\/wp\/v2\/product_cat?post=120804"},{"taxonomy":"product_tag","embeddable":true,"href":"https:\/\/www.orto-bar.com\/en\/wp-json\/wp\/v2\/product_tag?post=120804"}],"curies":[{"name":"wp","href":"https:\/\/api.w.org\/{rel}","templated":true}]}}