{"id":123975,"date":"2025-11-06T12:52:21","date_gmt":"2025-11-06T11:52:21","guid":{"rendered":"https:\/\/www.orto-bar.com\/?post_type=product&#038;p=123975"},"modified":"2026-05-04T04:27:30","modified_gmt":"2026-05-04T02:27:30","slug":"cowboyz-predstavitev-albuma-we-are-here-as-one","status":"publish","type":"product","link":"https:\/\/www.orto-bar.com\/en\/dogodki\/arhiv\/cowboyz-predstavitev-albuma-we-are-here-as-one\/","title":{"rendered":"CowboyZ-predstavitev albuma WE ARE HERE AS ONE"},"content":{"rendered":"<p>&nbsp;<\/p>\n<p><span style=\"font-weight: 400;\">CowboyZ (prej Cowboys From Hell) je pet\u010dlanska zasedba z Obale, ki deluje od konca leta 2014. S prva so za\u010deli kot metal cover band, ki pa je prerastel v avtorsko zverino. Zgledujejo se po legendarnih velikanih, kot so Pantera, Metallica, Machine Head, Alice In Chains, Sepultura itd in novodobnih izvajalcih kot so Korn, Architects, Gojira, itd.<\/span><\/p>\n<p><span style=\"font-weight: 400;\">Igrali so \u017ee po vseh ve\u010djih in malih klubih po celotni Sloveniji in na Hrva\u0161kem, Avstriji in Nem\u010diji. Odlikuje jih neizprosna ostrina zvoka, energija, uigranost in povezanost.<\/span><\/p>\n<p><span style=\"font-weight: 400;\">Leta 2022 so izdali svojo prvo avtorsko pesem z naslovom Leave Me Alone<\/span><span style=\"font-weight: 400;\">. Nekaj leta kasneje 13.9.2025 pa svoj prvi studijski album z naslovom We Are Here As One, ki vsebuje 8 skladb in je izdan v samozalo\u017ebi.<\/span><\/p>\n<p><span style=\"font-weight: 400;\">Zakaj tak naslov albuma? Ker nastopajo enotni kot eno.<\/span><span style=\"font-weight: 400;\"><br \/>\n<\/span><span style=\"font-weight: 400;\">Bend sestavljajo prekaljeni glasbeniki iz biv\u0161ih in sedanjih skupin, kot so Revolver, AlmostRage, MIT, Su-Shine, Lady&#8217;s First, Angelcorpse&#8230;\u00a0in to so:\u00a0<\/span><\/p>\n<p><span style=\"font-weight: 400;\">Igor Zonta \u2013 vokal,\u00a0<\/span><\/p>\n<p><span style=\"font-weight: 400;\">Miha \u201cBuco\u201d Oman \u2013 kitara,\u00a0<\/span><\/p>\n<p><span style=\"font-weight: 400;\">Vasilij Su\u0161anj \u2013 kitara,\u00a0<\/span><\/p>\n<p><span style=\"font-weight: 400;\">Ejaq Udovi\u010d \u2013 bas,\u00a0<\/span><\/p>\n<p><span style=\"font-weight: 400;\">Andrea Janko \u2013 bobni.<\/span><span style=\"font-weight: 400;\"><br \/>\n<\/span><span style=\"font-weight: 400;\"><br \/>\n<\/span><span style=\"font-weight: 400;\">Njihov moto je NOGE NA V PA \u010cEU U TVA! Pridite na koncert in poglejte, kaj to pomeni.<\/span><\/p>\n<p>&nbsp;<\/p>\n<p><b>Facebook<\/b><span style=\"font-weight: 400;\">:\u00a0 \u200b <\/span><a href=\"https:\/\/www.facebook.com\/cfhslo\/\"><span style=\"font-weight: 400;\">https:\/\/www.facebook.com\/cfhslo\/<\/span><\/a><\/p>\n<p><b>Bandcamp<\/b><span style=\"font-weight: 400;\">: <\/span><a href=\"https:\/\/cowboyz.bandcamp.com\/\"><span style=\"font-weight: 400;\">https:\/\/cowboyz.bandcamp.com\/<\/span><\/a><\/p>\n<p><b>Mail:<\/b><a href=\"mailto:cfhslo5@gmail.com\"><span style=\"font-weight: 400;\"> cfhslo5@gmail.com<\/span><\/a><\/p>\n<p><b>Youtube kanal:<\/b><a href=\"http:\/\/youtube.com\/@cfhslo\"> <span style=\"font-weight: 400;\">youtube.com\/@cfhslo<\/span><\/a><\/p>\n<p><b>Instagram<\/b><span style=\"font-weight: 400;\">: <a href=\"https:\/\/www.instagram.com\/cfhslo\/\">https:\/\/www.instagram.com\/cfhslo\/<\/a><\/span><\/p>\n<p>&nbsp;<\/p>\n<p>&nbsp;<\/p>\n<p>&nbsp;<\/p>","protected":false},"excerpt":{"rendered":"<p>&nbsp; CowboyZ (prej Cowboys From Hell) je pet\u010dlanska zasedba z Obale, ki deluje od konca leta 2014. S prva so za\u010deli kot metal cover band, ki pa je prerastel v avtorsko zverino. Zgledujejo se po legendarnih velikanih, kot so Pantera, Metallica, Machine Head, Alice In Chains, Sepultura itd in novodobnih izvajalcih kot so Korn, Architects, [&hellip;]<\/p>","protected":false},"author":11,"featured_media":123976,"template":"","meta":{"_seopress_robots_primary_cat":"none","_seopress_titles_title":"","_seopress_titles_desc":"","_seopress_robots_index":""},"product_brand":[],"product_cat":[230],"product_tag":[222],"class_list":{"0":"post-123975","1":"product","2":"type-product","3":"status-publish","4":"has-post-thumbnail","6":"product_cat-arhiv","7":"product_tag-predprodaja","9":"entry","10":"has-media","12":"first","13":"instock","14":"virtual","15":"taxable","16":"product-type-simple","17":"has-product-nav","18":"col","19":"span_1_of_4","20":"owp-content-center","21":"item-entry","22":"owp-thumbs-layout-horizontal","23":"owp-btn-normal","24":"owp-tabs-layout-section","25":"has-no-thumbnails"},"publishpress_future_action":{"enabled":false,"date":"2026-05-11 13:27:26","action":"change-status","newStatus":"draft","terms":[],"taxonomy":"product_cat","extraData":[]},"publishpress_future_workflow_manual_trigger":{"enabledWorkflows":[]},"_links":{"self":[{"href":"https:\/\/www.orto-bar.com\/en\/wp-json\/wp\/v2\/product\/123975","targetHints":{"allow":["GET"]}}],"collection":[{"href":"https:\/\/www.orto-bar.com\/en\/wp-json\/wp\/v2\/product"}],"about":[{"href":"https:\/\/www.orto-bar.com\/en\/wp-json\/wp\/v2\/types\/product"}],"author":[{"embeddable":true,"href":"https:\/\/www.orto-bar.com\/en\/wp-json\/wp\/v2\/users\/11"}],"version-history":[{"count":1,"href":"https:\/\/www.orto-bar.com\/en\/wp-json\/wp\/v2\/product\/123975\/revisions"}],"predecessor-version":[{"id":138195,"href":"https:\/\/www.orto-bar.com\/en\/wp-json\/wp\/v2\/product\/123975\/revisions\/138195"}],"wp:featuredmedia":[{"embeddable":true,"href":"https:\/\/www.orto-bar.com\/en\/wp-json\/wp\/v2\/media\/123976"}],"wp:attachment":[{"href":"https:\/\/www.orto-bar.com\/en\/wp-json\/wp\/v2\/media?parent=123975"}],"wp:term":[{"taxonomy":"product_brand","embeddable":true,"href":"https:\/\/www.orto-bar.com\/en\/wp-json\/wp\/v2\/product_brand?post=123975"},{"taxonomy":"product_cat","embeddable":true,"href":"https:\/\/www.orto-bar.com\/en\/wp-json\/wp\/v2\/product_cat?post=123975"},{"taxonomy":"product_tag","embeddable":true,"href":"https:\/\/www.orto-bar.com\/en\/wp-json\/wp\/v2\/product_tag?post=123975"}],"curies":[{"name":"wp","href":"https:\/\/api.w.org\/{rel}","templated":true}]}}