{"id":124425,"date":"2025-11-09T22:27:52","date_gmt":"2025-11-09T21:27:52","guid":{"rendered":"https:\/\/www.orto-bar.com\/?post_type=product&#038;p=124425"},"modified":"2025-12-04T08:45:46","modified_gmt":"2025-12-04T07:45:46","slug":"interferenzza-2","status":"publish","type":"product","link":"https:\/\/www.orto-bar.com\/en\/dogodki\/arhiv\/interferenzza-2\/","title":{"rendered":"Interferenzza"},"content":{"rendered":"<p>Interferenzza bo 3. obletnico delovanja elektri\u010dne zasedbe obele\u017eila z izdajo novega singla Vse je relativno, ki kot tretji nadaljuje zbirko S sti\u010di\u0161\u010da znanosti in umetnosti. Ve\u010d o tem, kaj (vse) je zares relativno in kaj morda kljub vsemu ni, pa razodenejo v \u017eivo, na \u017ee znanih \u010dasovnoprostorskih koordinatah:<\/p>\n<p>Prostor: ORTO BAR<br \/>\n\u010cas: 4. december, 2025 ob 19. uri<br \/>\n\u2014 Velja za mirujo\u010dega opazovalca.<\/p>\n<p>Kdo ali kaj je Interferenzza?<br \/>\nInterferenzza je elektri\u010dni \u201cpodalj\u0161ek\u201d akusti\u010dnega dueta, ki sta ga v \u017eeleznih \u010dasih, po prvem koronskem valu osnovala Ivana Honsi\u0107 (vokal) in Kristjan Vuk Bali\u017e (kitara). V \u201cpodalj\u0161ek\u201d se vklju\u010dujejo Ne\u017ea Pavlovi\u010d (bas), Janez Spruk (bobni), Leon \u017dunec (klaviature, sax). Poleg razvajanja z izbranimi funk in soul poslasticami, komaj \u010dakajo, da se predstavijo z novimi avtorskimi stvaritvami. Navdih za ime zasedbe je istoimenski fizikalni pojav \u2013 interferenca, za kogar pa ime \u0161e ni dovolj zapleteno, Kristjan v pol\u0161ali dodaja \u0161e ena\u010dbo. Iz narave interferenco verjetno poznate tisti, ki ste kdaj v vodo vrgli dva kamna in opazovali nenavaden vzorec valovanja na gladini. Kako pa izgleda in zveni Interferenzza (tista z dvema \u201cZZ\u201d), pa lahko izkusite \u017ee na naslednjem koncertu, 4. decembra na kultnem odru Orto-bara.<\/p>\n<p>Portal v svet Interferenzze:<br \/>\n<a href=\"https:\/\/www.youtube.com\/@interferenzza\">https:\/\/www.youtube.com\/@interferenzza<\/a><br \/>\n<a href=\"https:\/\/open.spotify.com\/artist\/0sBChPaoe8rWNZgzpP5cXw\">https:\/\/open.spotify.com\/artist\/0sBChPaoe8rWNZgzpP5cXw<\/a><br \/>\n<a href=\"http:\/\/facebook.com\/interferenzza\">facebook.com\/interferenzza<\/a><br \/>\n<a href=\"http:\/\/instagram.com\/interferenzza\">instagram.com\/interferenzza<\/a><br \/>\n<a href=\"https:\/\/interferenzza.com\/\">https:\/\/interferenzza.com\/<\/a><\/p>\n<p>&nbsp;<\/p>","protected":false},"excerpt":{"rendered":"<p>Interferenzza bo 3. obletnico delovanja elektri\u010dne zasedbe obele\u017eila z izdajo novega singla Vse je relativno, ki kot tretji nadaljuje zbirko S sti\u010di\u0161\u010da znanosti in umetnosti. Ve\u010d o tem, kaj (vse) je zares relativno in kaj morda kljub vsemu ni, pa razodenejo v \u017eivo, na \u017ee znanih \u010dasovnoprostorskih koordinatah: Prostor: ORTO BAR \u010cas: 4. december, 2025 [&hellip;]<\/p>","protected":false},"author":11,"featured_media":124426,"template":"","meta":{"_seopress_robots_primary_cat":"none","_seopress_titles_title":"","_seopress_titles_desc":"","_seopress_robots_index":""},"product_brand":[],"product_cat":[230],"product_tag":[222],"class_list":{"0":"post-124425","1":"product","2":"type-product","3":"status-publish","4":"has-post-thumbnail","6":"product_cat-arhiv","7":"product_tag-predprodaja","9":"entry","10":"has-media","12":"first","13":"instock","14":"virtual","15":"taxable","16":"product-type-simple","17":"has-product-nav","18":"col","19":"span_1_of_4","20":"owp-content-center","21":"item-entry","22":"owp-thumbs-layout-horizontal","23":"owp-btn-normal","24":"owp-tabs-layout-section","25":"has-no-thumbnails"},"publishpress_future_action":{"enabled":false,"date":"2026-05-11 07:28:04","action":"change-status","newStatus":"draft","terms":[],"taxonomy":"product_cat","extraData":[]},"publishpress_future_workflow_manual_trigger":{"enabledWorkflows":[]},"_links":{"self":[{"href":"https:\/\/www.orto-bar.com\/en\/wp-json\/wp\/v2\/product\/124425","targetHints":{"allow":["GET"]}}],"collection":[{"href":"https:\/\/www.orto-bar.com\/en\/wp-json\/wp\/v2\/product"}],"about":[{"href":"https:\/\/www.orto-bar.com\/en\/wp-json\/wp\/v2\/types\/product"}],"author":[{"embeddable":true,"href":"https:\/\/www.orto-bar.com\/en\/wp-json\/wp\/v2\/users\/11"}],"version-history":[{"count":0,"href":"https:\/\/www.orto-bar.com\/en\/wp-json\/wp\/v2\/product\/124425\/revisions"}],"wp:featuredmedia":[{"embeddable":true,"href":"https:\/\/www.orto-bar.com\/en\/wp-json\/wp\/v2\/media\/124426"}],"wp:attachment":[{"href":"https:\/\/www.orto-bar.com\/en\/wp-json\/wp\/v2\/media?parent=124425"}],"wp:term":[{"taxonomy":"product_brand","embeddable":true,"href":"https:\/\/www.orto-bar.com\/en\/wp-json\/wp\/v2\/product_brand?post=124425"},{"taxonomy":"product_cat","embeddable":true,"href":"https:\/\/www.orto-bar.com\/en\/wp-json\/wp\/v2\/product_cat?post=124425"},{"taxonomy":"product_tag","embeddable":true,"href":"https:\/\/www.orto-bar.com\/en\/wp-json\/wp\/v2\/product_tag?post=124425"}],"curies":[{"name":"wp","href":"https:\/\/api.w.org\/{rel}","templated":true}]}}