{"id":124546,"date":"2025-11-10T19:46:29","date_gmt":"2025-11-10T18:46:29","guid":{"rendered":"https:\/\/www.orto-bar.com\/?post_type=product&#038;p=124546"},"modified":"2026-01-24T14:12:22","modified_gmt":"2026-01-24T13:12:22","slug":"charles-monroe-marylin-manson-tribute-show","status":"publish","type":"product","link":"https:\/\/www.orto-bar.com\/en\/dogodki\/arhiv\/charles-monroe-marylin-manson-tribute-show\/","title":{"rendered":"CHARLES MONROE- Marylin Manson  Tribute Show"},"content":{"rendered":"<p>&nbsp;<\/p>\n<p><strong>Charles Monroe<\/strong><br \/>\n<strong>Charles Monroe BK je italijanska tribute skupina Marylina Mansona, ustanovljena leta 2015.<\/strong><br \/>\n<strong>Zadnjih 10 let nastopajo v \u017eivo po vsej Italiji in \u0160vici . Predstava zajema razli\u010dne\u00a0 koreografije, plesalce in \u0161tevilne odrske kostume.Cilj skupine\u00a0je poustvariti avtenti\u010dne in agresivne nastope Marylina Mansona s seznamom ve\u010d kot 30 pesmi, vklju\u010dno z njegovimi novej\u0161imi deli.<\/strong><br \/>\n<strong>\u010clani skupine:<\/strong><br \/>\n<strong>Mauro \u2013 glavni vokal<\/strong><br \/>\n<strong>Alessandro \u2013 ritem kitara<\/strong><br \/>\n<strong>Nicolas \u2013 glavna kitara<\/strong><br \/>\n<strong>Chiara \u2013 bas<\/strong><br \/>\n<strong>Laura \u2013 bobni<\/strong><br \/>\n<strong>Plesalci: Isa, Jhoss, Luna, Scilla, Francesca<\/strong><\/p>","protected":false},"excerpt":{"rendered":"<p>&nbsp; Charles Monroe Charles Monroe BK je italijanska tribute skupina Marylina Mansona, ustanovljena leta 2015. Zadnjih 10 let nastopajo v \u017eivo po vsej Italiji in \u0160vici . Predstava zajema razli\u010dne\u00a0 koreografije, plesalce in \u0161tevilne odrske kostume.Cilj skupine\u00a0je poustvariti avtenti\u010dne in agresivne nastope Marylina Mansona s seznamom ve\u010d kot 30 pesmi, vklju\u010dno z njegovimi novej\u0161imi deli. [&hellip;]<\/p>","protected":false},"author":11,"featured_media":124547,"template":"","meta":{"_seopress_robots_primary_cat":"none","_seopress_titles_title":"","_seopress_titles_desc":"","_seopress_robots_index":""},"product_brand":[],"product_cat":[230],"product_tag":[222],"class_list":{"0":"post-124546","1":"product","2":"type-product","3":"status-publish","4":"has-post-thumbnail","6":"product_cat-arhiv","7":"product_tag-predprodaja","9":"entry","10":"has-media","12":"first","13":"instock","14":"virtual","15":"taxable","16":"product-type-simple","17":"has-product-nav","18":"col","19":"span_1_of_4","20":"owp-content-center","21":"item-entry","22":"owp-thumbs-layout-horizontal","23":"owp-btn-normal","24":"owp-tabs-layout-section","25":"has-no-thumbnails"},"publishpress_future_action":{"enabled":false,"date":"2026-05-11 11:06:01","action":"change-status","newStatus":"draft","terms":[],"taxonomy":"product_cat","extraData":[]},"publishpress_future_workflow_manual_trigger":{"enabledWorkflows":[]},"_links":{"self":[{"href":"https:\/\/www.orto-bar.com\/en\/wp-json\/wp\/v2\/product\/124546","targetHints":{"allow":["GET"]}}],"collection":[{"href":"https:\/\/www.orto-bar.com\/en\/wp-json\/wp\/v2\/product"}],"about":[{"href":"https:\/\/www.orto-bar.com\/en\/wp-json\/wp\/v2\/types\/product"}],"author":[{"embeddable":true,"href":"https:\/\/www.orto-bar.com\/en\/wp-json\/wp\/v2\/users\/11"}],"version-history":[{"count":0,"href":"https:\/\/www.orto-bar.com\/en\/wp-json\/wp\/v2\/product\/124546\/revisions"}],"wp:featuredmedia":[{"embeddable":true,"href":"https:\/\/www.orto-bar.com\/en\/wp-json\/wp\/v2\/media\/124547"}],"wp:attachment":[{"href":"https:\/\/www.orto-bar.com\/en\/wp-json\/wp\/v2\/media?parent=124546"}],"wp:term":[{"taxonomy":"product_brand","embeddable":true,"href":"https:\/\/www.orto-bar.com\/en\/wp-json\/wp\/v2\/product_brand?post=124546"},{"taxonomy":"product_cat","embeddable":true,"href":"https:\/\/www.orto-bar.com\/en\/wp-json\/wp\/v2\/product_cat?post=124546"},{"taxonomy":"product_tag","embeddable":true,"href":"https:\/\/www.orto-bar.com\/en\/wp-json\/wp\/v2\/product_tag?post=124546"}],"curies":[{"name":"wp","href":"https:\/\/api.w.org\/{rel}","templated":true}]}}