{"id":124616,"date":"2025-11-11T13:48:54","date_gmt":"2025-11-11T12:48:54","guid":{"rendered":"https:\/\/www.orto-bar.com\/?post_type=product&#038;p=124616"},"modified":"2025-12-18T19:52:45","modified_gmt":"2025-12-18T18:52:45","slug":"plateau","status":"publish","type":"product","link":"https:\/\/www.orto-bar.com\/en\/dogodki\/arhiv\/plateau\/","title":{"rendered":"Plateau"},"content":{"rendered":"<p>&nbsp;<\/p>\n<p>Kot predjed novoletnim zaobljubam, praznikom in vsem ostalim oblikam \u010dudovitega \u010dlove\u0161kega rajanja ob prelomu leta vas mi, PLATEAU, vabimo na ekstravaganten prazni\u010dni koncert v ljubljanski Orto bar. Mineva \u017ee dobro leto na\u0161ega zadnjega obiska tam. V tem \u010dasu smo izdali nov album in \u017ee za\u010deli mleti nove ideje za naprej\u2026 Vabljeni torej 18. 12. v Orto bar, da se ponovno sre\u010damo na rde\u010dem plesi\u0161\u010du in skupaj damo piko na i vihravemu letu 2025.<\/p>\n<p>Linki benda:<br \/>\n<a href=\"https:\/\/www.youtube.com\/@plateaudruzina7744\">https:\/\/www.youtube.com\/@plateaudruzina7744<\/a><br \/>\n<a href=\"https:\/\/www.instagram.com\/plateau_druzina\/?hl=en\">https:\/\/www.instagram.com\/plateau_druzina\/?hl=en<\/a><br \/>\n<a href=\"https:\/\/www.facebook.com\/plateaufamilija\">https:\/\/www.facebook.com\/plateaufamilija<\/a><\/p>\n<p>&nbsp;<\/p>\n<p>&nbsp;<\/p>\n<p>&nbsp;<\/p>","protected":false},"excerpt":{"rendered":"<p>&nbsp; Kot predjed novoletnim zaobljubam, praznikom in vsem ostalim oblikam \u010dudovitega \u010dlove\u0161kega rajanja ob prelomu leta vas mi, PLATEAU, vabimo na ekstravaganten prazni\u010dni koncert v ljubljanski Orto bar. Mineva \u017ee dobro leto na\u0161ega zadnjega obiska tam. V tem \u010dasu smo izdali nov album in \u017ee za\u010deli mleti nove ideje za naprej\u2026 Vabljeni torej 18. 12. [&hellip;]<\/p>","protected":false},"author":11,"featured_media":124617,"template":"","meta":{"_seopress_robots_primary_cat":"none","_seopress_titles_title":"","_seopress_titles_desc":"","_seopress_robots_index":""},"product_brand":[],"product_cat":[230],"product_tag":[222],"class_list":{"0":"post-124616","1":"product","2":"type-product","3":"status-publish","4":"has-post-thumbnail","6":"product_cat-arhiv","7":"product_tag-predprodaja","9":"entry","10":"has-media","12":"first","13":"instock","14":"virtual","15":"taxable","16":"product-type-simple","17":"has-product-nav","18":"col","19":"span_1_of_4","20":"owp-content-center","21":"item-entry","22":"owp-thumbs-layout-horizontal","23":"owp-btn-normal","24":"owp-tabs-layout-section","25":"has-no-thumbnails"},"publishpress_future_action":{"enabled":false,"date":"2026-04-23 04:09:15","action":"change-status","newStatus":"draft","terms":[],"taxonomy":"product_cat","extraData":[]},"publishpress_future_workflow_manual_trigger":{"enabledWorkflows":[]},"_links":{"self":[{"href":"https:\/\/www.orto-bar.com\/en\/wp-json\/wp\/v2\/product\/124616","targetHints":{"allow":["GET"]}}],"collection":[{"href":"https:\/\/www.orto-bar.com\/en\/wp-json\/wp\/v2\/product"}],"about":[{"href":"https:\/\/www.orto-bar.com\/en\/wp-json\/wp\/v2\/types\/product"}],"author":[{"embeddable":true,"href":"https:\/\/www.orto-bar.com\/en\/wp-json\/wp\/v2\/users\/11"}],"version-history":[{"count":0,"href":"https:\/\/www.orto-bar.com\/en\/wp-json\/wp\/v2\/product\/124616\/revisions"}],"wp:featuredmedia":[{"embeddable":true,"href":"https:\/\/www.orto-bar.com\/en\/wp-json\/wp\/v2\/media\/124617"}],"wp:attachment":[{"href":"https:\/\/www.orto-bar.com\/en\/wp-json\/wp\/v2\/media?parent=124616"}],"wp:term":[{"taxonomy":"product_brand","embeddable":true,"href":"https:\/\/www.orto-bar.com\/en\/wp-json\/wp\/v2\/product_brand?post=124616"},{"taxonomy":"product_cat","embeddable":true,"href":"https:\/\/www.orto-bar.com\/en\/wp-json\/wp\/v2\/product_cat?post=124616"},{"taxonomy":"product_tag","embeddable":true,"href":"https:\/\/www.orto-bar.com\/en\/wp-json\/wp\/v2\/product_tag?post=124616"}],"curies":[{"name":"wp","href":"https:\/\/api.w.org\/{rel}","templated":true}]}}