{"id":125073,"date":"2025-11-14T12:52:34","date_gmt":"2025-11-14T11:52:34","guid":{"rendered":"https:\/\/www.orto-bar.com\/?post_type=product&#038;p=125073"},"modified":"2025-12-11T18:31:01","modified_gmt":"2025-12-11T17:31:01","slug":"emonasuperhuman-goats","status":"publish","type":"product","link":"https:\/\/www.orto-bar.com\/en\/dogodki\/arhiv\/emonasuperhuman-goats\/","title":{"rendered":"Emona,Superhuman Goats"},"content":{"rendered":"<p>je ljubljanska pop-rock skupina, ki je v osr\u010dju mesta nastala kot kolaboracija EMA finalista Alekseja (PolarAce), kitarista Marka, basista in kitarista Ga\u0161perja in bobnarja ter producenta par-excellence Matev\u017ea. Skupaj so oblikovali razpoznaven rock zvok z mo\u010dnimi pridihi pop-a, jazz-a in \u0161e mnogo \u010desa. Skupaj nastopajo in terorizirajo slovenske odre \u017ee od 2024.<\/p>\n<p>&nbsp;<\/p>\n<p>Superhuman Goats so \u0161tiri\u010dlanska indie rock skupina iz Ajdov\u0161\u010dine, ki ustvarja iskreno in \u010dustveno glasbo. Sestavljajo jo Zala \u010cerv (pevka), Jure Kosma\u010d (kitarist), Urban \u0160trancar (basist) in Toma\u017e Facija (bobnar). Od leta 2019 gradijo edinstven zvok, ki zdru\u017euje introspektivna besedila, bogate melodije in mo\u010dne emocije. Ime skupine je izbrano tako, da mora vsak vpra\u0161ati: \u00bbKako prosim?\u00ab. Njihova glasba povezuje in poslu\u0161alcem ponuja prostor za razmislek, veselje ali pobeg. Letos smo izdali svoj prvenec z naslovom Na Toba\u010dni ob pol dveh. Z njim se slovenski publiki predstavljamo in ponujamo vpogled v na\u0161e do\u017eivljanje odnosov.<\/p>","protected":false},"excerpt":{"rendered":"<p>je ljubljanska pop-rock skupina, ki je v osr\u010dju mesta nastala kot kolaboracija EMA finalista Alekseja (PolarAce), kitarista Marka, basista in kitarista Ga\u0161perja in bobnarja ter producenta par-excellence Matev\u017ea. Skupaj so oblikovali razpoznaven rock zvok z mo\u010dnimi pridihi pop-a, jazz-a in \u0161e mnogo \u010desa. Skupaj nastopajo in terorizirajo slovenske odre \u017ee od 2024. &nbsp; Superhuman Goats [&hellip;]<\/p>","protected":false},"author":11,"featured_media":125074,"template":"","meta":{"_seopress_robots_primary_cat":"none","_seopress_titles_title":"","_seopress_titles_desc":"","_seopress_robots_index":""},"product_brand":[],"product_cat":[230],"product_tag":[222],"class_list":{"0":"post-125073","1":"product","2":"type-product","3":"status-publish","4":"has-post-thumbnail","6":"product_cat-arhiv","7":"product_tag-predprodaja","9":"entry","10":"has-media","12":"first","13":"instock","14":"virtual","15":"taxable","16":"product-type-simple","17":"has-product-nav","18":"col","19":"span_1_of_4","20":"owp-content-center","21":"item-entry","22":"owp-thumbs-layout-horizontal","23":"owp-btn-normal","24":"owp-tabs-layout-section","25":"has-no-thumbnails"},"publishpress_future_action":{"enabled":false,"date":"2026-04-23 04:28:11","action":"change-status","newStatus":"draft","terms":[],"taxonomy":"product_cat","extraData":[]},"publishpress_future_workflow_manual_trigger":{"enabledWorkflows":[]},"_links":{"self":[{"href":"https:\/\/www.orto-bar.com\/en\/wp-json\/wp\/v2\/product\/125073","targetHints":{"allow":["GET"]}}],"collection":[{"href":"https:\/\/www.orto-bar.com\/en\/wp-json\/wp\/v2\/product"}],"about":[{"href":"https:\/\/www.orto-bar.com\/en\/wp-json\/wp\/v2\/types\/product"}],"author":[{"embeddable":true,"href":"https:\/\/www.orto-bar.com\/en\/wp-json\/wp\/v2\/users\/11"}],"version-history":[{"count":0,"href":"https:\/\/www.orto-bar.com\/en\/wp-json\/wp\/v2\/product\/125073\/revisions"}],"wp:featuredmedia":[{"embeddable":true,"href":"https:\/\/www.orto-bar.com\/en\/wp-json\/wp\/v2\/media\/125074"}],"wp:attachment":[{"href":"https:\/\/www.orto-bar.com\/en\/wp-json\/wp\/v2\/media?parent=125073"}],"wp:term":[{"taxonomy":"product_brand","embeddable":true,"href":"https:\/\/www.orto-bar.com\/en\/wp-json\/wp\/v2\/product_brand?post=125073"},{"taxonomy":"product_cat","embeddable":true,"href":"https:\/\/www.orto-bar.com\/en\/wp-json\/wp\/v2\/product_cat?post=125073"},{"taxonomy":"product_tag","embeddable":true,"href":"https:\/\/www.orto-bar.com\/en\/wp-json\/wp\/v2\/product_tag?post=125073"}],"curies":[{"name":"wp","href":"https:\/\/api.w.org\/{rel}","templated":true}]}}