{"id":125076,"date":"2025-11-14T13:03:12","date_gmt":"2025-11-14T12:03:12","guid":{"rendered":"https:\/\/www.orto-bar.com\/?post_type=product&#038;p=125076"},"modified":"2026-03-16T19:10:27","modified_gmt":"2026-03-16T18:10:27","slug":"reminiscence-evanescence-tribute-band","status":"publish","type":"product","link":"https:\/\/www.orto-bar.com\/en\/dogodki\/koncerti\/reminiscence-evanescence-tribute-band\/","title":{"rendered":"REMINISCENCE &#8211; Evanescence Tribute Band"},"content":{"rendered":"<p>&nbsp;<\/p>\n<p><strong>Reminiscence, ustanovljena leta 2020, je tribute skupina iz Vicenze (Italija), ki je predana prena\u0161anju mo\u010dne glasbe skupine Evanescence na oder. Ustanovila sta jo basistka Debora Bettoni in pevka Roxie Valentine, skupina pa je neutrudno delala na oblikovanju svojega projekta vse do leta 2022, ko se je zasedba stabilizirala z vstopom kitaristov Mattea dall&#8217;Armelline in Davyja Scarpellinija ter bobnarja Marca Pampagnina.<\/strong><\/p>\n<p><strong>Na\u0161e poslanstvo je ob\u010dinstvu ponuditi pristno izku\u0161njo, pri \u010demer strastno posku\u0161amo zvesto ponoviti vsako noto iz originala in priklicati du\u0161o vsake skladbe Evanescence.<\/strong><\/p>\n<p><strong>Zasedba predstavlja utripajo\u010de srce skupine Reminiscence, predana temu, da zna\u010dilen zvok skupine Evanescence prenese iz studia na oder na najbolj resni\u010dni ravni.<\/strong><\/p>\n<p><strong>Ponosno smo zakoreninjeni v regiji Veneto, s sede\u017eem v Vicenzi, in smo globoko predani praznovanju glasbe skupine Evanescence kot tribute skupina, katere posebnost je nenehno iskanje popolnosti pri reprodukciji nastopa originalne skupine.<\/strong><\/p>\n<p>&nbsp;<\/p>\n<p>&nbsp;<\/p>\n<p><strong>Reminiscence, established in 2020, is a tribute band from Vicenza (Italy) dedicated to bringing Evanescence&#8217;s powerful music to the stage. Founded by bassist Debora Bettoni and singer Roxie Valentine, the band worked tirelessly to shape its project until 2022, the year in which the lineup stabilized with the entry of guitarists Matteo dall&#8217;Armellina and Davy Scarpellini, along with drummer Marco Pampagnin.<\/strong><\/p>\n<p>&nbsp;<\/p>\n<p><strong>Our mission is to offer the audiences an authentic experience, passionately trying to replicate faithfully each and every note from the original evoking the very soul of every Evanescence track.<\/strong><\/p>\n<p><strong>The lineup represents the beating heart of Reminiscence, committed to bringing Evanescence&#8217;s characteristic sound from the studio to the stage at the most truthful level.<\/strong><\/p>\n<p>&nbsp;<\/p>\n<p><strong>We are proudly rooted in the Veneto region, with our headquarters in Vicenza, and we are deeply dedicated to celebrating the music of Evanescence as a tribute band which distinctive trait is constantly seeking perfection in reproducing the original band&#8217;s performance.<\/strong><\/p>\n<p>&nbsp;<\/p>\n<p><strong>\u00a0Vocals &#8211; Roxie Valentine , Bass &#8211; Sylvia , Guitar &#8211; Teo Lost ,Guitar &#8211; Davy ,Drums &#8211; el Pampa<\/strong><\/p>","protected":false},"excerpt":{"rendered":"<p>&nbsp; Reminiscence, ustanovljena leta 2020, je tribute skupina iz Vicenze (Italija), ki je predana prena\u0161anju mo\u010dne glasbe skupine Evanescence na oder. Ustanovila sta jo basistka Debora Bettoni in pevka Roxie Valentine, skupina pa je neutrudno delala na oblikovanju svojega projekta vse do leta 2022, ko se je zasedba stabilizirala z vstopom kitaristov Mattea dall&#8217;Armelline in [&hellip;]<\/p>","protected":false},"author":11,"featured_media":125077,"template":"","meta":{"_seopress_robots_primary_cat":"none","_seopress_titles_title":"","_seopress_titles_desc":"","_seopress_robots_index":""},"product_brand":[],"product_cat":[226],"product_tag":[222],"class_list":{"0":"post-125076","1":"product","2":"type-product","3":"status-publish","4":"has-post-thumbnail","6":"product_cat-koncerti","7":"product_tag-predprodaja","9":"entry","10":"has-media","12":"first","13":"instock","14":"sale","15":"virtual","16":"taxable","17":"purchasable","18":"product-type-simple","19":"has-product-nav","20":"col","21":"span_1_of_4","22":"owp-content-center","23":"item-entry","24":"owp-thumbs-layout-horizontal","25":"owp-btn-normal","26":"owp-tabs-layout-section","27":"has-no-thumbnails"},"publishpress_future_action":{"enabled":true,"date":"2026-09-19 01:03:00","action":"category","newStatus":"draft","terms":[230],"taxonomy":"product_cat","extraData":[]},"publishpress_future_workflow_manual_trigger":{"enabledWorkflows":[]},"_links":{"self":[{"href":"https:\/\/www.orto-bar.com\/en\/wp-json\/wp\/v2\/product\/125076","targetHints":{"allow":["GET"]}}],"collection":[{"href":"https:\/\/www.orto-bar.com\/en\/wp-json\/wp\/v2\/product"}],"about":[{"href":"https:\/\/www.orto-bar.com\/en\/wp-json\/wp\/v2\/types\/product"}],"author":[{"embeddable":true,"href":"https:\/\/www.orto-bar.com\/en\/wp-json\/wp\/v2\/users\/11"}],"version-history":[{"count":0,"href":"https:\/\/www.orto-bar.com\/en\/wp-json\/wp\/v2\/product\/125076\/revisions"}],"wp:featuredmedia":[{"embeddable":true,"href":"https:\/\/www.orto-bar.com\/en\/wp-json\/wp\/v2\/media\/125077"}],"wp:attachment":[{"href":"https:\/\/www.orto-bar.com\/en\/wp-json\/wp\/v2\/media?parent=125076"}],"wp:term":[{"taxonomy":"product_brand","embeddable":true,"href":"https:\/\/www.orto-bar.com\/en\/wp-json\/wp\/v2\/product_brand?post=125076"},{"taxonomy":"product_cat","embeddable":true,"href":"https:\/\/www.orto-bar.com\/en\/wp-json\/wp\/v2\/product_cat?post=125076"},{"taxonomy":"product_tag","embeddable":true,"href":"https:\/\/www.orto-bar.com\/en\/wp-json\/wp\/v2\/product_tag?post=125076"}],"curies":[{"name":"wp","href":"https:\/\/api.w.org\/{rel}","templated":true}]}}