{"id":125507,"date":"2025-11-19T13:58:53","date_gmt":"2025-11-19T12:58:53","guid":{"rendered":"https:\/\/www.orto-bar.com\/?post_type=product&#038;p=125507"},"modified":"2026-05-03T04:26:39","modified_gmt":"2026-05-03T02:26:39","slug":"sanpark","status":"publish","type":"product","link":"https:\/\/www.orto-bar.com\/en\/dogodki\/arhiv\/sanpark\/","title":{"rendered":"Sanpark"},"content":{"rendered":"<p>Skupina, ki \u017eivi in diha\u00a0rock&#8217;n&#8217;roll.\u00a0Ne bojijo se udariti in ko udarijo, udarijo s strastjo ter naravnost tja, kjer zadene!\u00a0Na odru postanejo mogo\u010dna sila,\u00a0ki vas ponese v \u010das, ko je glasba \u0161e imela te\u017eo, s svojim pristnim zvokom, prepoznavnim stilom in iskrenimi zgodbami pa se dotaknejo \u0161e tako skritega del\u010dka vsakega izmed nas.<\/p>\n<p>Na njihovih koncertih ni prostora za kompromise \u2013 samo \u010dista, iskrena glasba, ki vas bo ujela in nikoli izpustila! Oni so tisti, ki letijo na krilih najve\u010djih rockovskih legend in poosebljajo tisto,\u00a0kar je rock \u2018n\u2019 roll vedno bil; iskren, surov in brez zavor!<\/p>\n<p>&nbsp;<\/p>\n<p>&nbsp;<\/p>\n<p>&nbsp;<\/p>","protected":false},"excerpt":{"rendered":"<p>Skupina, ki \u017eivi in diha\u00a0rock&#8217;n&#8217;roll.\u00a0Ne bojijo se udariti in ko udarijo, udarijo s strastjo ter naravnost tja, kjer zadene!\u00a0Na odru postanejo mogo\u010dna sila,\u00a0ki vas ponese v \u010das, ko je glasba \u0161e imela te\u017eo, s svojim pristnim zvokom, prepoznavnim stilom in iskrenimi zgodbami pa se dotaknejo \u0161e tako skritega del\u010dka vsakega izmed nas. Na njihovih koncertih [&hellip;]<\/p>","protected":false},"author":11,"featured_media":125508,"template":"","meta":{"_seopress_robots_primary_cat":"none","_seopress_titles_title":"","_seopress_titles_desc":"","_seopress_robots_index":""},"product_brand":[],"product_cat":[230],"product_tag":[222],"class_list":{"0":"post-125507","1":"product","2":"type-product","3":"status-publish","4":"has-post-thumbnail","6":"product_cat-arhiv","7":"product_tag-predprodaja","9":"entry","10":"has-media","12":"first","13":"instock","14":"virtual","15":"taxable","16":"product-type-simple","17":"has-product-nav","18":"col","19":"span_1_of_4","20":"owp-content-center","21":"item-entry","22":"owp-thumbs-layout-horizontal","23":"owp-btn-normal","24":"owp-tabs-layout-section","25":"has-no-thumbnails"},"publishpress_future_action":{"enabled":false,"date":"2026-05-10 14:51:33","action":"change-status","newStatus":"draft","terms":[],"taxonomy":"product_cat","extraData":[]},"publishpress_future_workflow_manual_trigger":{"enabledWorkflows":[]},"_links":{"self":[{"href":"https:\/\/www.orto-bar.com\/en\/wp-json\/wp\/v2\/product\/125507","targetHints":{"allow":["GET"]}}],"collection":[{"href":"https:\/\/www.orto-bar.com\/en\/wp-json\/wp\/v2\/product"}],"about":[{"href":"https:\/\/www.orto-bar.com\/en\/wp-json\/wp\/v2\/types\/product"}],"author":[{"embeddable":true,"href":"https:\/\/www.orto-bar.com\/en\/wp-json\/wp\/v2\/users\/11"}],"version-history":[{"count":1,"href":"https:\/\/www.orto-bar.com\/en\/wp-json\/wp\/v2\/product\/125507\/revisions"}],"predecessor-version":[{"id":142603,"href":"https:\/\/www.orto-bar.com\/en\/wp-json\/wp\/v2\/product\/125507\/revisions\/142603"}],"wp:featuredmedia":[{"embeddable":true,"href":"https:\/\/www.orto-bar.com\/en\/wp-json\/wp\/v2\/media\/125508"}],"wp:attachment":[{"href":"https:\/\/www.orto-bar.com\/en\/wp-json\/wp\/v2\/media?parent=125507"}],"wp:term":[{"taxonomy":"product_brand","embeddable":true,"href":"https:\/\/www.orto-bar.com\/en\/wp-json\/wp\/v2\/product_brand?post=125507"},{"taxonomy":"product_cat","embeddable":true,"href":"https:\/\/www.orto-bar.com\/en\/wp-json\/wp\/v2\/product_cat?post=125507"},{"taxonomy":"product_tag","embeddable":true,"href":"https:\/\/www.orto-bar.com\/en\/wp-json\/wp\/v2\/product_tag?post=125507"}],"curies":[{"name":"wp","href":"https:\/\/api.w.org\/{rel}","templated":true}]}}