{"id":125627,"date":"2025-11-20T13:28:52","date_gmt":"2025-11-20T12:28:52","guid":{"rendered":"https:\/\/www.orto-bar.com\/?post_type=product&#038;p=125627"},"modified":"2026-01-06T11:33:09","modified_gmt":"2026-01-06T10:33:09","slug":"orto-fest-2026-iotunn-in-vain-nephylim","status":"publish","type":"product","link":"https:\/\/www.orto-bar.com\/en\/dogodki\/koncerti\/orto-fest-2026-iotunn-in-vain-nephylim\/","title":{"rendered":"Orto Fest 2026-Iotunn, In Vain, Nephylim"},"content":{"rendered":"<p>KINSHIP EUROPEAN TOUR 2026<\/p>\n<p>Vstopnice \u017ee v prodaji prek OnParole! 20\u20ac v predprodaji, 25\u20ac na dan koncerta.<br \/>\n<a href=\"https:\/\/www.on-parole.com\/si\/tickets\/8522-iotunn-in-vain-nephylim-ljubljana-19042026-vstopnica.html\">https:\/\/www.on-parole.com\/si\/tickets\/8522-iotunn-in-vain-nephylim-ljubljana-19042026-vstopnica.html<\/a><br \/>\nTickets already available through OnParole! 20\u20ac in presale, 25\u20ac on show day.<br \/>\n<a href=\"https:\/\/www.on-parole.com\/en\/tickets\/8522-iotunn-in-vain-nephylim-ljubljana-19042026-ticket.html\">https:\/\/www.on-parole.com\/en\/tickets\/8522-iotunn-in-vain-nephylim-ljubljana-19042026-ticket.html<\/a><\/p>\n<p>IOTUNN (Danska, progressive melodic death metal)<br \/>\nIotunn je dansko\/ferska metal zasedba, ustanovljena leta 2015 v K\u00f6benhavnu s strani bratov Jesperja in Jensa Nicolaja Gr\u00e4sa. Ime skupine izhaja iz stare nordij\u0161\u010dine in pomeni \u00bbvelikan\u00ab, kar odra\u017ea njihov epski in veli\u010dasten glasbeni svet. Iotunn so za\u010deli s progresivnim power metal stilom, a so se kasneje razvili v edinstveno me\u0161anico progresivnega in melodi\u010dnega death metala z atmosferskimi in epskimi elementi.<br \/>\nSkupina je poznana po zdru\u017eevanju tehni\u010dne dovr\u0161enosti z globokimi liri\u010dnimi temami, ki jih navdihujejo mitologija, \u010dlove\u0161ka eksistenca in skrivnosti vesolja. Njihova glasba je pogosto opisana kot potovanje skozi energijo, lepoto in brutalnost, kar jih je uvrstilo med najbolj zanimiva imena na sodobni progresivni metal sceni.<br \/>\nFB:<a href=\"https:\/\/www.facebook.com\/iotunn\"> https:\/\/www.facebook.com\/iotunn<\/a><br \/>\nIG: <a href=\"https:\/\/www.instagram.com\/iotunn\/\">https:\/\/www.instagram.com\/iotunn\/<\/a><br \/>\nBandcamp: <a href=\"https:\/\/iotunn.bandcamp.com\/\">https:\/\/iotunn.bandcamp.com\/<\/a><\/p>\n<p>IN VAIN (Norve\u0161ka, progressive death\/black metal)<br \/>\nIz Kristiansanda na Norve\u0161kem prihajajo In Vain, ki od leta 2003 veljajo za eno pionirskih sil norve\u0161kega progresivnega ekstremnega metala.<br \/>\nPo dveh zgodnjih EP-jih so leta 2007 izdali prvenec The Latter Rain, ki je z raznolikimi, progresivnimi aran\u017emaji in \u0161tevilnimi gosti razkril njihovo ustvarjalno \u0161irino. Z naslednjimi albumi Mantra (2010), \u00c6nigma (2013) in Currents (2018) so nadaljevali z inovativnim razvojem svojega zvoka. Leta 2024 so se vrnili z izjemno sprejetim petim albumom Solemn, ki je bil pogosto razgla\u0161en za enega najbolj\u0161ih albumov leta ter zdru\u017euje elemente njihove preteklosti z drzno zvo\u010dno prihodnostjo.<br \/>\nIn Vain ostajajo mogo\u010dna sila ekstremnega metala, ki poslu\u0161alce navdu\u0161ujejo z dinami\u010dnimi skladbami, svoj sloves pomembne skupine progresivnega ekstremnega metala pa so trdno zasidrali.<br \/>\nFB: <a href=\"https:\/\/www.facebook.com\/InVainOfficial\">https:\/\/www.facebook.com\/InVainOfficial<\/a><br \/>\nIG: <a href=\"https:\/\/www.instagram.com\/invainband\/\">https:\/\/www.instagram.com\/invainband\/<\/a><br \/>\nBandcamp: <a href=\"https:\/\/invainband.bandcamp.com\">https:\/\/invainband.bandcamp.com<\/a><\/p>\n<p>NEPHYLIM (Nizozemska, melodic death metal)<br \/>\nNephylim je nizozemska melodi\u010dna death metal zasedba, ustanovljena v mestu \u2019s-Hertogenbosch. Z gore\u010do strastjo do melodi\u010dnega death metala izstopajo v viharju melanholije in tla treso\u010de te\u017ee. Z melodijami, ki gredo hitro v uho in progresivnimi prehodi, ki oblikujejo zimski (g\u00f6tebor\u0161ki) zvok in dinamiko, svojo koncertno izvedbo prika\u017eejo na osupljiv in mogo\u010den na\u010din.<br \/>\nFB: <a href=\"https:\/\/www.facebook.com\/nephylim.band\">https:\/\/www.facebook.com\/nephylim.band<\/a><br \/>\nIG: <a href=\"https:\/\/www.instagram.com\/nephylimofficial\/\">https:\/\/www.instagram.com\/nephylimofficial\/<\/a><br \/>\nBandcamp:<a href=\"https:\/\/nephylimnl.bandcamp.com\"> https:\/\/nephylimnl.bandcamp.com<\/a><\/p>","protected":false},"excerpt":{"rendered":"<p>KINSHIP EUROPEAN TOUR 2026 Vstopnice \u017ee v prodaji prek OnParole! 20\u20ac v predprodaji, 25\u20ac na dan koncerta. https:\/\/www.on-parole.com\/si\/tickets\/8522-iotunn-in-vain-nephylim-ljubljana-19042026-vstopnica.html Tickets already available through OnParole! 20\u20ac in presale, 25\u20ac on show day. https:\/\/www.on-parole.com\/en\/tickets\/8522-iotunn-in-vain-nephylim-ljubljana-19042026-ticket.html IOTUNN (Danska, progressive melodic death metal) Iotunn je dansko\/ferska metal zasedba, ustanovljena leta 2015 v K\u00f6benhavnu s strani bratov Jesperja in Jensa Nicolaja Gr\u00e4sa. [&hellip;]<\/p>","protected":false},"author":11,"featured_media":125620,"template":"","meta":{"_seopress_robots_primary_cat":"none","_seopress_titles_title":"","_seopress_titles_desc":"","_seopress_robots_index":""},"product_brand":[],"product_cat":[226,233],"product_tag":[222],"class_list":{"0":"post-125627","1":"product","2":"type-product","3":"status-publish","4":"has-post-thumbnail","6":"product_cat-koncerti","7":"product_cat-orto-fest","8":"product_tag-predprodaja","10":"entry","11":"has-media","13":"first","14":"instock","15":"virtual","16":"taxable","17":"product-type-simple","18":"has-product-nav","19":"col","20":"span_1_of_4","21":"owp-content-center","22":"item-entry","23":"owp-thumbs-layout-horizontal","24":"owp-btn-normal","25":"owp-tabs-layout-section","26":"has-no-thumbnails"},"publishpress_future_action":{"enabled":true,"date":"2026-04-20 01:28:00","action":"category","newStatus":"draft","terms":[230],"taxonomy":"product_cat","extraData":[]},"publishpress_future_workflow_manual_trigger":{"enabledWorkflows":[]},"_links":{"self":[{"href":"https:\/\/www.orto-bar.com\/en\/wp-json\/wp\/v2\/product\/125627","targetHints":{"allow":["GET"]}}],"collection":[{"href":"https:\/\/www.orto-bar.com\/en\/wp-json\/wp\/v2\/product"}],"about":[{"href":"https:\/\/www.orto-bar.com\/en\/wp-json\/wp\/v2\/types\/product"}],"author":[{"embeddable":true,"href":"https:\/\/www.orto-bar.com\/en\/wp-json\/wp\/v2\/users\/11"}],"version-history":[{"count":0,"href":"https:\/\/www.orto-bar.com\/en\/wp-json\/wp\/v2\/product\/125627\/revisions"}],"wp:featuredmedia":[{"embeddable":true,"href":"https:\/\/www.orto-bar.com\/en\/wp-json\/wp\/v2\/media\/125620"}],"wp:attachment":[{"href":"https:\/\/www.orto-bar.com\/en\/wp-json\/wp\/v2\/media?parent=125627"}],"wp:term":[{"taxonomy":"product_brand","embeddable":true,"href":"https:\/\/www.orto-bar.com\/en\/wp-json\/wp\/v2\/product_brand?post=125627"},{"taxonomy":"product_cat","embeddable":true,"href":"https:\/\/www.orto-bar.com\/en\/wp-json\/wp\/v2\/product_cat?post=125627"},{"taxonomy":"product_tag","embeddable":true,"href":"https:\/\/www.orto-bar.com\/en\/wp-json\/wp\/v2\/product_tag?post=125627"}],"curies":[{"name":"wp","href":"https:\/\/api.w.org\/{rel}","templated":true}]}}