{"id":125629,"date":"2025-11-20T13:38:06","date_gmt":"2025-11-20T12:38:06","guid":{"rendered":"https:\/\/www.orto-bar.com\/?post_type=product&#038;p=125629"},"modified":"2026-04-05T17:47:55","modified_gmt":"2026-04-05T15:47:55","slug":"orto-fest-2026-villagers-of-ioannina-cityomega-sun","status":"publish","type":"product","link":"https:\/\/www.orto-bar.com\/en\/dogodki\/arhiv\/orto-fest-2026-villagers-of-ioannina-cityomega-sun\/","title":{"rendered":"Orto Fest 2026-Villagers of Ioannina City,Omega Sun"},"content":{"rendered":"<p>Predprodaja prek On-Parole! 25 evrov v predprodaji, 30 evrov na dan koncerta!<br \/>\n<a href=\"https:\/\/www.on-parole.com\/si\/vstopnice\/8035-villagers-of-ioannina-city-omega-sun-lljubljana-05042026-ticket.html\">https:\/\/www.on-parole.com\/si\/vstopnice\/8035-villagers-of-ioannina-city-omega-sun-lljubljana-05042026-ticket.html<\/a><\/p>\n<p>Presale through On-Parole! 25 euro in presale, 30 euro on show day!<br \/>\n<a href=\"https:\/\/www.on-parole.com\/en\/tickets\/8035-villagers-of-ioannina-city-omega-sun-lljubljana-05042026-ticket.html\">https:\/\/www.on-parole.com\/en\/tickets\/8035-villagers-of-ioannina-city-omega-sun-lljubljana-05042026-ticket.html<\/a><\/p>\n<p>V nedeljo, 5. aprila 2026, se v Ljubljano vra\u010dajo Villagers of Ioannina City, gr\u0161ki mojstri psihedeli\u010dnega rocka, ki zdru\u017eujejo mo\u010dne kitare, etno melodije in misti\u010dno energijo Epira. Njihov edinstven zvok te bo popeljal na potovanje med starodavnimi miti in sodobnim rockom. Ve\u010der bodo ogreli doma\u010di Omega Sun, stoner\/doom rock powerhouse, ki bo s te\u017ekimi riffi in masivnim grooveom poskrbel, da se tla v Ortu zatresajo \u017ee od prvega tona.<\/p>\n<p>VILLAGERS OF IOANNINA CITY<br \/>\n<a href=\"https:\/\/www.facebook.com\/villagersofioanninacity\">https:\/\/www.facebook.com\/villagersofioanninacity<\/a><\/p>\n<p>OMEGA SUN<br \/>\n<a href=\"https:\/\/www.facebook.com\/omegasvn\">https:\/\/www.facebook.com\/omegasvn<\/a><\/p>","protected":false},"excerpt":{"rendered":"<p>Predprodaja prek On-Parole! 25 evrov v predprodaji, 30 evrov na dan koncerta! https:\/\/www.on-parole.com\/si\/vstopnice\/8035-villagers-of-ioannina-city-omega-sun-lljubljana-05042026-ticket.html Presale through On-Parole! 25 euro in presale, 30 euro on show day! https:\/\/www.on-parole.com\/en\/tickets\/8035-villagers-of-ioannina-city-omega-sun-lljubljana-05042026-ticket.html V nedeljo, 5. aprila 2026, se v Ljubljano vra\u010dajo Villagers of Ioannina City, gr\u0161ki mojstri psihedeli\u010dnega rocka, ki zdru\u017eujejo mo\u010dne kitare, etno melodije in misti\u010dno energijo Epira. Njihov edinstven [&hellip;]<\/p>","protected":false},"author":11,"featured_media":125630,"template":"","meta":{"_seopress_robots_primary_cat":"none","_seopress_titles_title":"","_seopress_titles_desc":"","_seopress_robots_index":""},"product_brand":[],"product_cat":[230],"product_tag":[222],"class_list":{"0":"post-125629","1":"product","2":"type-product","3":"status-publish","4":"has-post-thumbnail","6":"product_cat-arhiv","7":"product_tag-predprodaja","9":"entry","10":"has-media","12":"first","13":"instock","14":"virtual","15":"taxable","16":"product-type-simple","17":"has-product-nav","18":"col","19":"span_1_of_4","20":"owp-content-center","21":"item-entry","22":"owp-thumbs-layout-horizontal","23":"owp-btn-normal","24":"owp-tabs-layout-section","25":"has-no-thumbnails"},"publishpress_future_action":{"enabled":false,"date":"2026-05-13 13:08:31","action":"change-status","newStatus":"draft","terms":[],"taxonomy":"product_cat","extraData":[]},"publishpress_future_workflow_manual_trigger":{"enabledWorkflows":[]},"_links":{"self":[{"href":"https:\/\/www.orto-bar.com\/en\/wp-json\/wp\/v2\/product\/125629","targetHints":{"allow":["GET"]}}],"collection":[{"href":"https:\/\/www.orto-bar.com\/en\/wp-json\/wp\/v2\/product"}],"about":[{"href":"https:\/\/www.orto-bar.com\/en\/wp-json\/wp\/v2\/types\/product"}],"author":[{"embeddable":true,"href":"https:\/\/www.orto-bar.com\/en\/wp-json\/wp\/v2\/users\/11"}],"version-history":[{"count":2,"href":"https:\/\/www.orto-bar.com\/en\/wp-json\/wp\/v2\/product\/125629\/revisions"}],"predecessor-version":[{"id":146330,"href":"https:\/\/www.orto-bar.com\/en\/wp-json\/wp\/v2\/product\/125629\/revisions\/146330"}],"wp:featuredmedia":[{"embeddable":true,"href":"https:\/\/www.orto-bar.com\/en\/wp-json\/wp\/v2\/media\/125630"}],"wp:attachment":[{"href":"https:\/\/www.orto-bar.com\/en\/wp-json\/wp\/v2\/media?parent=125629"}],"wp:term":[{"taxonomy":"product_brand","embeddable":true,"href":"https:\/\/www.orto-bar.com\/en\/wp-json\/wp\/v2\/product_brand?post=125629"},{"taxonomy":"product_cat","embeddable":true,"href":"https:\/\/www.orto-bar.com\/en\/wp-json\/wp\/v2\/product_cat?post=125629"},{"taxonomy":"product_tag","embeddable":true,"href":"https:\/\/www.orto-bar.com\/en\/wp-json\/wp\/v2\/product_tag?post=125629"}],"curies":[{"name":"wp","href":"https:\/\/api.w.org\/{rel}","templated":true}]}}