{"id":125710,"date":"2025-11-20T20:45:32","date_gmt":"2025-11-20T19:45:32","guid":{"rendered":"https:\/\/www.orto-bar.com\/?post_type=product&#038;p=125710"},"modified":"2026-02-13T18:48:55","modified_gmt":"2026-02-13T17:48:55","slug":"jon-bornoe-2","status":"publish","type":"product","link":"https:\/\/www.orto-bar.com\/en\/dogodki\/arhiv\/jon-bornoe-2\/","title":{"rendered":"Jon B\u00f6rnoe"},"content":{"rendered":"<p>Energi\u010dna heavy rock zasedba\u00a0 se vra\u010da po dveletnem premoru. Toliko \u010dasa je bilo potrebno od izida prvenca \u00bbNeither aliens nor strangers\u00ab leta 2023, da so si trije ustanovni \u010dlani ponovno za\u017eeleli iskrene energije prostorov za vaje, ter sugestivnega vonja slovenskih klubov. Deseta obletnica njihovega prvega sre\u010danja je samo \u0161e kon\u010dni in neobhodni povod za mini slovensko turnejo.<\/p>\n<p>Glasba skupine Jon B\u00f6rnoe je zasidrana ne pol poti med alternativnim rockom in heavy metalom. Ne prebija in razbija okvirov tovrstne glasbe, v njej se lahko po\u010dutimo doma\u010de, vseeno pa je unikatna in je ni mo\u017eno pripisati to\u010dno dolo\u010denem \u017eanru. Verjetno najve\u010dji potencial njihove glasbe je, da v njej vsak lahko najde vpliv svojega rock heroja, sporo\u010dilo posameznih pesmi pa interpretira na na\u010din, ki spodbuja razmi\u0161ljanje z lastno glavo. Mogo\u010de se ta interpretacija lahko celo spreminja s \u010dasom, kar pomeni da so pesmi \u017eive in vedno znova aktualne.<\/p>\n<p>&nbsp;<\/p>\n<p><a href=\"https:\/\/www.facebook.com\/jonbornoe\">https:\/\/www.facebook.com\/jonbornoe<\/a><\/p>\n<p><a href=\"https:\/\/www.youtube.com\/@jonbornoe\">https:\/\/www.youtube.com\/@jonbornoe<\/a><\/p>\n<p><a href=\"https:\/\/open.spotify.com\/artist\/7xhVjospHJG4aNCfeceEXI\">https:\/\/open.spotify.com\/artist\/7xhVjospHJG4aNCfeceEXI<\/a><\/p>","protected":false},"excerpt":{"rendered":"<p>Energi\u010dna heavy rock zasedba\u00a0 se vra\u010da po dveletnem premoru. Toliko \u010dasa je bilo potrebno od izida prvenca \u00bbNeither aliens nor strangers\u00ab leta 2023, da so si trije ustanovni \u010dlani ponovno za\u017eeleli iskrene energije prostorov za vaje, ter sugestivnega vonja slovenskih klubov. Deseta obletnica njihovega prvega sre\u010danja je samo \u0161e kon\u010dni in neobhodni povod za mini [&hellip;]<\/p>","protected":false},"author":11,"featured_media":125712,"template":"","meta":{"_seopress_robots_primary_cat":"none","_seopress_titles_title":"","_seopress_titles_desc":"","_seopress_robots_index":""},"product_brand":[],"product_cat":[230],"product_tag":[222],"class_list":{"0":"post-125710","1":"product","2":"type-product","3":"status-publish","4":"has-post-thumbnail","6":"product_cat-arhiv","7":"product_tag-predprodaja","9":"entry","10":"has-media","12":"first","13":"instock","14":"virtual","15":"taxable","16":"product-type-simple","17":"has-product-nav","18":"col","19":"span_1_of_4","20":"owp-content-center","21":"item-entry","22":"owp-thumbs-layout-horizontal","23":"owp-btn-normal","24":"owp-tabs-layout-section","25":"has-no-thumbnails"},"publishpress_future_action":{"enabled":false,"date":"2026-05-11 13:30:57","action":"change-status","newStatus":"draft","terms":[],"taxonomy":"product_cat","extraData":[]},"publishpress_future_workflow_manual_trigger":{"enabledWorkflows":[]},"_links":{"self":[{"href":"https:\/\/www.orto-bar.com\/en\/wp-json\/wp\/v2\/product\/125710","targetHints":{"allow":["GET"]}}],"collection":[{"href":"https:\/\/www.orto-bar.com\/en\/wp-json\/wp\/v2\/product"}],"about":[{"href":"https:\/\/www.orto-bar.com\/en\/wp-json\/wp\/v2\/types\/product"}],"author":[{"embeddable":true,"href":"https:\/\/www.orto-bar.com\/en\/wp-json\/wp\/v2\/users\/11"}],"version-history":[{"count":0,"href":"https:\/\/www.orto-bar.com\/en\/wp-json\/wp\/v2\/product\/125710\/revisions"}],"wp:featuredmedia":[{"embeddable":true,"href":"https:\/\/www.orto-bar.com\/en\/wp-json\/wp\/v2\/media\/125712"}],"wp:attachment":[{"href":"https:\/\/www.orto-bar.com\/en\/wp-json\/wp\/v2\/media?parent=125710"}],"wp:term":[{"taxonomy":"product_brand","embeddable":true,"href":"https:\/\/www.orto-bar.com\/en\/wp-json\/wp\/v2\/product_brand?post=125710"},{"taxonomy":"product_cat","embeddable":true,"href":"https:\/\/www.orto-bar.com\/en\/wp-json\/wp\/v2\/product_cat?post=125710"},{"taxonomy":"product_tag","embeddable":true,"href":"https:\/\/www.orto-bar.com\/en\/wp-json\/wp\/v2\/product_tag?post=125710"}],"curies":[{"name":"wp","href":"https:\/\/api.w.org\/{rel}","templated":true}]}}