{"id":125789,"date":"2025-11-21T19:42:47","date_gmt":"2025-11-21T18:42:47","guid":{"rendered":"https:\/\/www.orto-bar.com\/?post_type=product&#038;p=125789"},"modified":"2026-01-15T02:06:09","modified_gmt":"2026-01-15T01:06:09","slug":"phantomiacherry-mountain","status":"publish","type":"product","link":"https:\/\/www.orto-bar.com\/en\/dogodki\/arhiv\/phantomiacherry-mountain\/","title":{"rendered":"Phantomia,Cherry Mountain"},"content":{"rendered":"<p>Identita \u0161tiri\u010dlanske zasedbe Phantomia je zdru\u017eena v eleganci, preprostosti in misterioznosti. Skupina v svoji glasbi izra\u017ea notranje negotovosti, skrivnosti in strahove (phantome), ki jo zaznamujejo. Gre za ob\u010dutja \u010dloveka, ki jih je te\u017eko komunicirati z zunanjim svetom. Velik poudarek je na melodi\u010dnosti glasbe, v katero vklju\u010dujejo nepojasnjene ob\u010dutke in intenzivno energijo, s katerimi je mogo\u010de za\u010dutiti mo\u010d nevidnega.<br \/>\nPhantomi prihajajo k vam, da v vas vzbudijo nova do\u017eivetja. Si \u017eelite spoznati njihovo mo\u010d?<br \/>\n__________________<\/p>\n<p>&nbsp;<\/p>\n<p>Za kvaliteten dvig temperature pa bodo poskrbeli odli\u010dni punk rockerji, Cherry Mountain.<br \/>\nCherry Mountain je energi\u010den hard rock\/punk\/metal bend z zna\u010dilnim pridihom countryja, ki prihaja iz mra\u010dne Vi\u0161nje Gore v Sloveniji \u2013 po kateri izvira tudi ime skupine. Glavni idejni vodja, Marcel Petri\u010d, je gonilna sila projekta, avtor vseh pesmi in besedil ter multiinstrumentalist in vokalist, ki je zaslu\u017een za celoten zvok skupine.<br \/>\nSkupaj s Maticem Zorcem, basistom in back vokalistom, s katerim sodelujeta \u017ee od leta 2012, tvorita udaren in nepopustljiv dvojec, ki prina\u0161a surovo energijo in iskrena besedila.<br \/>\nZgodba benda se je za\u010dela \u017ee leta 2012, ko je Marcel posnel svoj prvi album, ki pa nikoli ni iz\u0161el \u2013 predvsem zaradi neuspe\u0161nega iskanja pravih \u010dlanov z enako strastjo do glasbe. Po letih premislekov in osebnega boja se je odlo\u010dil, da bo gradivo kon\u010dno ugledalo lu\u010d sveta.<br \/>\nCherry Mountain danes predstavlja zrel in brezkompromisen glasbeni izraz, ki ne skriva \u010dustev in pristnosti. Tematika pesmi se dotika osebnostne rasti, notranjih bojev, psihi\u010dnih demonov in strahov, a ob\u010dasno se dotakne tudi lahkotnej\u0161ih, \u017eivljenjskih tem, kar daje bendu \u0161irino in globino.<br \/>\nS svojo iskrenostjo, surovim zvokom in mo\u010dno odrsko prezenco Cherry Mountain ne pu\u0161\u010da nikogar ravnodu\u0161nega \u2013 to je bend, ki ga zares \u010duti\u0161.<\/p>","protected":false},"excerpt":{"rendered":"<p>Identita \u0161tiri\u010dlanske zasedbe Phantomia je zdru\u017eena v eleganci, preprostosti in misterioznosti. Skupina v svoji glasbi izra\u017ea notranje negotovosti, skrivnosti in strahove (phantome), ki jo zaznamujejo. Gre za ob\u010dutja \u010dloveka, ki jih je te\u017eko komunicirati z zunanjim svetom. Velik poudarek je na melodi\u010dnosti glasbe, v katero vklju\u010dujejo nepojasnjene ob\u010dutke in intenzivno energijo, s katerimi je mogo\u010de [&hellip;]<\/p>","protected":false},"author":11,"featured_media":125790,"template":"","meta":{"_seopress_robots_primary_cat":"none","_seopress_titles_title":"","_seopress_titles_desc":"","_seopress_robots_index":""},"product_brand":[],"product_cat":[230],"product_tag":[222],"class_list":{"0":"post-125789","1":"product","2":"type-product","3":"status-publish","4":"has-post-thumbnail","6":"product_cat-arhiv","7":"product_tag-predprodaja","9":"entry","10":"has-media","12":"first","13":"instock","14":"virtual","15":"taxable","16":"product-type-simple","17":"has-product-nav","18":"col","19":"span_1_of_4","20":"owp-content-center","21":"item-entry","22":"owp-thumbs-layout-horizontal","23":"owp-btn-normal","24":"owp-tabs-layout-section","25":"has-no-thumbnails"},"publishpress_future_action":{"enabled":false,"date":"2026-04-30 10:27:06","action":"change-status","newStatus":"draft","terms":[],"taxonomy":"product_cat","extraData":[]},"publishpress_future_workflow_manual_trigger":{"enabledWorkflows":[]},"_links":{"self":[{"href":"https:\/\/www.orto-bar.com\/en\/wp-json\/wp\/v2\/product\/125789","targetHints":{"allow":["GET"]}}],"collection":[{"href":"https:\/\/www.orto-bar.com\/en\/wp-json\/wp\/v2\/product"}],"about":[{"href":"https:\/\/www.orto-bar.com\/en\/wp-json\/wp\/v2\/types\/product"}],"author":[{"embeddable":true,"href":"https:\/\/www.orto-bar.com\/en\/wp-json\/wp\/v2\/users\/11"}],"version-history":[{"count":0,"href":"https:\/\/www.orto-bar.com\/en\/wp-json\/wp\/v2\/product\/125789\/revisions"}],"wp:featuredmedia":[{"embeddable":true,"href":"https:\/\/www.orto-bar.com\/en\/wp-json\/wp\/v2\/media\/125790"}],"wp:attachment":[{"href":"https:\/\/www.orto-bar.com\/en\/wp-json\/wp\/v2\/media?parent=125789"}],"wp:term":[{"taxonomy":"product_brand","embeddable":true,"href":"https:\/\/www.orto-bar.com\/en\/wp-json\/wp\/v2\/product_brand?post=125789"},{"taxonomy":"product_cat","embeddable":true,"href":"https:\/\/www.orto-bar.com\/en\/wp-json\/wp\/v2\/product_cat?post=125789"},{"taxonomy":"product_tag","embeddable":true,"href":"https:\/\/www.orto-bar.com\/en\/wp-json\/wp\/v2\/product_tag?post=125789"}],"curies":[{"name":"wp","href":"https:\/\/api.w.org\/{rel}","templated":true}]}}