{"id":126375,"date":"2025-11-27T19:36:58","date_gmt":"2025-11-27T18:36:58","guid":{"rendered":"https:\/\/www.orto-bar.com\/?post_type=product&#038;p=126375"},"modified":"2026-01-02T18:32:27","modified_gmt":"2026-01-02T17:32:27","slug":"jahmoodonje-collective-predstavitev-prihajocega-albuma-nov-krog-okol-sonca","status":"publish","type":"product","link":"https:\/\/www.orto-bar.com\/en\/dogodki\/arhiv\/jahmoodonje-collective-predstavitev-prihajocega-albuma-nov-krog-okol-sonca\/","title":{"rendered":"JahMoodOnJe Collective &#8211; predstavitev prihajo\u010dega albuma : Nov krog okol sonca"},"content":{"rendered":"<p>&nbsp;<\/p>\n<p>Reggae\/Dub\/DnB ve\u010der v Orto baru<br \/>\nJahMoodOnJe Collective LIVE<br \/>\nTokrat v postavi; Greg Even, Jacuzzy Krall, Lea Cok, Maca, Marjeta P.H., Karin Zemlji\u010d, z zimzelenim repertoarjem in materialom iz prihajajo\u010dega albuma.<br \/>\nZ nami bo tudi \u010dlan ekipe Basolovka, Ljubljanjah vibes, LIONSHINE z svojim setom.<br \/>\nVabljeni na ponovoletni zvo\u010dni tretma in pozibavanje v reggae ritmih.<\/p>","protected":false},"excerpt":{"rendered":"<p>&nbsp; Reggae\/Dub\/DnB ve\u010der v Orto baru JahMoodOnJe Collective LIVE Tokrat v postavi; Greg Even, Jacuzzy Krall, Lea Cok, Maca, Marjeta P.H., Karin Zemlji\u010d, z zimzelenim repertoarjem in materialom iz prihajajo\u010dega albuma. Z nami bo tudi \u010dlan ekipe Basolovka, Ljubljanjah vibes, LIONSHINE z svojim setom. Vabljeni na ponovoletni zvo\u010dni tretma in pozibavanje v reggae ritmih.<\/p>","protected":false},"author":11,"featured_media":126376,"template":"","meta":{"_seopress_robots_primary_cat":"none","_seopress_titles_title":"","_seopress_titles_desc":"","_seopress_robots_index":""},"product_brand":[],"product_cat":[230],"product_tag":[222],"class_list":{"0":"post-126375","1":"product","2":"type-product","3":"status-publish","4":"has-post-thumbnail","6":"product_cat-arhiv","7":"product_tag-predprodaja","9":"entry","10":"has-media","12":"first","13":"instock","14":"virtual","15":"taxable","16":"product-type-simple","17":"has-product-nav","18":"col","19":"span_1_of_4","20":"owp-content-center","21":"item-entry","22":"owp-thumbs-layout-horizontal","23":"owp-btn-normal","24":"owp-tabs-layout-section","25":"has-no-thumbnails"},"publishpress_future_action":{"enabled":false,"date":"2026-05-11 09:49:51","action":"change-status","newStatus":"draft","terms":[],"taxonomy":"product_cat","extraData":[]},"publishpress_future_workflow_manual_trigger":{"enabledWorkflows":[]},"_links":{"self":[{"href":"https:\/\/www.orto-bar.com\/en\/wp-json\/wp\/v2\/product\/126375","targetHints":{"allow":["GET"]}}],"collection":[{"href":"https:\/\/www.orto-bar.com\/en\/wp-json\/wp\/v2\/product"}],"about":[{"href":"https:\/\/www.orto-bar.com\/en\/wp-json\/wp\/v2\/types\/product"}],"author":[{"embeddable":true,"href":"https:\/\/www.orto-bar.com\/en\/wp-json\/wp\/v2\/users\/11"}],"version-history":[{"count":0,"href":"https:\/\/www.orto-bar.com\/en\/wp-json\/wp\/v2\/product\/126375\/revisions"}],"wp:featuredmedia":[{"embeddable":true,"href":"https:\/\/www.orto-bar.com\/en\/wp-json\/wp\/v2\/media\/126376"}],"wp:attachment":[{"href":"https:\/\/www.orto-bar.com\/en\/wp-json\/wp\/v2\/media?parent=126375"}],"wp:term":[{"taxonomy":"product_brand","embeddable":true,"href":"https:\/\/www.orto-bar.com\/en\/wp-json\/wp\/v2\/product_brand?post=126375"},{"taxonomy":"product_cat","embeddable":true,"href":"https:\/\/www.orto-bar.com\/en\/wp-json\/wp\/v2\/product_cat?post=126375"},{"taxonomy":"product_tag","embeddable":true,"href":"https:\/\/www.orto-bar.com\/en\/wp-json\/wp\/v2\/product_tag?post=126375"}],"curies":[{"name":"wp","href":"https:\/\/api.w.org\/{rel}","templated":true}]}}