{"id":126454,"date":"2025-11-28T12:53:56","date_gmt":"2025-11-28T11:53:56","guid":{"rendered":"https:\/\/www.orto-bar.com\/?post_type=product&#038;p=126454"},"modified":"2026-02-07T20:55:09","modified_gmt":"2026-02-07T19:55:09","slug":"ten-project-pearl-jam-tribute-band-2","status":"publish","type":"product","link":"https:\/\/www.orto-bar.com\/en\/dogodki\/arhiv\/ten-project-pearl-jam-tribute-band-2\/","title":{"rendered":"TEN PROJECT- Pearl Jam tribute band"},"content":{"rendered":"<p>&nbsp;<\/p>\n<p>TEN PROJECT<\/p>\n<p>Sprostite se in odklopite nazaj v 90-ta s Ten Project, kjer se rock in grunge zdru\u017eita v energi\u010den poklon legendam iz Seattla.<\/p>\n<p>Pridru\u017eite se nam na potovanju, polnem nostalgije in mo\u010dnih spominov, ki vas bo poneslo nazaj v \u010das, ko je glasba oblikovala generacijo.<\/p>\n<p>Pripravite se na nastop, ki ujame bistvo skupine Pearl Jam \u2013 od divje energije do ganljivih balad.<\/p>\n<p>Nadenite si all starke, oblecite flanelasto srajco in vstopite v neokrnjeno \u010darobnost glasbene scene devetdesetih let.<\/p>\n<p>Skupaj bomo praznovali brez\u010dasno genialnost skupine, ki \u0161e danes zdru\u017euje ljudi po vsem svetu.<\/p>\n<p>Setlista:<\/p>\n<p>ALIVE \u00b7 EVEN FLOW \u00b7 JEREMY \u00b7 DAUGHTER \u00b7 BLACK \u00b7 BETTERMAN \u00b7 CORDUROY \u00b7 ANIMAL \u00b7 GIVEN TO FLY \u00b7 YELLOW LEDBETTER<\/p>\n<p>\u2026 and many more!<\/p>\n<p>Kontakt:<\/p>\n<p>bers13.rade@gmail.<\/p>\n<p>&nbsp;<\/p>\n<p>&nbsp;<\/p>","protected":false},"excerpt":{"rendered":"<p>&nbsp; TEN PROJECT Sprostite se in odklopite nazaj v 90-ta s Ten Project, kjer se rock in grunge zdru\u017eita v energi\u010den poklon legendam iz Seattla. Pridru\u017eite se nam na potovanju, polnem nostalgije in mo\u010dnih spominov, ki vas bo poneslo nazaj v \u010das, ko je glasba oblikovala generacijo. Pripravite se na nastop, ki ujame bistvo skupine [&hellip;]<\/p>","protected":false},"author":11,"featured_media":126567,"template":"","meta":{"_seopress_robots_primary_cat":"none","_seopress_titles_title":"","_seopress_titles_desc":"","_seopress_robots_index":""},"product_brand":[],"product_cat":[230],"product_tag":[222],"class_list":{"0":"post-126454","1":"product","2":"type-product","3":"status-publish","4":"has-post-thumbnail","6":"product_cat-arhiv","7":"product_tag-predprodaja","9":"entry","10":"has-media","12":"first","13":"instock","14":"virtual","15":"taxable","16":"product-type-simple","17":"has-product-nav","18":"col","19":"span_1_of_4","20":"owp-content-center","21":"item-entry","22":"owp-thumbs-layout-horizontal","23":"owp-btn-normal","24":"owp-tabs-layout-section","25":"has-no-thumbnails"},"publishpress_future_action":{"enabled":false,"date":"2026-05-11 12:20:29","action":"change-status","newStatus":"draft","terms":[],"taxonomy":"product_cat","extraData":[]},"publishpress_future_workflow_manual_trigger":{"enabledWorkflows":[]},"_links":{"self":[{"href":"https:\/\/www.orto-bar.com\/en\/wp-json\/wp\/v2\/product\/126454","targetHints":{"allow":["GET"]}}],"collection":[{"href":"https:\/\/www.orto-bar.com\/en\/wp-json\/wp\/v2\/product"}],"about":[{"href":"https:\/\/www.orto-bar.com\/en\/wp-json\/wp\/v2\/types\/product"}],"author":[{"embeddable":true,"href":"https:\/\/www.orto-bar.com\/en\/wp-json\/wp\/v2\/users\/11"}],"version-history":[{"count":0,"href":"https:\/\/www.orto-bar.com\/en\/wp-json\/wp\/v2\/product\/126454\/revisions"}],"wp:featuredmedia":[{"embeddable":true,"href":"https:\/\/www.orto-bar.com\/en\/wp-json\/wp\/v2\/media\/126567"}],"wp:attachment":[{"href":"https:\/\/www.orto-bar.com\/en\/wp-json\/wp\/v2\/media?parent=126454"}],"wp:term":[{"taxonomy":"product_brand","embeddable":true,"href":"https:\/\/www.orto-bar.com\/en\/wp-json\/wp\/v2\/product_brand?post=126454"},{"taxonomy":"product_cat","embeddable":true,"href":"https:\/\/www.orto-bar.com\/en\/wp-json\/wp\/v2\/product_cat?post=126454"},{"taxonomy":"product_tag","embeddable":true,"href":"https:\/\/www.orto-bar.com\/en\/wp-json\/wp\/v2\/product_tag?post=126454"}],"curies":[{"name":"wp","href":"https:\/\/api.w.org\/{rel}","templated":true}]}}