{"id":126656,"date":"2025-12-01T09:47:47","date_gmt":"2025-12-01T08:47:47","guid":{"rendered":"https:\/\/www.orto-bar.com\/?post_type=product&#038;p=126656"},"modified":"2026-01-09T19:10:19","modified_gmt":"2026-01-09T18:10:19","slug":"elvis-presleys-91st-birthday-party","status":"publish","type":"product","link":"https:\/\/www.orto-bar.com\/en\/dogodki\/arhiv\/elvis-presleys-91st-birthday-party\/","title":{"rendered":"Elvis Presley\u2019s 91st Birthday Party"},"content":{"rendered":"<p>Elvis Presley\u2019s 91st Birthday Party<\/p>\n<p>Petek, 9. januar 2026, ob 20.00<br \/>\nOrto Bar, Ljubljana<\/p>\n<p>Pozdravljeni, dragi prijatelji in ljubitelji glasbe!<\/p>\n<p>9.januarja 2026 se bomo zbrali v legendarnem Orto Baru, kjer bomo skupaj praznovali rojstni dan enega najve\u010djih umetnikov vseh \u010dasov \u2014 kralja rock\u2019n\u2019rolla, Elvisa Presleya.<\/p>\n<p>Praznovali bomo njegovo glasbo, vpliv na kulturo, modo in umetnost ter zapu\u0161\u010dino, ki \u017eivi skozi generacije<\/p>\n<p>Program ve\u010dera<\/p>\n<p>&nbsp;<\/p>\n<p>Z veseljem vam predstavljamo glasbenike, ki bodo poskrbeli za ve\u010der, poln energije, strasti in pristnega Elvisovega duha.<\/p>\n<p>Bunker Billys<\/p>\n<p>Ve\u010der bodo odprli Bunker Billys, ki s svojo \u017eivo in spo\u0161tljivo interpretacijo rock\u2019n\u2019rolla dokazujejo, da Elvisova glasba \u0161e vedno mo\u010dno odzvanja v sodobnem glasbenem svetu.<\/p>\n<p>Maja Zalo\u017enik<\/p>\n<p>Letos bo Maja Zalo\u017enik na odru zasijala <em>znotraj vrhunca ve\u010dera<\/em> \u2014 njen nastop bo prepleten s finalnim nastopom skupine Sam\u2019s Fever. S svojim mo\u010dnim glasom, karizmo in predanostjo Elvisovi glasbi bo Maja s Sam\u2019s Fever ustvarila poseben, edinstven odrski trenutek, ki bo dvignil ve\u010der na novo raven.<\/p>\n<p>Sam\u2019s Fever<\/p>\n<p>Za veliki finale bodo oder prevzeli Sam\u2019s Fever, mojstri prepletanja klasi\u010dnega rock\u2019n\u2019rolla in sodobnih glasbenih elementov. Z energi\u010dnim nastopom in vrhunskimi aran\u017emaji bodo o\u017eivili Elvisove najve\u010dje uspe\u0161nice ter poskrbeli za nepozaben zaklju\u010dek ve\u010dera.<\/p>\n<p>&nbsp;<\/p>\n<p>Ve\u010der, poln spominov, emocij in rock\u2019n\u2019rolla<\/p>\n<p>Verjamemo, da vas bodo vsi nastopajo\u010di popeljali skozi \u010das ter vas spomnili, zakaj je Elvis Presley glasbena ikona, ki \u017eivi ve\u010dno.<\/p>\n<p>\u201cThank you, thank you very much.\u201d<\/p>\n<p><strong>Vstopnice\u00a0Predprodaja<\/strong>: 20\u20ac (na voljo tudi na spletni strani\u00a0Orto\u00a0Bara),\u00a0Na dan dogodka: 25\u20ac<\/p>\n<p>&nbsp;<\/p>\n<p>&nbsp;<\/p>","protected":false},"excerpt":{"rendered":"<p>Elvis Presley\u2019s 91st Birthday Party Petek, 9. januar 2026, ob 20.00 Orto Bar, Ljubljana Pozdravljeni, dragi prijatelji in ljubitelji glasbe! 9.januarja 2026 se bomo zbrali v legendarnem Orto Baru, kjer bomo skupaj praznovali rojstni dan enega najve\u010djih umetnikov vseh \u010dasov \u2014 kralja rock\u2019n\u2019rolla, Elvisa Presleya. Praznovali bomo njegovo glasbo, vpliv na kulturo, modo in umetnost [&hellip;]<\/p>","protected":false},"author":11,"featured_media":126657,"template":"","meta":{"_seopress_robots_primary_cat":"none","_seopress_titles_title":"","_seopress_titles_desc":"","_seopress_robots_index":""},"product_brand":[],"product_cat":[230],"product_tag":[222],"class_list":{"0":"post-126656","1":"product","2":"type-product","3":"status-publish","4":"has-post-thumbnail","6":"product_cat-arhiv","7":"product_tag-predprodaja","9":"entry","10":"has-media","12":"first","13":"instock","14":"virtual","15":"taxable","16":"product-type-simple","17":"has-product-nav","18":"col","19":"span_1_of_4","20":"owp-content-center","21":"item-entry","22":"owp-thumbs-layout-horizontal","23":"owp-btn-normal","24":"owp-tabs-layout-section","25":"has-no-thumbnails"},"publishpress_future_action":{"enabled":false,"date":"2026-04-27 01:04:59","action":"change-status","newStatus":"draft","terms":[],"taxonomy":"product_cat","extraData":[]},"publishpress_future_workflow_manual_trigger":{"enabledWorkflows":[]},"_links":{"self":[{"href":"https:\/\/www.orto-bar.com\/en\/wp-json\/wp\/v2\/product\/126656","targetHints":{"allow":["GET"]}}],"collection":[{"href":"https:\/\/www.orto-bar.com\/en\/wp-json\/wp\/v2\/product"}],"about":[{"href":"https:\/\/www.orto-bar.com\/en\/wp-json\/wp\/v2\/types\/product"}],"author":[{"embeddable":true,"href":"https:\/\/www.orto-bar.com\/en\/wp-json\/wp\/v2\/users\/11"}],"version-history":[{"count":0,"href":"https:\/\/www.orto-bar.com\/en\/wp-json\/wp\/v2\/product\/126656\/revisions"}],"wp:featuredmedia":[{"embeddable":true,"href":"https:\/\/www.orto-bar.com\/en\/wp-json\/wp\/v2\/media\/126657"}],"wp:attachment":[{"href":"https:\/\/www.orto-bar.com\/en\/wp-json\/wp\/v2\/media?parent=126656"}],"wp:term":[{"taxonomy":"product_brand","embeddable":true,"href":"https:\/\/www.orto-bar.com\/en\/wp-json\/wp\/v2\/product_brand?post=126656"},{"taxonomy":"product_cat","embeddable":true,"href":"https:\/\/www.orto-bar.com\/en\/wp-json\/wp\/v2\/product_cat?post=126656"},{"taxonomy":"product_tag","embeddable":true,"href":"https:\/\/www.orto-bar.com\/en\/wp-json\/wp\/v2\/product_tag?post=126656"}],"curies":[{"name":"wp","href":"https:\/\/api.w.org\/{rel}","templated":true}]}}