{"id":126903,"date":"2025-12-04T13:13:10","date_gmt":"2025-12-04T12:13:10","guid":{"rendered":"https:\/\/www.orto-bar.com\/?post_type=product&#038;p=126903"},"modified":"2026-04-14T22:41:14","modified_gmt":"2026-04-14T20:41:14","slug":"urban-pulz","status":"publish","type":"product","link":"https:\/\/www.orto-bar.com\/en\/dogodki\/koncerti\/urban-pulz\/","title":{"rendered":"Urban Pulz"},"content":{"rendered":"<p>Urban Pulz so za\u010deli delovati leta 2016 z \u017eeljo, da na glasbeno sceno prinesejo nekaj novega. Svojo navdu\u0161enost nad angloameri\u0161kim \u00bbsoundom\u00ab so pribli\u017eali Slovenskim poslu\u0161alcem in razbili zati\u0161je rock scene.<\/p>\n<p>Alan, Toni, Matic in Robi imajo dolgo kilometrino v \u0161tevilnih rock in punk skupinah pred Urban Pulzom. Nekateri izmed njih so Don Mentoni Band, Elektrika, Prisluhnimo Ti\u0161ini, Mamayev Kurgan, Epidemija in \u0161tevilni drugi.<\/p>\n<p>Z nastopi na festivalih in v rock klubih ter na Radiu Val 202 in spletnih portalih predstavili so prvi <a href=\"https:\/\/music.apple.com\/si\/album\/amazing-day\/1440672173\">album \u201cAmazing Day<\/a>\u201d, novembra 2018, s katerih so najbolj uspe\u0161ni singli \u201c<a href=\"https:\/\/www.youtube.com\/watch?v=J9iQaRY_-JQ\">Amazing day<\/a>\u201d, \u201c<a href=\"https:\/\/www.youtube.com\/watch?v=iM0ymSUqdF4\">Better days<\/a>\u201d in \u201c<a href=\"https:\/\/www.youtube.com\/watch?v=RbBMVoemmIw\">Again<\/a>\u201d. Album podpisujejo kot avtorji glasbe Alan in Toni, besedila Alan, producentsko pa Zvone Kukec.<\/p>\n<p>Trenutno je v pripravi nov glasbeni material za drugi album v Slovenskem jeziku z nekoliko bolj zrelim zvokom, z obogatenimi aran\u017emaji s klavijaturskimi in synth podlagami, na prepoznavni energi\u010dni podlagi v Urban Pulz stilu.<\/p>","protected":false},"excerpt":{"rendered":"<p>Urban Pulz so za\u010deli delovati leta 2016 z \u017eeljo, da na glasbeno sceno prinesejo nekaj novega. Svojo navdu\u0161enost nad angloameri\u0161kim \u00bbsoundom\u00ab so pribli\u017eali Slovenskim poslu\u0161alcem in razbili zati\u0161je rock scene. Alan, Toni, Matic in Robi imajo dolgo kilometrino v \u0161tevilnih rock in punk skupinah pred Urban Pulzom. Nekateri izmed njih so Don Mentoni Band, Elektrika, [&hellip;]<\/p>","protected":false},"author":11,"featured_media":142449,"template":"","meta":{"_seopress_robots_primary_cat":"none","_seopress_titles_title":"","_seopress_titles_desc":"","_seopress_robots_index":""},"product_brand":[],"product_cat":[226],"product_tag":[222],"class_list":{"0":"post-126903","1":"product","2":"type-product","3":"status-publish","4":"has-post-thumbnail","6":"product_cat-koncerti","7":"product_tag-predprodaja","9":"entry","10":"has-media","12":"first","13":"instock","14":"virtual","15":"taxable","16":"purchasable","17":"product-type-simple","18":"has-product-nav","19":"col","20":"span_1_of_4","21":"owp-content-center","22":"item-entry","23":"owp-thumbs-layout-horizontal","24":"owp-btn-normal","25":"owp-tabs-layout-section","26":"has-no-thumbnails"},"publishpress_future_action":{"enabled":true,"date":"2026-05-08 01:17:00","action":"category","newStatus":"draft","terms":[230],"taxonomy":"product_cat","extraData":[]},"publishpress_future_workflow_manual_trigger":{"enabledWorkflows":[]},"_links":{"self":[{"href":"https:\/\/www.orto-bar.com\/en\/wp-json\/wp\/v2\/product\/126903","targetHints":{"allow":["GET"]}}],"collection":[{"href":"https:\/\/www.orto-bar.com\/en\/wp-json\/wp\/v2\/product"}],"about":[{"href":"https:\/\/www.orto-bar.com\/en\/wp-json\/wp\/v2\/types\/product"}],"author":[{"embeddable":true,"href":"https:\/\/www.orto-bar.com\/en\/wp-json\/wp\/v2\/users\/11"}],"version-history":[{"count":1,"href":"https:\/\/www.orto-bar.com\/en\/wp-json\/wp\/v2\/product\/126903\/revisions"}],"predecessor-version":[{"id":142450,"href":"https:\/\/www.orto-bar.com\/en\/wp-json\/wp\/v2\/product\/126903\/revisions\/142450"}],"wp:featuredmedia":[{"embeddable":true,"href":"https:\/\/www.orto-bar.com\/en\/wp-json\/wp\/v2\/media\/142449"}],"wp:attachment":[{"href":"https:\/\/www.orto-bar.com\/en\/wp-json\/wp\/v2\/media?parent=126903"}],"wp:term":[{"taxonomy":"product_brand","embeddable":true,"href":"https:\/\/www.orto-bar.com\/en\/wp-json\/wp\/v2\/product_brand?post=126903"},{"taxonomy":"product_cat","embeddable":true,"href":"https:\/\/www.orto-bar.com\/en\/wp-json\/wp\/v2\/product_cat?post=126903"},{"taxonomy":"product_tag","embeddable":true,"href":"https:\/\/www.orto-bar.com\/en\/wp-json\/wp\/v2\/product_tag?post=126903"}],"curies":[{"name":"wp","href":"https:\/\/api.w.org\/{rel}","templated":true}]}}