{"id":127263,"date":"2025-12-08T19:44:28","date_gmt":"2025-12-08T18:44:28","guid":{"rendered":"https:\/\/www.orto-bar.com\/?post_type=product&#038;p=127263"},"modified":"2026-01-23T23:58:15","modified_gmt":"2026-01-23T22:58:15","slug":"jugoslovenka-party","status":"publish","type":"product","link":"https:\/\/www.orto-bar.com\/en\/dogodki\/arhiv\/jugoslovenka-party\/","title":{"rendered":"Jugoslovenka Party"},"content":{"rendered":"<p>Jugoslovanka se vra\u010da v Ljubljano, v znani lokal Orto Bar v petek, 23.1.2026. Vabimo vas na novo dru\u017eenje po ve\u010dmese\u010dnem premoru z najbolj\u0161im izborom jugoslovanskih hitov za \u017eur<br \/>\nVstopnice v predprodaji po ceni 10 evrov si lahko zagotovite na spletni strani <a class=\"xogfrqt x1slwz57 x1bvjpef\" href=\"http:\/\/www.orto-bar.com\/en\/?fbclid=IwZXh0bgNhZW0CMTAAYnJpZBExMHFFTVc4ZERONUcyV0NpdHNydGMGYXBwX2lkDzUxNDc3MTU2OTIyODA2MQABHn0dMUUOBSvWrdVVFxRoPps_c3dMbKCkm0QlF-TRryHdafC0VZ_guOqxTI_s_aem_jP5DzIfWT5qAYz9FFW6DJA\" target=\"_blank\" rel=\"nofollow noopener noreferrer\" data-lynx-mode=\"hover\" data-lynx-uri=\"https:\/\/l.facebook.com\/l.php?u=http%3A%2F%2Fwww.orto-bar.com%2F%3Ffbclid%3DIwZXh0bgNhZW0CMTAAYnJpZBExMHFFTVc4ZERONUcyV0NpdHNydGMGYXBwX2lkDzUxNDc3MTU2OTIyODA2MQABHn0dMUUOBSvWrdVVFxRoPps_c3dMbKCkm0QlF-TRryHdafC0VZ_guOqxTI_s_aem_jP5DzIfWT5qAYz9FFW6DJA&amp;h=AT2xqwwWUp7pBCZDFfbSeAOK0SSs12MticfuuCrfBMQpn6EYPRemFHZywzDLNDancuFh8kbNmGAego4LcQYgLpfSsjaWzqiHp06mO3AfBFddgGZThcyfr-ryZjDINVLkyKs\">www.orto-bar.com<\/a>. Zagotovite si jih pravo\u010dasno, saj so vstopnice za Jugoslovanko pogosto \u017ee razprodane!<br \/>\nJugoslovanski \u017eur \u017ee \u0161est let polni beograjske klube \u0160lep, \u0160trafta in Zappa Baza. V zadnjih treh letih je bila zabava razprodana v ve\u010d kot 40 klubih po vsej regiji, pred kratkim pa je za\u010dela razprodano turnejo po evropskih mestih, kot so Oslo, Stockholm, Frankfurt, Malm\u00f6, Praga, Helsinki &#8230;<br \/>\nTo je zabava vseh velikih jugoslovanskih bendov, urbanih glasbenih gibanj, preseka scene neko\u010d in danes na teh prostorih. Pripravite grlo za petje in noge za ples, na repertoarju pa bodo Dino Dvornik, EKV, Haustor, Denis &amp; Denis, Idoli, Bebi Dol, Partibrejkers, Prljavo Kazali\u0161te, Bijelo Dugme, Oliver Mandi\u0107, \u0110avoli, Bajaga, Tajci, Crvena Jabuka, Zana, Parni Valjak &#8230;, nove mo\u010di pa bodo tudi kot Nipplepeople, Butch Cassidy, SevdahBaby, Artan Lili, Dubioza Kolektiv, Vojko V&#8230;<br \/>\nZa DJ pultom je Du\u0161ko Milojevi\u0107 a.k.a. Dulex, \u010dlovek, ki je bil rezident najbolj\u0161ih beograjskih alternativnih klubov, kot so Akademija, Povetarac, Ben Akiba, Pazi \u0160kola, \u0160trafta, Pop Quart, \u0160lep &#8230; in \u010dlovek, ki \u017ee 12 let organizira koncerte najbolj\u0161ih regionalnih bendov v Bo\u017eidarcu v okviru serije Vra\u010dar Rocks.<br \/>\nSe vidimo v petek, 23.januarja v Orto Baru<\/p>\n<p>Ve\u010d informacij na <a class=\"xogfrqt x1slwz57 x1bvjpef\" href=\"https:\/\/l.facebook.com\/l.php?u=http%3A%2F%2Fwww.jugoslovenka.net%2F%3Ffbclid%3DIwZXh0bgNhZW0CMTAAYnJpZBExMHFFTVc4ZERONUcyV0NpdHNydGMGYXBwX2lkDzUxNDc3MTU2OTIyODA2MQABHnGcIXNJLYCPD-hEmlSKy9mxLXfMBAqSnkxswMHOB_Sftmnh-9-9TKMBYGF5_aem_Tjq8Mlt9ZCcJqpyjkrFd4w&amp;h=AT2xqwwWUp7pBCZDFfbSeAOK0SSs12MticfuuCrfBMQpn6EYPRemFHZywzDLNDancuFh8kbNmGAego4LcQYgLpfSsjaWzqiHp06mO3AfBFddgGZThcyfr-ryZjDINVLkyKs\" target=\"_blank\" rel=\"nofollow noopener noreferrer\" data-lynx-mode=\"hover\">www.jugoslovenka.net<\/a><br \/>\n<a class=\"xogfrqt x1slwz57 x1bvjpef\" href=\"https:\/\/l.facebook.com\/l.php?u=http%3A%2F%2Fwww.instagram.com%2Fjugoslovenka.party%3Ffbclid%3DIwZXh0bgNhZW0CMTAAYnJpZBExMHFFTVc4ZERONUcyV0NpdHNydGMGYXBwX2lkDzUxNDc3MTU2OTIyODA2MQABHjZU3y5yHWlH0DMAk8dMHDepewlj0EZaeN6KRGDLmRZ8Mh_z1vc5Zhu0smQU_aem_K8gqPbl6__xdKYTws62kVg&amp;h=AT2xqwwWUp7pBCZDFfbSeAOK0SSs12MticfuuCrfBMQpn6EYPRemFHZywzDLNDancuFh8kbNmGAego4LcQYgLpfSsjaWzqiHp06mO3AfBFddgGZThcyfr-ryZjDINVLkyKs\" target=\"_blank\" rel=\"nofollow noopener noreferrer\" data-lynx-mode=\"hover\">www.instagram.com\/jugoslovenka.party<\/a><\/p>\n<p>&nbsp;<\/p>","protected":false},"excerpt":{"rendered":"<p>Jugoslovanka se vra\u010da v Ljubljano, v znani lokal Orto Bar v petek, 23.1.2026. Vabimo vas na novo dru\u017eenje po ve\u010dmese\u010dnem premoru z najbolj\u0161im izborom jugoslovanskih hitov za \u017eur Vstopnice v predprodaji po ceni 10 evrov si lahko zagotovite na spletni strani www.orto-bar.com. Zagotovite si jih pravo\u010dasno, saj so vstopnice za Jugoslovanko pogosto \u017ee razprodane! Jugoslovanski [&hellip;]<\/p>","protected":false},"author":11,"featured_media":127264,"template":"","meta":{"_seopress_robots_primary_cat":"none","_seopress_titles_title":"","_seopress_titles_desc":"","_seopress_robots_index":""},"product_brand":[],"product_cat":[230],"product_tag":[222],"class_list":{"0":"post-127263","1":"product","2":"type-product","3":"status-publish","4":"has-post-thumbnail","6":"product_cat-arhiv","7":"product_tag-predprodaja","9":"entry","10":"has-media","12":"first","13":"instock","14":"virtual","15":"taxable","16":"product-type-simple","17":"has-product-nav","18":"col","19":"span_1_of_4","20":"owp-content-center","21":"item-entry","22":"owp-thumbs-layout-horizontal","23":"owp-btn-normal","24":"owp-tabs-layout-section","25":"has-no-thumbnails"},"publishpress_future_action":{"enabled":false,"date":"2026-05-11 11:05:33","action":"change-status","newStatus":"draft","terms":[],"taxonomy":"product_cat","extraData":[]},"publishpress_future_workflow_manual_trigger":{"enabledWorkflows":[]},"_links":{"self":[{"href":"https:\/\/www.orto-bar.com\/en\/wp-json\/wp\/v2\/product\/127263","targetHints":{"allow":["GET"]}}],"collection":[{"href":"https:\/\/www.orto-bar.com\/en\/wp-json\/wp\/v2\/product"}],"about":[{"href":"https:\/\/www.orto-bar.com\/en\/wp-json\/wp\/v2\/types\/product"}],"author":[{"embeddable":true,"href":"https:\/\/www.orto-bar.com\/en\/wp-json\/wp\/v2\/users\/11"}],"version-history":[{"count":0,"href":"https:\/\/www.orto-bar.com\/en\/wp-json\/wp\/v2\/product\/127263\/revisions"}],"wp:featuredmedia":[{"embeddable":true,"href":"https:\/\/www.orto-bar.com\/en\/wp-json\/wp\/v2\/media\/127264"}],"wp:attachment":[{"href":"https:\/\/www.orto-bar.com\/en\/wp-json\/wp\/v2\/media?parent=127263"}],"wp:term":[{"taxonomy":"product_brand","embeddable":true,"href":"https:\/\/www.orto-bar.com\/en\/wp-json\/wp\/v2\/product_brand?post=127263"},{"taxonomy":"product_cat","embeddable":true,"href":"https:\/\/www.orto-bar.com\/en\/wp-json\/wp\/v2\/product_cat?post=127263"},{"taxonomy":"product_tag","embeddable":true,"href":"https:\/\/www.orto-bar.com\/en\/wp-json\/wp\/v2\/product_tag?post=127263"}],"curies":[{"name":"wp","href":"https:\/\/api.w.org\/{rel}","templated":true}]}}