{"id":127266,"date":"2025-12-08T20:17:26","date_gmt":"2025-12-08T19:17:26","guid":{"rendered":"https:\/\/www.orto-bar.com\/?post_type=product&#038;p=127266"},"modified":"2026-01-29T18:57:43","modified_gmt":"2026-01-29T17:57:43","slug":"stone-head-amys-escape","status":"publish","type":"product","link":"https:\/\/www.orto-bar.com\/en\/dogodki\/arhiv\/stone-head-amys-escape\/","title":{"rendered":"Stone Head, Amy&#8217;s Escape"},"content":{"rendered":"<p><strong>Stone Head je blues rock skupina iz okolice Ljubljane, ki ob\u010dinstvo s svojo glasbo popelje v svet nalezljivih rifov in \u010dustvenih vokalov. Odkar so se poleti formirali, hitro prodirajo na glasbeno sceno z avtorskimi komadi, ki jih je njihov vokalist za\u010del pisati \u017ee v osnovni \u0161oli. V svojih skladbah ne izra\u017eajo zgolj ljubezni do glasbe, temve\u010d nenehno i\u0161\u010dejo tisti popolni blues zvok, ki vas bo popeljal v globino \u010dustev in melodij.<\/strong><br \/>\n<strong>_____________________________<\/strong><\/p>\n<p><strong>Kepica alternative, kepica punka \u2013 to so Amy\u2019s Escape. Njihova glasba se sprehaja od te\u017ekih balad s pomenljivim besedilom, pa do hitrih in udarnih ritmov s pridihom frustracije. Razli\u010dne glasbene vplive zdru\u017eujejo v harmoni\u010dno celoto, a vsi njihovi zveni imajo na koncu skupno noto, ki jo potencirajo na odru.<\/strong><\/p>","protected":false},"excerpt":{"rendered":"<p>Stone Head je blues rock skupina iz okolice Ljubljane, ki ob\u010dinstvo s svojo glasbo popelje v svet nalezljivih rifov in \u010dustvenih vokalov. Odkar so se poleti formirali, hitro prodirajo na glasbeno sceno z avtorskimi komadi, ki jih je njihov vokalist za\u010del pisati \u017ee v osnovni \u0161oli. V svojih skladbah ne izra\u017eajo zgolj ljubezni do glasbe, [&hellip;]<\/p>","protected":false},"author":11,"featured_media":127267,"template":"","meta":{"_seopress_robots_primary_cat":"none","_seopress_titles_title":"","_seopress_titles_desc":"","_seopress_robots_index":""},"product_brand":[],"product_cat":[230],"product_tag":[222],"class_list":{"0":"post-127266","1":"product","2":"type-product","3":"status-publish","4":"has-post-thumbnail","6":"product_cat-arhiv","7":"product_tag-predprodaja","9":"entry","10":"has-media","12":"first","13":"instock","14":"virtual","15":"taxable","16":"product-type-simple","17":"has-product-nav","18":"col","19":"span_1_of_4","20":"owp-content-center","21":"item-entry","22":"owp-thumbs-layout-horizontal","23":"owp-btn-normal","24":"owp-tabs-layout-section","25":"has-no-thumbnails"},"publishpress_future_action":{"enabled":false,"date":"2026-05-11 11:07:24","action":"change-status","newStatus":"draft","terms":[],"taxonomy":"product_cat","extraData":[]},"publishpress_future_workflow_manual_trigger":{"enabledWorkflows":[]},"_links":{"self":[{"href":"https:\/\/www.orto-bar.com\/en\/wp-json\/wp\/v2\/product\/127266","targetHints":{"allow":["GET"]}}],"collection":[{"href":"https:\/\/www.orto-bar.com\/en\/wp-json\/wp\/v2\/product"}],"about":[{"href":"https:\/\/www.orto-bar.com\/en\/wp-json\/wp\/v2\/types\/product"}],"author":[{"embeddable":true,"href":"https:\/\/www.orto-bar.com\/en\/wp-json\/wp\/v2\/users\/11"}],"version-history":[{"count":0,"href":"https:\/\/www.orto-bar.com\/en\/wp-json\/wp\/v2\/product\/127266\/revisions"}],"wp:featuredmedia":[{"embeddable":true,"href":"https:\/\/www.orto-bar.com\/en\/wp-json\/wp\/v2\/media\/127267"}],"wp:attachment":[{"href":"https:\/\/www.orto-bar.com\/en\/wp-json\/wp\/v2\/media?parent=127266"}],"wp:term":[{"taxonomy":"product_brand","embeddable":true,"href":"https:\/\/www.orto-bar.com\/en\/wp-json\/wp\/v2\/product_brand?post=127266"},{"taxonomy":"product_cat","embeddable":true,"href":"https:\/\/www.orto-bar.com\/en\/wp-json\/wp\/v2\/product_cat?post=127266"},{"taxonomy":"product_tag","embeddable":true,"href":"https:\/\/www.orto-bar.com\/en\/wp-json\/wp\/v2\/product_tag?post=127266"}],"curies":[{"name":"wp","href":"https:\/\/api.w.org\/{rel}","templated":true}]}}