{"id":127358,"date":"2025-12-09T22:37:28","date_gmt":"2025-12-09T21:37:28","guid":{"rendered":"https:\/\/www.orto-bar.com\/?post_type=product&#038;p=127358"},"modified":"2026-01-17T17:39:22","modified_gmt":"2026-01-17T16:39:22","slug":"gary-moore-tribute-band","status":"publish","type":"product","link":"https:\/\/www.orto-bar.com\/en\/dogodki\/arhiv\/gary-moore-tribute-band\/","title":{"rendered":"Gary Moore Tribute Band"},"content":{"rendered":"<p><strong>Gary Moore Tribute\u00a0<\/strong>je glasbeni projekt, ki izhaja iz iskrene \u017eelje ohraniti umetni\u0161ko dedi\u0161\u010dino enega najmo\u010dnej\u0161ih glasov v svetu bluesa in rock kitare.<\/p>\n<p>Glasba Garyja Moora nosi nekaj globoko edinstvenega &#8211; zgodbo, izpoved in potovanje skozi ne\u017enost, bes, hrepenenje ter osvoboditev. Skupina Gary Moore Tribute si prizadeva ujeti to izjemno emotivno jedro in ga ponovno podariti ob\u010dinstvu. Njihov namen ni predstaviti glasbo kot spomenik preteklosti, temve\u010d kot \u017eivo, aktualno energijo, ki je tudi danes enako mo\u010dna in iskrena, kot je bila ob svojem nastanku.<\/p>\n<p>Izvaja duh njegovih najbolj prepoznavnih del &#8211; od instrumentalov, kot sta \u201cThe Loner\u201d in \u201cThe Messiah Will Come Again,\u201d do ganljivih balad, kot so \u201cStill Got the Blues,\u201d \u201cEmpty Rooms\u201d in \u201cNeed Your Love So Bad.\u201d Skladbe, kot so \u201cParisienne Walkways,\u201d \u201cAlways Gonna Love You,\u201d \u201cWalking By Myself\u201d in \u201cOh Pretty Woman,\u201d pa na odru znova za\u017eivijo s tisto iskro, ki je Garyja postavila med nesmrtne.<\/p>\n<p>Gary Moore Tribute tako deluje kot most med preteklostjo in sedanjostjo &#8211; je potovanje skozi zgodbe in melodije &#8211; med umetnikom, ki je s svojo glasbo pustil neizbrisljiv pe\u010dat, in poslu\u0161alci, ki to glasbo \u0161e vedno nosijo v sebi.<\/p>\n<p>&nbsp;<\/p>","protected":false},"excerpt":{"rendered":"<p>Gary Moore Tribute\u00a0je glasbeni projekt, ki izhaja iz iskrene \u017eelje ohraniti umetni\u0161ko dedi\u0161\u010dino enega najmo\u010dnej\u0161ih glasov v svetu bluesa in rock kitare. Glasba Garyja Moora nosi nekaj globoko edinstvenega &#8211; zgodbo, izpoved in potovanje skozi ne\u017enost, bes, hrepenenje ter osvoboditev. Skupina Gary Moore Tribute si prizadeva ujeti to izjemno emotivno jedro in ga ponovno podariti [&hellip;]<\/p>","protected":false},"author":11,"featured_media":127363,"template":"","meta":{"_seopress_robots_primary_cat":"none","_seopress_titles_title":"","_seopress_titles_desc":"","_seopress_robots_index":""},"product_brand":[],"product_cat":[230],"product_tag":[222],"class_list":{"0":"post-127358","1":"product","2":"type-product","3":"status-publish","4":"has-post-thumbnail","6":"product_cat-arhiv","7":"product_tag-predprodaja","9":"entry","10":"has-media","12":"first","13":"instock","14":"virtual","15":"taxable","16":"product-type-simple","17":"has-product-nav","18":"col","19":"span_1_of_4","20":"owp-content-center","21":"item-entry","22":"owp-thumbs-layout-horizontal","23":"owp-btn-normal","24":"owp-tabs-layout-section","25":"has-no-thumbnails"},"publishpress_future_action":{"enabled":false,"date":"2026-05-11 11:06:14","action":"change-status","newStatus":"draft","terms":[],"taxonomy":"product_cat","extraData":[]},"publishpress_future_workflow_manual_trigger":{"enabledWorkflows":[]},"_links":{"self":[{"href":"https:\/\/www.orto-bar.com\/en\/wp-json\/wp\/v2\/product\/127358","targetHints":{"allow":["GET"]}}],"collection":[{"href":"https:\/\/www.orto-bar.com\/en\/wp-json\/wp\/v2\/product"}],"about":[{"href":"https:\/\/www.orto-bar.com\/en\/wp-json\/wp\/v2\/types\/product"}],"author":[{"embeddable":true,"href":"https:\/\/www.orto-bar.com\/en\/wp-json\/wp\/v2\/users\/11"}],"version-history":[{"count":0,"href":"https:\/\/www.orto-bar.com\/en\/wp-json\/wp\/v2\/product\/127358\/revisions"}],"wp:featuredmedia":[{"embeddable":true,"href":"https:\/\/www.orto-bar.com\/en\/wp-json\/wp\/v2\/media\/127363"}],"wp:attachment":[{"href":"https:\/\/www.orto-bar.com\/en\/wp-json\/wp\/v2\/media?parent=127358"}],"wp:term":[{"taxonomy":"product_brand","embeddable":true,"href":"https:\/\/www.orto-bar.com\/en\/wp-json\/wp\/v2\/product_brand?post=127358"},{"taxonomy":"product_cat","embeddable":true,"href":"https:\/\/www.orto-bar.com\/en\/wp-json\/wp\/v2\/product_cat?post=127358"},{"taxonomy":"product_tag","embeddable":true,"href":"https:\/\/www.orto-bar.com\/en\/wp-json\/wp\/v2\/product_tag?post=127358"}],"curies":[{"name":"wp","href":"https:\/\/api.w.org\/{rel}","templated":true}]}}