{"id":127558,"date":"2025-12-12T11:44:55","date_gmt":"2025-12-12T10:44:55","guid":{"rendered":"https:\/\/www.orto-bar.com\/?post_type=product&#038;p=127558"},"modified":"2026-03-24T20:14:54","modified_gmt":"2026-03-24T19:14:54","slug":"iamxaux-animaux","status":"publish","type":"product","link":"https:\/\/www.orto-bar.com\/en\/dogodki\/arhiv\/iamxaux-animaux\/","title":{"rendered":"IAMX,Aux Animaux"},"content":{"rendered":"<p><strong>IAMX je umetni\u0161ki projekt britanskega glasbenika Chrisa Cornerja, znanega po<\/strong><br \/>\n<strong>edinstveni me\u0161anici elektro rocka, dance glasbe, mra\u010dnega kabareja in \u010dustvenih<\/strong><br \/>\n<strong>balad. Njegov prepoznaven izraz zdru\u017euje surovo energijo, introspektivna besedila in<\/strong><br \/>\n<strong>mo\u010dan vizualni identitet, zaradi \u010desar velja za enega najbolj izvirnih glasbenih<\/strong><br \/>\n<strong>projektov dana\u0161njega \u010dasa.<\/strong><br \/>\n<strong>V svoji karieri je IAMX izdal enajst studijskih albumov ter ve\u010d remiksov, koncertnih in<\/strong><br \/>\n<strong>akusti\u010dnih izdaj. Ve\u010dino glasbe Corner ustvarja sam \u2014 pi\u0161e, snema in producira \u2014<\/strong><br \/>\n<strong>medtem ko je pri albumih The Unified Field in Unfall sodeloval s priznanim<\/strong><br \/>\n<strong>producentom Jimom Abbasom (med drugim je produciral prva dva albuma Adele ter<\/strong><br \/>\n<strong>izvajalce Arctic Monkeys, Kasabian in Placebo), akusti\u010dni album Echo Echo pa je nastal<\/strong><br \/>\n<strong>v sodelovanju z Davidom Bottrillom (sodeloval z zasedbama King Crimson in Tool).<\/strong><br \/>\n<strong>Najnovej\u0161i izdaji, Fault Lines\u00b9 (2023) in Fault Lines\u00b2 (2024), prina\u0161ata zrelej\u0161i in bolj<\/strong><br \/>\n<strong>introspektiven zvok, a hkrati ohranjata prepoznavno energijo IAMX.<\/strong><br \/>\n<strong>Njegovi koncerti so pravi performansi \u2014 preplet glasbe, teatra in vizualne umetnosti.<\/strong><br \/>\n<strong>Energija, scenska dramatika, nenavadni kostumi in body painting naredijo vsak IAMX<\/strong><br \/>\n<strong>koncert nepozabno izku\u0161njo. Corner in \u010dlani zasedbe sami ustvarjajo scenski dizajn in<\/strong><br \/>\n<strong>video projekcije, ki spremljajo nastope.<\/strong><br \/>\n<strong>Turneja leta 2026 predstavlja doslej najobse\u017enej\u0161i in najambicioznej\u0161i projekt IAMX.<\/strong><\/p>\n<p><strong>Aux Animaux<\/strong><\/p>\n<p><strong>aux animaux je darkwave izvajalka iz Stockholma na \u0160vedskem. Njene pesmi \u010drpajo navdih iz darkwave in goth skupin iz 80. let, pa tudi iz okultizma in grozljivk.<\/strong><br \/>\n<strong>Aux animaux, rojena in odra\u0161\u010dala v Istanbulu, je samouka glasbenica, ki je pred selitvijo na \u0160vedsko ve\u010d let delala kot profesionalna basistka. Z aux animaux producira in miksa vso svojo glasbo. Na odru poje, medtem ko izmeni\u010dno igra teremin in bas kitaro. Teremin, ki ga ima za svoj vir \u010darovni\u0161tva, je edini instrument, ki se igra brez fizi\u010dnega stika.<\/strong><\/p>","protected":false},"excerpt":{"rendered":"<p>IAMX je umetni\u0161ki projekt britanskega glasbenika Chrisa Cornerja, znanega po edinstveni me\u0161anici elektro rocka, dance glasbe, mra\u010dnega kabareja in \u010dustvenih balad. Njegov prepoznaven izraz zdru\u017euje surovo energijo, introspektivna besedila in mo\u010dan vizualni identitet, zaradi \u010desar velja za enega najbolj izvirnih glasbenih projektov dana\u0161njega \u010dasa. V svoji karieri je IAMX izdal enajst studijskih albumov ter ve\u010d [&hellip;]<\/p>","protected":false},"author":11,"featured_media":131462,"template":"","meta":{"_seopress_robots_primary_cat":"none","_seopress_titles_title":"","_seopress_titles_desc":"","_seopress_robots_index":""},"product_brand":[],"product_cat":[230],"product_tag":[222],"class_list":{"0":"post-127558","1":"product","2":"type-product","3":"status-publish","4":"has-post-thumbnail","6":"product_cat-arhiv","7":"product_tag-predprodaja","9":"entry","10":"has-media","12":"first","13":"instock","14":"virtual","15":"taxable","16":"product-type-simple","17":"has-product-nav","18":"col","19":"span_1_of_4","20":"owp-content-center","21":"item-entry","22":"owp-thumbs-layout-horizontal","23":"owp-btn-normal","24":"owp-tabs-layout-section","25":"has-no-thumbnails"},"publishpress_future_action":{"enabled":false,"date":"2026-05-11 16:37:23","action":"change-status","newStatus":"draft","terms":[],"taxonomy":"product_cat","extraData":[]},"publishpress_future_workflow_manual_trigger":{"enabledWorkflows":[]},"_links":{"self":[{"href":"https:\/\/www.orto-bar.com\/en\/wp-json\/wp\/v2\/product\/127558","targetHints":{"allow":["GET"]}}],"collection":[{"href":"https:\/\/www.orto-bar.com\/en\/wp-json\/wp\/v2\/product"}],"about":[{"href":"https:\/\/www.orto-bar.com\/en\/wp-json\/wp\/v2\/types\/product"}],"author":[{"embeddable":true,"href":"https:\/\/www.orto-bar.com\/en\/wp-json\/wp\/v2\/users\/11"}],"version-history":[{"count":1,"href":"https:\/\/www.orto-bar.com\/en\/wp-json\/wp\/v2\/product\/127558\/revisions"}],"predecessor-version":[{"id":140324,"href":"https:\/\/www.orto-bar.com\/en\/wp-json\/wp\/v2\/product\/127558\/revisions\/140324"}],"wp:featuredmedia":[{"embeddable":true,"href":"https:\/\/www.orto-bar.com\/en\/wp-json\/wp\/v2\/media\/131462"}],"wp:attachment":[{"href":"https:\/\/www.orto-bar.com\/en\/wp-json\/wp\/v2\/media?parent=127558"}],"wp:term":[{"taxonomy":"product_brand","embeddable":true,"href":"https:\/\/www.orto-bar.com\/en\/wp-json\/wp\/v2\/product_brand?post=127558"},{"taxonomy":"product_cat","embeddable":true,"href":"https:\/\/www.orto-bar.com\/en\/wp-json\/wp\/v2\/product_cat?post=127558"},{"taxonomy":"product_tag","embeddable":true,"href":"https:\/\/www.orto-bar.com\/en\/wp-json\/wp\/v2\/product_tag?post=127558"}],"curies":[{"name":"wp","href":"https:\/\/api.w.org\/{rel}","templated":true}]}}