{"id":127561,"date":"2025-12-12T13:36:38","date_gmt":"2025-12-12T12:36:38","guid":{"rendered":"https:\/\/www.orto-bar.com\/?post_type=product&#038;p=127561"},"modified":"2026-05-03T04:26:39","modified_gmt":"2026-05-03T02:26:39","slug":"break-stuff-limp-bizkit-tribute-band-2","status":"publish","type":"product","link":"https:\/\/www.orto-bar.com\/en\/dogodki\/arhiv\/break-stuff-limp-bizkit-tribute-band-2\/","title":{"rendered":"BREAK STUFF &#8211; Limp Bizkit Tribute Band"},"content":{"rendered":"<p>Iz Italije se vra\u010da k nam zasedba BREAK STUFF &#8211; Limp Bizkit Tribute Band!<\/p>\n<p>Projekt se je rodil iz ljubezni do zasedbe, ki je zaznamovala zgodovino numetala in crossoverja. Repertoar, ki ga preigrava tribute, obsega vsa najuspe\u0161nej\u0161a in najpomembnej\u0161a glasbena dela peterice iz Jacksonvilla. Break Stuff do potankosti poustvarjajo njihov slog, zvoke in odnos.<\/p>","protected":false},"excerpt":{"rendered":"<p>Iz Italije se vra\u010da k nam zasedba BREAK STUFF &#8211; Limp Bizkit Tribute Band! Projekt se je rodil iz ljubezni do zasedbe, ki je zaznamovala zgodovino numetala in crossoverja. Repertoar, ki ga preigrava tribute, obsega vsa najuspe\u0161nej\u0161a in najpomembnej\u0161a glasbena dela peterice iz Jacksonvilla. Break Stuff do potankosti poustvarjajo njihov slog, zvoke in odnos.<\/p>","protected":false},"author":11,"featured_media":127562,"template":"","meta":{"_seopress_robots_primary_cat":"none","_seopress_titles_title":"","_seopress_titles_desc":"","_seopress_robots_index":""},"product_brand":[],"product_cat":[230],"product_tag":[222],"class_list":{"0":"post-127561","1":"product","2":"type-product","3":"status-publish","4":"has-post-thumbnail","6":"product_cat-arhiv","7":"product_tag-predprodaja","9":"entry","10":"has-media","12":"first","13":"instock","14":"virtual","15":"taxable","16":"product-type-simple","17":"has-product-nav","18":"col","19":"span_1_of_4","20":"owp-content-center","21":"item-entry","22":"owp-thumbs-layout-horizontal","23":"owp-btn-normal","24":"owp-tabs-layout-section","25":"has-no-thumbnails"},"publishpress_future_action":{"enabled":false,"date":"2026-05-10 13:43:45","action":"change-status","newStatus":"draft","terms":[],"taxonomy":"product_cat","extraData":[]},"publishpress_future_workflow_manual_trigger":{"enabledWorkflows":[]},"_links":{"self":[{"href":"https:\/\/www.orto-bar.com\/en\/wp-json\/wp\/v2\/product\/127561","targetHints":{"allow":["GET"]}}],"collection":[{"href":"https:\/\/www.orto-bar.com\/en\/wp-json\/wp\/v2\/product"}],"about":[{"href":"https:\/\/www.orto-bar.com\/en\/wp-json\/wp\/v2\/types\/product"}],"author":[{"embeddable":true,"href":"https:\/\/www.orto-bar.com\/en\/wp-json\/wp\/v2\/users\/11"}],"version-history":[{"count":0,"href":"https:\/\/www.orto-bar.com\/en\/wp-json\/wp\/v2\/product\/127561\/revisions"}],"wp:featuredmedia":[{"embeddable":true,"href":"https:\/\/www.orto-bar.com\/en\/wp-json\/wp\/v2\/media\/127562"}],"wp:attachment":[{"href":"https:\/\/www.orto-bar.com\/en\/wp-json\/wp\/v2\/media?parent=127561"}],"wp:term":[{"taxonomy":"product_brand","embeddable":true,"href":"https:\/\/www.orto-bar.com\/en\/wp-json\/wp\/v2\/product_brand?post=127561"},{"taxonomy":"product_cat","embeddable":true,"href":"https:\/\/www.orto-bar.com\/en\/wp-json\/wp\/v2\/product_cat?post=127561"},{"taxonomy":"product_tag","embeddable":true,"href":"https:\/\/www.orto-bar.com\/en\/wp-json\/wp\/v2\/product_tag?post=127561"}],"curies":[{"name":"wp","href":"https:\/\/api.w.org\/{rel}","templated":true}]}}