{"id":127564,"date":"2025-12-12T13:40:33","date_gmt":"2025-12-12T12:40:33","guid":{"rendered":"https:\/\/www.orto-bar.com\/?post_type=product&#038;p=127564"},"modified":"2026-05-04T04:27:30","modified_gmt":"2026-05-04T02:27:30","slug":"korn-alive-korn-tribute-band-2","status":"publish","type":"product","link":"https:\/\/www.orto-bar.com\/en\/dogodki\/arhiv\/korn-alive-korn-tribute-band-2\/","title":{"rendered":"KORN ALIVE \u2013 Korn Tribute Band"},"content":{"rendered":"<p>Ve\u010der, posve\u010den peterici iz Bakersfielda, za\u010detnikom zvrsti nu-metal. Ekskluzivno iz Italije , na vokalu pa frontman Ma\u042fio, ki je izjemen imitator Jonathana Davisa!<\/p>\n<p>KORN ALIVE veljajo za enega najbolj avtenti\u010dnih Korn Tribute bendov v tem delu sveta.<\/p>\n<p>&nbsp;<\/p>","protected":false},"excerpt":{"rendered":"<p>Ve\u010der, posve\u010den peterici iz Bakersfielda, za\u010detnikom zvrsti nu-metal. Ekskluzivno iz Italije , na vokalu pa frontman Ma\u042fio, ki je izjemen imitator Jonathana Davisa! KORN ALIVE veljajo za enega najbolj avtenti\u010dnih Korn Tribute bendov v tem delu sveta. &nbsp;<\/p>","protected":false},"author":11,"featured_media":127565,"template":"","meta":{"_seopress_robots_primary_cat":"none","_seopress_titles_title":"","_seopress_titles_desc":"","_seopress_robots_index":""},"product_brand":[],"product_cat":[230],"product_tag":[222],"class_list":{"0":"post-127564","1":"product","2":"type-product","3":"status-publish","4":"has-post-thumbnail","6":"product_cat-arhiv","7":"product_tag-predprodaja","9":"entry","10":"has-media","12":"first","13":"instock","14":"virtual","15":"taxable","16":"product-type-simple","17":"has-product-nav","18":"col","19":"span_1_of_4","20":"owp-content-center","21":"item-entry","22":"owp-thumbs-layout-horizontal","23":"owp-btn-normal","24":"owp-tabs-layout-section","25":"has-no-thumbnails"},"publishpress_future_action":{"enabled":false,"date":"2026-05-11 14:33:21","action":"change-status","newStatus":"draft","terms":[],"taxonomy":"product_cat","extraData":[]},"publishpress_future_workflow_manual_trigger":{"enabledWorkflows":[]},"_links":{"self":[{"href":"https:\/\/www.orto-bar.com\/en\/wp-json\/wp\/v2\/product\/127564","targetHints":{"allow":["GET"]}}],"collection":[{"href":"https:\/\/www.orto-bar.com\/en\/wp-json\/wp\/v2\/product"}],"about":[{"href":"https:\/\/www.orto-bar.com\/en\/wp-json\/wp\/v2\/types\/product"}],"author":[{"embeddable":true,"href":"https:\/\/www.orto-bar.com\/en\/wp-json\/wp\/v2\/users\/11"}],"version-history":[{"count":0,"href":"https:\/\/www.orto-bar.com\/en\/wp-json\/wp\/v2\/product\/127564\/revisions"}],"wp:featuredmedia":[{"embeddable":true,"href":"https:\/\/www.orto-bar.com\/en\/wp-json\/wp\/v2\/media\/127565"}],"wp:attachment":[{"href":"https:\/\/www.orto-bar.com\/en\/wp-json\/wp\/v2\/media?parent=127564"}],"wp:term":[{"taxonomy":"product_brand","embeddable":true,"href":"https:\/\/www.orto-bar.com\/en\/wp-json\/wp\/v2\/product_brand?post=127564"},{"taxonomy":"product_cat","embeddable":true,"href":"https:\/\/www.orto-bar.com\/en\/wp-json\/wp\/v2\/product_cat?post=127564"},{"taxonomy":"product_tag","embeddable":true,"href":"https:\/\/www.orto-bar.com\/en\/wp-json\/wp\/v2\/product_tag?post=127564"}],"curies":[{"name":"wp","href":"https:\/\/api.w.org\/{rel}","templated":true}]}}