{"id":128423,"date":"2025-12-22T18:19:15","date_gmt":"2025-12-22T17:19:15","guid":{"rendered":"https:\/\/www.orto-bar.com\/?post_type=product&#038;p=128423"},"modified":"2026-01-29T17:26:15","modified_gmt":"2026-01-29T16:26:15","slug":"xskull8-inmate","status":"publish","type":"product","link":"https:\/\/www.orto-bar.com\/en\/dogodki\/arhiv\/xskull8-inmate\/","title":{"rendered":"XSKULL8 ,INMATE"},"content":{"rendered":"<p>&nbsp;<\/p>\n<p>XSKULL8 \u2013 skupina, ki se na Billboardovih lestvicah s svojo glasbo postavlja ob bok najve\u010djim \u017eivinam te\u017eko-kategornega rocka\u2026 Kako bi jih stilsko umestili? Gibljejo se med rock in metal stili. Je pa gotovo, da bo vsak ljubitelj tr\u0161ih riffov in udarnih ritmov v njihovem nastopu na\u0161el nekaj zase.<\/p>\n<p>INMATE imajo v svojem ve\u010dletnem ustvarjanju za seboj veliko koncertov po Sloveniji in tujini. V letih delovanja so napredovali v zvoku in glasbeni usmeritvi, lahko se pohvalijo tudi z izredno dovr\u0161enim odrskim nastopom. Mo\u010dne kitare, udarna ritem sekcija in energi\u010dnost vokalista jim \u0161iri poslu\u0161alstvo z vsakim koncertom in jih uvr\u0161\u010da med moderne new age metal skupine. Njihovo ustvarjanje in dojemanje glasbe temelji na trdem delu in iskanju novih, \u0161e nepoznanih vplivov.<\/p>\n<p>Poslanstvo INMATE, ki ga vodi neusmiljeno iskanje ustvarjalnosti, je ustvariti vplivno glasbo, ki odmeva pri njihovem ob\u010dinstvu. Njihov najnovej\u0161i album, Let the Dead Bury Their Dead, je prinesel veliko dodano vrednost evropski turneji skupaj s zasedbo Ektomorf, kjer je raz\u0161iril svoje sporo\u010dilo ter zvok novemu ob\u010dinstvu. Vrhunci njihove kariere predstavljajo nastop s skupino Dark Tranquillity na njihovi turneji \u201cWhere Death Is Most Alive\u201d v Zagrebu in na Dunaju ter deljenje odrov s skupinami, kot so Hatebreed, Neaera in Brujeria. Z ve\u010dkratnimi nastopi na festivalih MetalDays, MetalFest in Rock the Lake skupaj z dvema zaporednima nastopoma na EMA, nacionalnim tekmovanjem za Evrovizijo, kjer so se zapisali v zgodovino kot prva slovenska nastopajo\u010da metal skupina, so si utrdili sloves izvajalcev, ki jih je treba videti v \u017eivo.<\/p>\n<p>Zasedbo INMATE sestavljajo:<br \/>\nMarko Dupli\u0161ak &#8211; Vokali<br \/>\nDavid Vodopivec &#8211; Kitara<br \/>\nJure Vertelj &#8211; Kitara<br \/>\nJure Grudnik &#8211; Bobni<\/p>\n<p>&nbsp;<\/p>","protected":false},"excerpt":{"rendered":"<p>&nbsp; XSKULL8 \u2013 skupina, ki se na Billboardovih lestvicah s svojo glasbo postavlja ob bok najve\u010djim \u017eivinam te\u017eko-kategornega rocka\u2026 Kako bi jih stilsko umestili? Gibljejo se med rock in metal stili. Je pa gotovo, da bo vsak ljubitelj tr\u0161ih riffov in udarnih ritmov v njihovem nastopu na\u0161el nekaj zase. INMATE imajo v svojem ve\u010dletnem ustvarjanju [&hellip;]<\/p>","protected":false},"author":11,"featured_media":128425,"template":"","meta":{"_seopress_robots_primary_cat":"none","_seopress_titles_title":"","_seopress_titles_desc":"","_seopress_robots_index":""},"product_brand":[],"product_cat":[230],"product_tag":[222],"class_list":{"0":"post-128423","1":"product","2":"type-product","3":"status-publish","4":"has-post-thumbnail","6":"product_cat-arhiv","7":"product_tag-predprodaja","9":"entry","10":"has-media","12":"first","13":"instock","14":"virtual","15":"taxable","16":"product-type-simple","17":"has-product-nav","18":"col","19":"span_1_of_4","20":"owp-content-center","21":"item-entry","22":"owp-thumbs-layout-horizontal","23":"owp-btn-normal","24":"owp-tabs-layout-section","25":"has-no-thumbnails"},"publishpress_future_action":{"enabled":false,"date":"2026-05-11 12:19:22","action":"change-status","newStatus":"draft","terms":[],"taxonomy":"product_cat","extraData":[]},"publishpress_future_workflow_manual_trigger":{"enabledWorkflows":[]},"_links":{"self":[{"href":"https:\/\/www.orto-bar.com\/en\/wp-json\/wp\/v2\/product\/128423","targetHints":{"allow":["GET"]}}],"collection":[{"href":"https:\/\/www.orto-bar.com\/en\/wp-json\/wp\/v2\/product"}],"about":[{"href":"https:\/\/www.orto-bar.com\/en\/wp-json\/wp\/v2\/types\/product"}],"author":[{"embeddable":true,"href":"https:\/\/www.orto-bar.com\/en\/wp-json\/wp\/v2\/users\/11"}],"version-history":[{"count":0,"href":"https:\/\/www.orto-bar.com\/en\/wp-json\/wp\/v2\/product\/128423\/revisions"}],"wp:featuredmedia":[{"embeddable":true,"href":"https:\/\/www.orto-bar.com\/en\/wp-json\/wp\/v2\/media\/128425"}],"wp:attachment":[{"href":"https:\/\/www.orto-bar.com\/en\/wp-json\/wp\/v2\/media?parent=128423"}],"wp:term":[{"taxonomy":"product_brand","embeddable":true,"href":"https:\/\/www.orto-bar.com\/en\/wp-json\/wp\/v2\/product_brand?post=128423"},{"taxonomy":"product_cat","embeddable":true,"href":"https:\/\/www.orto-bar.com\/en\/wp-json\/wp\/v2\/product_cat?post=128423"},{"taxonomy":"product_tag","embeddable":true,"href":"https:\/\/www.orto-bar.com\/en\/wp-json\/wp\/v2\/product_tag?post=128423"}],"curies":[{"name":"wp","href":"https:\/\/api.w.org\/{rel}","templated":true}]}}