{"id":128486,"date":"2025-12-23T13:49:08","date_gmt":"2025-12-23T12:49:08","guid":{"rendered":"https:\/\/www.orto-bar.com\/?post_type=product&#038;p=128486"},"modified":"2025-12-23T13:54:34","modified_gmt":"2025-12-23T12:54:34","slug":"metalrock-academy-koncert","status":"publish","type":"product","link":"https:\/\/www.orto-bar.com\/en\/dogodki\/arhiv\/metalrock-academy-koncert\/","title":{"rendered":"MetalRock Academy Koncert"},"content":{"rendered":"<p>Tradicionalni koncert MetalRock Academy se vra\u010da!<\/p>\n<p>Kdaj? 8. januar 2026 ob 20h<br \/>\nKje? Orto Bar Ljubljana<br \/>\nKdo? Navdu\u0161ene kitaristeke in kitaristi, basistke in basisti, pevci in pevke<br \/>\n\u017danr? Metal, Rock<\/p>\n<p>\u010cist hudo bo!<\/p>\n<p>Vstopnine ni! Povej naprej!<\/p>\n<p>&nbsp;<\/p>","protected":false},"excerpt":{"rendered":"<p>Tradicionalni koncert MetalRock Academy se vra\u010da! Kdaj? 8. januar 2026 ob 20h Kje? Orto Bar Ljubljana Kdo? Navdu\u0161ene kitaristeke in kitaristi, basistke in basisti, pevci in pevke \u017danr? Metal, Rock \u010cist hudo bo! Vstopnine ni! Povej naprej! &nbsp;<\/p>","protected":false},"author":11,"featured_media":128487,"template":"","meta":{"_seopress_robots_primary_cat":"none","_seopress_titles_title":"","_seopress_titles_desc":"","_seopress_robots_index":""},"product_brand":[],"product_cat":[230],"product_tag":[222],"class_list":{"0":"post-128486","1":"product","2":"type-product","3":"status-publish","4":"has-post-thumbnail","6":"product_cat-arhiv","7":"product_tag-predprodaja","9":"entry","10":"has-media","12":"first","13":"instock","14":"virtual","15":"taxable","16":"product-type-simple","17":"has-product-nav","18":"col","19":"span_1_of_4","20":"owp-content-center","21":"item-entry","22":"owp-thumbs-layout-horizontal","23":"owp-btn-normal","24":"owp-tabs-layout-section","25":"has-no-thumbnails"},"publishpress_future_action":{"enabled":false,"date":"2026-05-11 09:48:32","action":"change-status","newStatus":"draft","terms":[],"taxonomy":"product_cat","extraData":[]},"publishpress_future_workflow_manual_trigger":{"enabledWorkflows":[]},"_links":{"self":[{"href":"https:\/\/www.orto-bar.com\/en\/wp-json\/wp\/v2\/product\/128486","targetHints":{"allow":["GET"]}}],"collection":[{"href":"https:\/\/www.orto-bar.com\/en\/wp-json\/wp\/v2\/product"}],"about":[{"href":"https:\/\/www.orto-bar.com\/en\/wp-json\/wp\/v2\/types\/product"}],"author":[{"embeddable":true,"href":"https:\/\/www.orto-bar.com\/en\/wp-json\/wp\/v2\/users\/11"}],"version-history":[{"count":0,"href":"https:\/\/www.orto-bar.com\/en\/wp-json\/wp\/v2\/product\/128486\/revisions"}],"wp:featuredmedia":[{"embeddable":true,"href":"https:\/\/www.orto-bar.com\/en\/wp-json\/wp\/v2\/media\/128487"}],"wp:attachment":[{"href":"https:\/\/www.orto-bar.com\/en\/wp-json\/wp\/v2\/media?parent=128486"}],"wp:term":[{"taxonomy":"product_brand","embeddable":true,"href":"https:\/\/www.orto-bar.com\/en\/wp-json\/wp\/v2\/product_brand?post=128486"},{"taxonomy":"product_cat","embeddable":true,"href":"https:\/\/www.orto-bar.com\/en\/wp-json\/wp\/v2\/product_cat?post=128486"},{"taxonomy":"product_tag","embeddable":true,"href":"https:\/\/www.orto-bar.com\/en\/wp-json\/wp\/v2\/product_tag?post=128486"}],"curies":[{"name":"wp","href":"https:\/\/api.w.org\/{rel}","templated":true}]}}