{"id":128595,"date":"2025-12-24T13:23:20","date_gmt":"2025-12-24T12:23:20","guid":{"rendered":"https:\/\/www.orto-bar.com\/?post_type=product&#038;p=128595"},"modified":"2026-01-08T20:08:56","modified_gmt":"2026-01-08T19:08:56","slug":"mimi-margot-5-linija","status":"publish","type":"product","link":"https:\/\/www.orto-bar.com\/en\/dogodki\/arhiv\/mimi-margot-5-linija\/","title":{"rendered":"Mimi Margot ,5. linija"},"content":{"rendered":"<p>Mimi Margot ustvarjajo svojo unikatno glasbeno zgodbo od leta 2021. Sestavlja jih uigrana peterica: Jure Salobir (vokal, ritem kitara), Katarina Salobir (klaviature, spremljevalni vokal), Peter Horvat (kitara), Toma\u017e Lukman (bas) in Gregor Seme (bobni). Posve\u010dajo se ustvarjanju avtorske slovenske rock glasbe, v kateri se prepletajo energi\u010dni ritmi, \u010dutne melodije in besedila, ki segajo do srca. Na odru navdu\u0161ujejo z avtenti\u010dnim zvokom, ki \u010drpa navdih iz klasi\u010dnega rocka, a hkrati i\u0161\u010de sve\u017ee izraze v \u0161iroki glasbeni pokrajini.<\/p>\n<p>Po skoraj petih letih ustvarjanja se bo za uvod v ve\u010der predstavila zasedba 5. linija V\u010dasih so se imenovali Top Hats ter ustvarili 5 pesmi z besedili v angle\u0161kem jeziku. Nato so se naveli\u010dali klobukov, preklopili na prete\u017eno doma\u010d jezik in se preimenovali v 5. linija. \u010clani namre\u010d prihajajo iz Kodeljevega in Kosez, povezuje pa jih avtobusna linija \u0161t 5.<\/p>\n<p>&nbsp;<\/p>","protected":false},"excerpt":{"rendered":"<p>Mimi Margot ustvarjajo svojo unikatno glasbeno zgodbo od leta 2021. Sestavlja jih uigrana peterica: Jure Salobir (vokal, ritem kitara), Katarina Salobir (klaviature, spremljevalni vokal), Peter Horvat (kitara), Toma\u017e Lukman (bas) in Gregor Seme (bobni). Posve\u010dajo se ustvarjanju avtorske slovenske rock glasbe, v kateri se prepletajo energi\u010dni ritmi, \u010dutne melodije in besedila, ki segajo do srca. [&hellip;]<\/p>","protected":false},"author":11,"featured_media":128596,"template":"","meta":{"_seopress_robots_primary_cat":"none","_seopress_titles_title":"","_seopress_titles_desc":"","_seopress_robots_index":""},"product_brand":[],"product_cat":[230],"product_tag":[222],"class_list":{"0":"post-128595","1":"product","2":"type-product","3":"status-publish","4":"has-post-thumbnail","6":"product_cat-arhiv","7":"product_tag-predprodaja","9":"entry","10":"has-media","12":"first","13":"instock","14":"virtual","15":"taxable","16":"product-type-simple","17":"has-product-nav","18":"col","19":"span_1_of_4","20":"owp-content-center","21":"item-entry","22":"owp-thumbs-layout-horizontal","23":"owp-btn-normal","24":"owp-tabs-layout-section","25":"has-no-thumbnails"},"publishpress_future_action":{"enabled":false,"date":"2026-05-11 09:41:58","action":"change-status","newStatus":"draft","terms":[],"taxonomy":"product_cat","extraData":[]},"publishpress_future_workflow_manual_trigger":{"enabledWorkflows":[]},"_links":{"self":[{"href":"https:\/\/www.orto-bar.com\/en\/wp-json\/wp\/v2\/product\/128595","targetHints":{"allow":["GET"]}}],"collection":[{"href":"https:\/\/www.orto-bar.com\/en\/wp-json\/wp\/v2\/product"}],"about":[{"href":"https:\/\/www.orto-bar.com\/en\/wp-json\/wp\/v2\/types\/product"}],"author":[{"embeddable":true,"href":"https:\/\/www.orto-bar.com\/en\/wp-json\/wp\/v2\/users\/11"}],"version-history":[{"count":0,"href":"https:\/\/www.orto-bar.com\/en\/wp-json\/wp\/v2\/product\/128595\/revisions"}],"wp:featuredmedia":[{"embeddable":true,"href":"https:\/\/www.orto-bar.com\/en\/wp-json\/wp\/v2\/media\/128596"}],"wp:attachment":[{"href":"https:\/\/www.orto-bar.com\/en\/wp-json\/wp\/v2\/media?parent=128595"}],"wp:term":[{"taxonomy":"product_brand","embeddable":true,"href":"https:\/\/www.orto-bar.com\/en\/wp-json\/wp\/v2\/product_brand?post=128595"},{"taxonomy":"product_cat","embeddable":true,"href":"https:\/\/www.orto-bar.com\/en\/wp-json\/wp\/v2\/product_cat?post=128595"},{"taxonomy":"product_tag","embeddable":true,"href":"https:\/\/www.orto-bar.com\/en\/wp-json\/wp\/v2\/product_tag?post=128595"}],"curies":[{"name":"wp","href":"https:\/\/api.w.org\/{rel}","templated":true}]}}