{"id":128722,"date":"2025-12-25T18:31:55","date_gmt":"2025-12-25T17:31:55","guid":{"rendered":"https:\/\/www.orto-bar.com\/?post_type=product&#038;p=128722"},"modified":"2026-03-27T21:03:39","modified_gmt":"2026-03-27T20:03:39","slug":"orto-fest-2026-duper","status":"publish","type":"product","link":"https:\/\/www.orto-bar.com\/en\/dogodki\/arhiv\/orto-fest-2026-duper\/","title":{"rendered":"Orto Fest 2026-DUPER"},"content":{"rendered":"<p><strong><em>DUPER<\/em><\/strong><em> je ena najbolj prepoznavnih sodobnih makedonskih zasedb, ki s svojo glasbo \u017ee sedem let suvereno bri\u0161e \u017eanrske meje. Njihov zvok temelji na modernem popu, prepletenem z alternativnim senzibilitetom, mo\u010dnim karakterjem in izrazitimi melodijami, ki se hitro zasidrajo v spomin.<\/em><\/p>\n<p>&nbsp;<\/p>\n<p><em>Skoraj vse njihove skladbe so zasedale vrhove makedonskih radijskih lestvic, od prelomnega singla &#8220;Ne sum tvoj tip&#8221;\u00a0dalje, kar potrjuje izjemno povezanost benda s publiko.<\/em><\/p>\n<p><em>Nagrajeni so z <strong>Zlato Bubamaro za odkritje leta (2018)<\/strong> ter z <strong>Muzzik Video Award za najbolj\u0161i pop videospot (2021)<\/strong>, njihove regionalne nominacije pa jih postavljajo med najvidnej\u0161a imena nove balkanske pop alternative.<\/em><\/p>\n<p>&nbsp;<\/p>\n<p><em>V \u017eivo je DUPER izjemno prepri\u010dljiv koncertni bend. Energi\u010den, zrel in natan\u010den. Dva zaporedna razprodana samostojna koncerta v <strong>Stanici 26 v Skoplju<\/strong> dokazujeta, da njihova glasba na odru za\u017eivi v polni mo\u010di.<\/em><\/p>\n<p>&nbsp;<\/p>\n<p>\ud83c\udfb6\u00a0<strong><em>DUPER ne sledi trendom \u2013 DUPER ustvarja svoj zvok.<\/em><\/strong><\/p>\n<p><strong><em><br \/>\n<\/em><\/strong><em>Na <strong>Orto Fest<\/strong> prihajajo z mo\u010dno koncertno energijo in izborom svojih najve\u010djih hitov.<\/em><\/p>\n<p>&nbsp;<\/p>\n<p><strong><em>Ne zamudi!<\/em><\/strong><\/p>\n<p>&nbsp;<\/p>\n<p><em>Instagram: <a href=\"https:\/\/www.instagram.com\/duperishka\/\">https:\/\/www.instagram.com\/duperishka\/<\/a><\/em><\/p>\n<p><em>\u00a0<\/em><\/p>\n<p><em>Spotify: <a href=\"https:\/\/open.spotify.com\/artist\/3MgabjdhjMZu4qF91PUvLw\">https:\/\/open.spotify.com\/artist\/3MgabjdhjMZu4qF91PUvLw<\/a><\/em><\/p>\n<p><em>\u00a0<\/em><\/p>\n<p><em>YouTube: <a href=\"https:\/\/www.youtube.com\/@DUPERDUPER\">https:\/\/www.youtube.com\/@DUPERDUPER<\/a><\/em><\/p>\n<p><strong>Vstopnice:<\/strong><\/p>\n<ol>\n<li><strong><em>\u00a0SUPER EARLY BIRD vstopnice -RAZPRODANO!<\/em><\/strong><\/li>\n<li><strong><em>\u00a0EARLY BIRD vstopnice -RAZPRODANO<\/em><\/strong><\/li>\n<li><strong><em> Redna cena -trenutno v prodaji!<\/em><\/strong><\/li>\n<li><strong><em> Cena na dan koncerta<\/em><\/strong><\/li>\n<\/ol>\n<p>&nbsp;<\/p>","protected":false},"excerpt":{"rendered":"<p>DUPER je ena najbolj prepoznavnih sodobnih makedonskih zasedb, ki s svojo glasbo \u017ee sedem let suvereno bri\u0161e \u017eanrske meje. Njihov zvok temelji na modernem popu, prepletenem z alternativnim senzibilitetom, mo\u010dnim karakterjem in izrazitimi melodijami, ki se hitro zasidrajo v spomin. &nbsp; Skoraj vse njihove skladbe so zasedale vrhove makedonskih radijskih lestvic, od prelomnega singla &#8220;Ne [&hellip;]<\/p>","protected":false},"author":11,"featured_media":128723,"template":"","meta":{"_seopress_robots_primary_cat":"none","_seopress_titles_title":"","_seopress_titles_desc":"","_seopress_robots_index":""},"product_brand":[],"product_cat":[230],"product_tag":[222],"class_list":{"0":"post-128722","1":"product","2":"type-product","3":"status-publish","4":"has-post-thumbnail","6":"product_cat-arhiv","7":"product_tag-predprodaja","9":"entry","10":"has-media","12":"first","13":"instock","14":"virtual","15":"taxable","16":"product-type-simple","17":"has-product-nav","18":"col","19":"span_1_of_4","20":"owp-content-center","21":"item-entry","22":"owp-thumbs-layout-horizontal","23":"owp-btn-normal","24":"owp-tabs-layout-section","25":"has-no-thumbnails"},"publishpress_future_action":{"enabled":false,"date":"2026-05-11 16:35:38","action":"change-status","newStatus":"draft","terms":[],"taxonomy":"product_cat","extraData":[]},"publishpress_future_workflow_manual_trigger":{"enabledWorkflows":[]},"_links":{"self":[{"href":"https:\/\/www.orto-bar.com\/en\/wp-json\/wp\/v2\/product\/128722","targetHints":{"allow":["GET"]}}],"collection":[{"href":"https:\/\/www.orto-bar.com\/en\/wp-json\/wp\/v2\/product"}],"about":[{"href":"https:\/\/www.orto-bar.com\/en\/wp-json\/wp\/v2\/types\/product"}],"author":[{"embeddable":true,"href":"https:\/\/www.orto-bar.com\/en\/wp-json\/wp\/v2\/users\/11"}],"version-history":[{"count":0,"href":"https:\/\/www.orto-bar.com\/en\/wp-json\/wp\/v2\/product\/128722\/revisions"}],"wp:featuredmedia":[{"embeddable":true,"href":"https:\/\/www.orto-bar.com\/en\/wp-json\/wp\/v2\/media\/128723"}],"wp:attachment":[{"href":"https:\/\/www.orto-bar.com\/en\/wp-json\/wp\/v2\/media?parent=128722"}],"wp:term":[{"taxonomy":"product_brand","embeddable":true,"href":"https:\/\/www.orto-bar.com\/en\/wp-json\/wp\/v2\/product_brand?post=128722"},{"taxonomy":"product_cat","embeddable":true,"href":"https:\/\/www.orto-bar.com\/en\/wp-json\/wp\/v2\/product_cat?post=128722"},{"taxonomy":"product_tag","embeddable":true,"href":"https:\/\/www.orto-bar.com\/en\/wp-json\/wp\/v2\/product_tag?post=128722"}],"curies":[{"name":"wp","href":"https:\/\/api.w.org\/{rel}","templated":true}]}}