{"id":129323,"date":"2026-01-02T13:06:02","date_gmt":"2026-01-02T12:06:02","guid":{"rendered":"https:\/\/www.orto-bar.com\/?post_type=product&#038;p=129323"},"modified":"2026-02-13T21:34:58","modified_gmt":"2026-02-13T20:34:58","slug":"samuel-blues-hipnoticni-blues-rojstnodnevni-party","status":"publish","type":"product","link":"https:\/\/www.orto-bar.com\/en\/dogodki\/arhiv\/samuel-blues-hipnoticni-blues-rojstnodnevni-party\/","title":{"rendered":"SAMUEL BLUES-Hipnoti\u010dni blues &#038; rojstnodnevni party"},"content":{"rendered":"<p>&nbsp;<\/p>\n<p>Jeseni\u0161kega kantavtorja, ki je bil leta 2018 sopotnik Klubskega maratona Radia \u0160tudent, so takrat opisali kot \u201csolo ansambl &#8216;spod Golice\u201d s samosvojim croonerskim glasom, izvirnimi bluzovskimi izrazom in simpati\u010dim nasmehom. Samuel Blues \u017ee nekaj let predstavlja enega klju\u010dnih obrazov slovenskega bluz-rockerskega izrazja mlaj\u0161e generacije. Od zapustitve blues rock zasedbe Talking Stone leta 2012 je izdal 12 solo albumov v razli\u010dnih \u017eanrih, od bluza do diska in punka na zadnjem albumu Gora sladoleda (2023), poznamo pa ga tudi po sodelovanju z Miho Eri\u010dem. Tokrat se bo predstavil s svojim razgibanim avtorskim repertoarjem.<\/p>","protected":false},"excerpt":{"rendered":"<p>&nbsp; Jeseni\u0161kega kantavtorja, ki je bil leta 2018 sopotnik Klubskega maratona Radia \u0160tudent, so takrat opisali kot \u201csolo ansambl &#8216;spod Golice\u201d s samosvojim croonerskim glasom, izvirnimi bluzovskimi izrazom in simpati\u010dim nasmehom. Samuel Blues \u017ee nekaj let predstavlja enega klju\u010dnih obrazov slovenskega bluz-rockerskega izrazja mlaj\u0161e generacije. Od zapustitve blues rock zasedbe Talking Stone leta 2012 je [&hellip;]<\/p>","protected":false},"author":11,"featured_media":129327,"template":"","meta":{"_seopress_robots_primary_cat":"none","_seopress_titles_title":"","_seopress_titles_desc":"","_seopress_robots_index":""},"product_brand":[],"product_cat":[230],"product_tag":[222],"class_list":{"0":"post-129323","1":"product","2":"type-product","3":"status-publish","4":"has-post-thumbnail","6":"product_cat-arhiv","7":"product_tag-predprodaja","9":"entry","10":"has-media","12":"first","13":"instock","14":"virtual","15":"taxable","16":"product-type-simple","17":"has-product-nav","18":"col","19":"span_1_of_4","20":"owp-content-center","21":"item-entry","22":"owp-thumbs-layout-horizontal","23":"owp-btn-normal","24":"owp-tabs-layout-section","25":"has-no-thumbnails"},"publishpress_future_action":{"enabled":false,"date":"2026-04-24 12:22:17","action":"change-status","newStatus":"draft","terms":[],"taxonomy":"product_cat","extraData":[]},"publishpress_future_workflow_manual_trigger":{"enabledWorkflows":[]},"_links":{"self":[{"href":"https:\/\/www.orto-bar.com\/en\/wp-json\/wp\/v2\/product\/129323","targetHints":{"allow":["GET"]}}],"collection":[{"href":"https:\/\/www.orto-bar.com\/en\/wp-json\/wp\/v2\/product"}],"about":[{"href":"https:\/\/www.orto-bar.com\/en\/wp-json\/wp\/v2\/types\/product"}],"author":[{"embeddable":true,"href":"https:\/\/www.orto-bar.com\/en\/wp-json\/wp\/v2\/users\/11"}],"version-history":[{"count":0,"href":"https:\/\/www.orto-bar.com\/en\/wp-json\/wp\/v2\/product\/129323\/revisions"}],"wp:featuredmedia":[{"embeddable":true,"href":"https:\/\/www.orto-bar.com\/en\/wp-json\/wp\/v2\/media\/129327"}],"wp:attachment":[{"href":"https:\/\/www.orto-bar.com\/en\/wp-json\/wp\/v2\/media?parent=129323"}],"wp:term":[{"taxonomy":"product_brand","embeddable":true,"href":"https:\/\/www.orto-bar.com\/en\/wp-json\/wp\/v2\/product_brand?post=129323"},{"taxonomy":"product_cat","embeddable":true,"href":"https:\/\/www.orto-bar.com\/en\/wp-json\/wp\/v2\/product_cat?post=129323"},{"taxonomy":"product_tag","embeddable":true,"href":"https:\/\/www.orto-bar.com\/en\/wp-json\/wp\/v2\/product_tag?post=129323"}],"curies":[{"name":"wp","href":"https:\/\/api.w.org\/{rel}","templated":true}]}}