{"id":129668,"date":"2026-01-06T11:41:43","date_gmt":"2026-01-06T10:41:43","guid":{"rendered":"https:\/\/www.orto-bar.com\/?post_type=product&#038;p=129668"},"modified":"2026-03-29T18:21:06","modified_gmt":"2026-03-29T16:21:06","slug":"orto-fest-2026-vacuous-siderean-bastard-mycosis","status":"publish","type":"product","link":"https:\/\/www.orto-bar.com\/en\/dogodki\/arhiv\/orto-fest-2026-vacuous-siderean-bastard-mycosis\/","title":{"rendered":"Orto Fest 2026-Vacuous, Siderean, Bastard Mycosis"},"content":{"rendered":"<p>Vstopnice \u017ee v prodaji prek OnParole! 22\u20ac v predprodaji, 26\u20ac na dan koncerta.<br \/>\n<a href=\"https:\/\/www.on-parole.com\/si\/domov\/9002-vacuous-siderean-bastard-mycosis-ljubljana-12042026-vstopnica.html\">https:\/\/www.on-parole.com\/si\/domov\/9002-vacuous-siderean-bastard-mycosis-ljubljana-12042026-vstopnica.html<\/a><br \/>\nTickets already available through OnParole! 22\u20ac in presale, 26\u20ac on show day.<br \/>\n<a href=\"https:\/\/www.on-parole.com\/en\/home\/9002-vacuous-siderean-bastard-mycosis-ljubljana-12042026-ticket.html\">https:\/\/www.on-parole.com\/en\/home\/9002-vacuous-siderean-bastard-mycosis-ljubljana-12042026-ticket.html<\/a><\/p>\n<p>Orto bar bo v nedeljo, 12. 4., prizori\u0161\u010de death metal pokola. Oder bo zavzela angle\u0161ka &#8216;up-and-coming&#8217; velesila Vacuous, ki je nedolgo nazaj postala varovanec Relapse Records in Mythology agencije. Pred njimi bodo na oder stopili doma\u010di astral death metal prvaki Siderean in londonski death metalci Bastard Mycosis \u2013 death metal ma\u0161ina, ki jo sestavljajo \u010dlani Vacuous in Vaticinal Rights.<br \/>\nDeath metal paket, ki ga ne gre zamuditi!<\/p>\n<p>VACUOUS (UK, death metal)<br \/>\n<a href=\"fb: https:\/\/www.facebook.com\/vacuousdeath\/\">fb: https:\/\/www.facebook.com\/vacuousdeath\/<\/a><br \/>\nig: <a href=\"https:\/\/www.instagram.com\/vacuousdeath\/\">https:\/\/www.instagram.com\/vacuousdeath\/<\/a><br \/>\nbandcamp: <a href=\"https:\/\/vacuousdeath.bandcamp.com\/album\/in-his-blood\">https:\/\/vacuousdeath.bandcamp.com\/album\/in-his-blood<\/a><\/p>\n<p>SIDEREAN (SI, progressive death metal)<br \/>\nfb: <a href=\"https:\/\/www.facebook.com\/siderean\">https:\/\/www.facebook.com\/siderean<\/a><br \/>\nig: <a href=\"https:\/\/www.instagram.com\/siderean.band\/\">https:\/\/www.instagram.com\/siderean.band\/<\/a><br \/>\nbandcamp: <a href=\"https:\/\/edgedcircleproductions.bandcamp.com\/album\/spilling-the-astral-chalice\">https:\/\/edgedcircleproductions.bandcamp.com\/album\/spilling-the-astral-chalice<\/a><\/p>\n<p>BASTARD MYCOSIS (UK, death metal)<br \/>\nig: <a href=\"https:\/\/www.instagram.com\/bastardmycosis\/\">https:\/\/www.instagram.com\/bastardmycosis\/<\/a><br \/>\nbandcamp: <a href=\"https:\/\/cryptofthewizard.bandcamp.com\/album\/the-perpetual-harvest\">https:\/\/cryptofthewizard.bandcamp.com\/album\/the-perpetual-harvest<\/a><\/p>","protected":false},"excerpt":{"rendered":"<p>Vstopnice \u017ee v prodaji prek OnParole! 22\u20ac v predprodaji, 26\u20ac na dan koncerta. https:\/\/www.on-parole.com\/si\/domov\/9002-vacuous-siderean-bastard-mycosis-ljubljana-12042026-vstopnica.html Tickets already available through OnParole! 22\u20ac in presale, 26\u20ac on show day. https:\/\/www.on-parole.com\/en\/home\/9002-vacuous-siderean-bastard-mycosis-ljubljana-12042026-ticket.html Orto bar bo v nedeljo, 12. 4., prizori\u0161\u010de death metal pokola. Oder bo zavzela angle\u0161ka &#8216;up-and-coming&#8217; velesila Vacuous, ki je nedolgo nazaj postala varovanec Relapse Records in Mythology [&hellip;]<\/p>","protected":false},"author":11,"featured_media":129669,"template":"","meta":{"_seopress_robots_primary_cat":"none","_seopress_titles_title":"","_seopress_titles_desc":"","_seopress_robots_index":""},"product_brand":[],"product_cat":[230],"product_tag":[222],"class_list":{"0":"post-129668","1":"product","2":"type-product","3":"status-publish","4":"has-post-thumbnail","6":"product_cat-arhiv","7":"product_tag-predprodaja","9":"entry","10":"has-media","12":"first","13":"instock","14":"virtual","15":"taxable","16":"product-type-simple","17":"has-product-nav","18":"col","19":"span_1_of_4","20":"owp-content-center","21":"item-entry","22":"owp-thumbs-layout-horizontal","23":"owp-btn-normal","24":"owp-tabs-layout-section","25":"has-no-thumbnails"},"publishpress_future_action":{"enabled":false,"date":"2026-05-10 14:55:46","action":"change-status","newStatus":"draft","terms":[],"taxonomy":"product_cat","extraData":[]},"publishpress_future_workflow_manual_trigger":{"enabledWorkflows":[]},"_links":{"self":[{"href":"https:\/\/www.orto-bar.com\/en\/wp-json\/wp\/v2\/product\/129668","targetHints":{"allow":["GET"]}}],"collection":[{"href":"https:\/\/www.orto-bar.com\/en\/wp-json\/wp\/v2\/product"}],"about":[{"href":"https:\/\/www.orto-bar.com\/en\/wp-json\/wp\/v2\/types\/product"}],"author":[{"embeddable":true,"href":"https:\/\/www.orto-bar.com\/en\/wp-json\/wp\/v2\/users\/11"}],"version-history":[{"count":1,"href":"https:\/\/www.orto-bar.com\/en\/wp-json\/wp\/v2\/product\/129668\/revisions"}],"predecessor-version":[{"id":145281,"href":"https:\/\/www.orto-bar.com\/en\/wp-json\/wp\/v2\/product\/129668\/revisions\/145281"}],"wp:featuredmedia":[{"embeddable":true,"href":"https:\/\/www.orto-bar.com\/en\/wp-json\/wp\/v2\/media\/129669"}],"wp:attachment":[{"href":"https:\/\/www.orto-bar.com\/en\/wp-json\/wp\/v2\/media?parent=129668"}],"wp:term":[{"taxonomy":"product_brand","embeddable":true,"href":"https:\/\/www.orto-bar.com\/en\/wp-json\/wp\/v2\/product_brand?post=129668"},{"taxonomy":"product_cat","embeddable":true,"href":"https:\/\/www.orto-bar.com\/en\/wp-json\/wp\/v2\/product_cat?post=129668"},{"taxonomy":"product_tag","embeddable":true,"href":"https:\/\/www.orto-bar.com\/en\/wp-json\/wp\/v2\/product_tag?post=129668"}],"curies":[{"name":"wp","href":"https:\/\/api.w.org\/{rel}","templated":true}]}}