{"id":129700,"date":"2026-01-06T20:00:43","date_gmt":"2026-01-06T19:00:43","guid":{"rendered":"https:\/\/www.orto-bar.com\/?post_type=product&#038;p=129700"},"modified":"2026-02-05T19:39:12","modified_gmt":"2026-02-05T18:39:12","slug":"dire-straits-project-dire-straits-tribute-band-2","status":"publish","type":"product","link":"https:\/\/www.orto-bar.com\/en\/dogodki\/arhiv\/dire-straits-project-dire-straits-tribute-band-2\/","title":{"rendered":"DIRE STRAITS PROJECT &#8211; Dire Straits Tribute Band"},"content":{"rendered":"<p>Dire Straits Project je skupina, posve\u010dena glasbi legendarne skupine Dire Straits. Z avtenti\u010dnim zvokom, prepoznavnim kitarskim slogom in natan\u010dno izvedbo o\u017eivlja velike uspe\u0161nice Marka Knopflerja ter poslu\u0161alcem ponuja pristno koncertno izku\u0161njo.<\/p>\n<p>Skupino sestavljajo izku\u0161eni glasbeniki, ki z veliko spo\u0161tovanja do izvirnika izvajajo najve\u010dje hite, kot so Sultans of Swing, Private investigations , Money for Nothing, Brothers in Arms, in druge klasike rock glasbe.<\/p>\n<p>Dire Straits Project nastopa na koncertih, festivalih in posebnih glasbenih dogodkih, zato je vsak koncert prava glasbena poslastica za vse ljubitelje klasi\u010dnega rocka, nostalgije 80. let in kakovostne glasbe v \u017eivo.<\/p>\n<p><strong>Nastopajoci:<\/strong><\/p>\n<p>Leonard Strnad &#8211; guitar\/vocals<br \/>\nDanijel Kozlovi\u010d &#8211; keyboards\/back vocals<br \/>\nDaniel Mati\u010d &#8211; guitar\/back vocals<br \/>\nIgor Kozlovi\u010d &#8211; drums\/back vocals<br \/>\nSa\u0161a Zvonar &#8211; saxophone\/back vocals<br \/>\nErik Filip\u010di\u010d &#8211; bass guitar<\/p>\n<p>&nbsp;<\/p>","protected":false},"excerpt":{"rendered":"<p>Dire Straits Project je skupina, posve\u010dena glasbi legendarne skupine Dire Straits. Z avtenti\u010dnim zvokom, prepoznavnim kitarskim slogom in natan\u010dno izvedbo o\u017eivlja velike uspe\u0161nice Marka Knopflerja ter poslu\u0161alcem ponuja pristno koncertno izku\u0161njo. Skupino sestavljajo izku\u0161eni glasbeniki, ki z veliko spo\u0161tovanja do izvirnika izvajajo najve\u010dje hite, kot so Sultans of Swing, Private investigations , Money for Nothing, [&hellip;]<\/p>","protected":false},"author":11,"featured_media":129701,"template":"","meta":{"_seopress_robots_primary_cat":"none","_seopress_titles_title":"","_seopress_titles_desc":"","_seopress_robots_index":""},"product_brand":[],"product_cat":[230],"product_tag":[222],"class_list":{"0":"post-129700","1":"product","2":"type-product","3":"status-publish","4":"has-post-thumbnail","6":"product_cat-arhiv","7":"product_tag-predprodaja","9":"entry","10":"has-media","12":"first","13":"instock","14":"virtual","15":"taxable","16":"product-type-simple","17":"has-product-nav","18":"col","19":"span_1_of_4","20":"owp-content-center","21":"item-entry","22":"owp-thumbs-layout-horizontal","23":"owp-btn-normal","24":"owp-tabs-layout-section","25":"has-no-thumbnails"},"publishpress_future_action":{"enabled":false,"date":"2026-05-10 13:49:58","action":"change-status","newStatus":"draft","terms":[],"taxonomy":"product_cat","extraData":[]},"publishpress_future_workflow_manual_trigger":{"enabledWorkflows":[]},"_links":{"self":[{"href":"https:\/\/www.orto-bar.com\/en\/wp-json\/wp\/v2\/product\/129700","targetHints":{"allow":["GET"]}}],"collection":[{"href":"https:\/\/www.orto-bar.com\/en\/wp-json\/wp\/v2\/product"}],"about":[{"href":"https:\/\/www.orto-bar.com\/en\/wp-json\/wp\/v2\/types\/product"}],"author":[{"embeddable":true,"href":"https:\/\/www.orto-bar.com\/en\/wp-json\/wp\/v2\/users\/11"}],"version-history":[{"count":0,"href":"https:\/\/www.orto-bar.com\/en\/wp-json\/wp\/v2\/product\/129700\/revisions"}],"wp:featuredmedia":[{"embeddable":true,"href":"https:\/\/www.orto-bar.com\/en\/wp-json\/wp\/v2\/media\/129701"}],"wp:attachment":[{"href":"https:\/\/www.orto-bar.com\/en\/wp-json\/wp\/v2\/media?parent=129700"}],"wp:term":[{"taxonomy":"product_brand","embeddable":true,"href":"https:\/\/www.orto-bar.com\/en\/wp-json\/wp\/v2\/product_brand?post=129700"},{"taxonomy":"product_cat","embeddable":true,"href":"https:\/\/www.orto-bar.com\/en\/wp-json\/wp\/v2\/product_cat?post=129700"},{"taxonomy":"product_tag","embeddable":true,"href":"https:\/\/www.orto-bar.com\/en\/wp-json\/wp\/v2\/product_tag?post=129700"}],"curies":[{"name":"wp","href":"https:\/\/api.w.org\/{rel}","templated":true}]}}