{"id":129710,"date":"2026-01-06T20:08:30","date_gmt":"2026-01-06T19:08:30","guid":{"rendered":"https:\/\/www.orto-bar.com\/?post_type=product&#038;p=129710"},"modified":"2026-04-08T13:43:02","modified_gmt":"2026-04-08T11:43:02","slug":"orto-fest-2026-bogunov","status":"publish","type":"product","link":"https:\/\/www.orto-bar.com\/en\/dogodki\/arhiv\/orto-fest-2026-bogunov\/","title":{"rendered":"Orto Fest 2026-Bogunov"},"content":{"rendered":"<p>Regionalna senzacija, kon\u010dno doma!<\/p>\n<p>&nbsp;<\/p>\n<p>Alternativni rock band, je izdal svoj tretji album &#8220;Voda niz lice&#8221;, pri najve\u010dji regionalni zalo\u017ebi PGP RTS in tako postal prvi slovenski band, po 30-ih letih, ki mu je to uspelo.<\/p>\n<p>Po uspe\u0161nih gostovanjih v regiji (Beograd, Novi Sad,Tuzla, Zagreb,<\/p>\n<p>Rijeka&#8230;itd) se bodo kon\u010dno predstavili tudi doma.<\/p>\n<p>Prvi\u010d na Orto festu. Koncert bo tako tudi slovenska promocija novega albuma. Vabljeni vsi ljubitelji novega vala in alternativnega rocka. Pridite in se prepri\u010dajte, zakaj so Bogunov tako uspe\u0161ni v celi regiji.<\/p>","protected":false},"excerpt":{"rendered":"<p>Regionalna senzacija, kon\u010dno doma! &nbsp; Alternativni rock band, je izdal svoj tretji album &#8220;Voda niz lice&#8221;, pri najve\u010dji regionalni zalo\u017ebi PGP RTS in tako postal prvi slovenski band, po 30-ih letih, ki mu je to uspelo. Po uspe\u0161nih gostovanjih v regiji (Beograd, Novi Sad,Tuzla, Zagreb, Rijeka&#8230;itd) se bodo kon\u010dno predstavili tudi doma. Prvi\u010d na Orto [&hellip;]<\/p>","protected":false},"author":11,"featured_media":129711,"template":"","meta":{"_seopress_robots_primary_cat":"none","_seopress_titles_title":"","_seopress_titles_desc":"","_seopress_robots_index":""},"product_brand":[],"product_cat":[230],"product_tag":[222],"class_list":{"0":"post-129710","1":"product","2":"type-product","3":"status-publish","4":"has-post-thumbnail","6":"product_cat-arhiv","7":"product_tag-predprodaja","9":"entry","10":"has-media","12":"first","13":"instock","14":"virtual","15":"taxable","16":"product-type-simple","17":"has-product-nav","18":"col","19":"span_1_of_4","20":"owp-content-center","21":"item-entry","22":"owp-thumbs-layout-horizontal","23":"owp-btn-normal","24":"owp-tabs-layout-section","25":"has-no-thumbnails"},"publishpress_future_action":{"enabled":false,"date":"2026-05-11 19:57:52","action":"change-status","newStatus":"draft","terms":[],"taxonomy":"product_cat","extraData":[]},"publishpress_future_workflow_manual_trigger":{"enabledWorkflows":[]},"_links":{"self":[{"href":"https:\/\/www.orto-bar.com\/en\/wp-json\/wp\/v2\/product\/129710","targetHints":{"allow":["GET"]}}],"collection":[{"href":"https:\/\/www.orto-bar.com\/en\/wp-json\/wp\/v2\/product"}],"about":[{"href":"https:\/\/www.orto-bar.com\/en\/wp-json\/wp\/v2\/types\/product"}],"author":[{"embeddable":true,"href":"https:\/\/www.orto-bar.com\/en\/wp-json\/wp\/v2\/users\/11"}],"version-history":[{"count":1,"href":"https:\/\/www.orto-bar.com\/en\/wp-json\/wp\/v2\/product\/129710\/revisions"}],"predecessor-version":[{"id":146331,"href":"https:\/\/www.orto-bar.com\/en\/wp-json\/wp\/v2\/product\/129710\/revisions\/146331"}],"wp:featuredmedia":[{"embeddable":true,"href":"https:\/\/www.orto-bar.com\/en\/wp-json\/wp\/v2\/media\/129711"}],"wp:attachment":[{"href":"https:\/\/www.orto-bar.com\/en\/wp-json\/wp\/v2\/media?parent=129710"}],"wp:term":[{"taxonomy":"product_brand","embeddable":true,"href":"https:\/\/www.orto-bar.com\/en\/wp-json\/wp\/v2\/product_brand?post=129710"},{"taxonomy":"product_cat","embeddable":true,"href":"https:\/\/www.orto-bar.com\/en\/wp-json\/wp\/v2\/product_cat?post=129710"},{"taxonomy":"product_tag","embeddable":true,"href":"https:\/\/www.orto-bar.com\/en\/wp-json\/wp\/v2\/product_tag?post=129710"}],"curies":[{"name":"wp","href":"https:\/\/api.w.org\/{rel}","templated":true}]}}