{"id":129901,"date":"2026-01-08T12:55:50","date_gmt":"2026-01-08T11:55:50","guid":{"rendered":"https:\/\/www.orto-bar.com\/?post_type=product&#038;p=129901"},"modified":"2026-05-04T04:27:31","modified_gmt":"2026-05-04T02:27:31","slug":"divje-jezero","status":"publish","type":"product","link":"https:\/\/www.orto-bar.com\/en\/dogodki\/arhiv\/divje-jezero\/","title":{"rendered":"Divje Jezero"},"content":{"rendered":"<p>Divje jezero igra sodoben art-rock z mo\u010dnimi melodijami in izrazitim bendovskim zvokom. Koncerti so energi\u010dni in neposredni, z dobrim stikom s publiko, pri \u010demer veliko dajo na kakovostno glasbeno izvedbo. Poleg avtorske glasbe, s skladbami kot so Virtualna generacija, Veliko mesto, Signali (gostja Tinkara Kova\u010d) in Nad tokom (Vesna Zornik), so znani tudi po prepri\u010dljivih interpretacijah rock klasik ter ve\u010dkrat najdejo prostor na radijskih valovih.<br \/>\nNjihov zvok bo v\u0161e\u010d tudi ljubiteljem bendov, kot so Pink Floyd, Genesis, Rush, Jethro Tull, King Crimson&#8230;<\/p>\n<p>Zasedba:<br \/>\nAlen Bogataj \u2013 bas<br \/>\nLuka \u010cibej \u2013 bobni<br \/>\nAle\u0161 Golja \u2013 kitara<br \/>\n\u017diga Kova\u010di\u010d \u2013 klaviature<br \/>\nTomi Peljhan \u2013 saksofon<br \/>\n\u017dan Sedej \u2013 vokal<\/p>","protected":false},"excerpt":{"rendered":"<p>Divje jezero igra sodoben art-rock z mo\u010dnimi melodijami in izrazitim bendovskim zvokom. Koncerti so energi\u010dni in neposredni, z dobrim stikom s publiko, pri \u010demer veliko dajo na kakovostno glasbeno izvedbo. Poleg avtorske glasbe, s skladbami kot so Virtualna generacija, Veliko mesto, Signali (gostja Tinkara Kova\u010d) in Nad tokom (Vesna Zornik), so znani tudi po prepri\u010dljivih [&hellip;]<\/p>","protected":false},"author":11,"featured_media":142020,"template":"","meta":{"_seopress_robots_primary_cat":"none","_seopress_titles_title":"","_seopress_titles_desc":"","_seopress_robots_index":""},"product_brand":[],"product_cat":[230],"product_tag":[222],"class_list":{"0":"post-129901","1":"product","2":"type-product","3":"status-publish","4":"has-post-thumbnail","6":"product_cat-arhiv","7":"product_tag-predprodaja","9":"entry","10":"has-media","12":"first","13":"instock","14":"virtual","15":"taxable","16":"product-type-simple","17":"has-product-nav","18":"col","19":"span_1_of_4","20":"owp-content-center","21":"item-entry","22":"owp-thumbs-layout-horizontal","23":"owp-btn-normal","24":"owp-tabs-layout-section","25":"has-no-thumbnails"},"publishpress_future_action":{"enabled":false,"date":"2026-05-11 15:30:38","action":"change-status","newStatus":"draft","terms":[],"taxonomy":"product_cat","extraData":[]},"publishpress_future_workflow_manual_trigger":{"enabledWorkflows":[]},"_links":{"self":[{"href":"https:\/\/www.orto-bar.com\/en\/wp-json\/wp\/v2\/product\/129901","targetHints":{"allow":["GET"]}}],"collection":[{"href":"https:\/\/www.orto-bar.com\/en\/wp-json\/wp\/v2\/product"}],"about":[{"href":"https:\/\/www.orto-bar.com\/en\/wp-json\/wp\/v2\/types\/product"}],"author":[{"embeddable":true,"href":"https:\/\/www.orto-bar.com\/en\/wp-json\/wp\/v2\/users\/11"}],"version-history":[{"count":2,"href":"https:\/\/www.orto-bar.com\/en\/wp-json\/wp\/v2\/product\/129901\/revisions"}],"predecessor-version":[{"id":142021,"href":"https:\/\/www.orto-bar.com\/en\/wp-json\/wp\/v2\/product\/129901\/revisions\/142021"}],"wp:featuredmedia":[{"embeddable":true,"href":"https:\/\/www.orto-bar.com\/en\/wp-json\/wp\/v2\/media\/142020"}],"wp:attachment":[{"href":"https:\/\/www.orto-bar.com\/en\/wp-json\/wp\/v2\/media?parent=129901"}],"wp:term":[{"taxonomy":"product_brand","embeddable":true,"href":"https:\/\/www.orto-bar.com\/en\/wp-json\/wp\/v2\/product_brand?post=129901"},{"taxonomy":"product_cat","embeddable":true,"href":"https:\/\/www.orto-bar.com\/en\/wp-json\/wp\/v2\/product_cat?post=129901"},{"taxonomy":"product_tag","embeddable":true,"href":"https:\/\/www.orto-bar.com\/en\/wp-json\/wp\/v2\/product_tag?post=129901"}],"curies":[{"name":"wp","href":"https:\/\/api.w.org\/{rel}","templated":true}]}}