{"id":130135,"date":"2026-01-09T18:44:50","date_gmt":"2026-01-09T17:44:50","guid":{"rendered":"https:\/\/www.orto-bar.com\/?post_type=product&#038;p=130135"},"modified":"2026-04-16T15:13:56","modified_gmt":"2026-04-16T13:13:56","slug":"orto-fest-2026-the-stroj","status":"publish","type":"product","link":"https:\/\/www.orto-bar.com\/en\/dogodki\/koncerti\/orto-fest-2026-the-stroj\/","title":{"rendered":"Orto Fest 2026-The Stroj"},"content":{"rendered":"<p><strong>THE STROJ INFO &#8211; KamenOgenjKostKladivo<\/strong><\/p>\n<p>Kolektiv The Stroj \u017ee skoraj tri desetletja vztraja na svoji nekonvencionalni, a spektakularni\u00a0 glasbeni poti. Pozornost doma\u010de in mednarodne javnosti so \u017ee konec 90-ih pritegnili z inovativno uporabo tolkal in drugih in\u0161trumentov, ki jih izdelujejo iz odslu\u017eenih strojnih delov in drugih odpadnih materialov. Z zanje zna\u010dilno teatralnostjo, atmosferi\u010dno estetiko, pirotehniko, osupljivo energijo in ritmi\u010dno natan\u010dnostjo vedno znova navdu\u0161ujejo svojo publiko na koncertih, umetni\u0161kih dogodkih ter razli\u010dnih mednarodnih festivalih.<\/p>\n<p>The Stroj so konec preteklega leta izdali svoj peti album z naslovom KamenOgenjKostKladivo. Z novim albumom kolektiv The Stroj nadaljuje svoje imaginarno potovanje skozi zgodovino glasbe in tehnologije, istoimenska odrska produkcija pa predstavlja njihov najbolj zahteven zvo\u010dno-vizualni projekt doslej.<\/p>\n<p>Kot avtor glasbe in producent je s kolektivom sodeloval Bojan Krhlanko, na albumu pa je mo\u010d sli\u0161ati \u0161e Aleksija Kobala na flavti, Bo\u0161tjana Gomba\u010da na neandertal\u010devi pi\u0161\u010dali, Ne\u017eo Ulaga na orglah ter Nu\u0161o Ofentav\u0161ek, Akhbarja Khana in Metoda Banka na vokalih.<\/p>\n<p>&nbsp;<\/p>\n<p>KamenOgenjKostKladivo je prvinsko glasbeno obredje ritma, zvoka in glasu, budnica, ki kli\u010de k plesu, ekstazi in \u017eivljenju.<\/p>\n<p>&nbsp;<\/p>\n<p>V produkciji KamenOgenjKostKladivo sodelujejo:<\/p>\n<p>&nbsp;<\/p>\n<p>Matej Selan \u2013 tolkala<\/p>\n<p>Rok Henigman \u2013 tolkala<\/p>\n<p>Fabijan Purg \u2013 tolkala<\/p>\n<p>Matic Kadli\u010dek \u2013 tolkala<\/p>\n<p>Matic Gselman \u2013 tolkala<\/p>\n<p>Marco Cali \u2013 tolkala<\/p>\n<p>Primo\u017e Ober\u017ean \u2013 tolkala, glas<\/p>\n<p>Matej Voglar \u2013 stringer<\/p>\n<p>Stane \u0160pegel \u2013 midi kitara, video<\/p>\n<p>Metod Banko \u2013 vokal<\/p>\n<p>Nu\u0161a Ofentav\u0161ek \u2013 vokal<\/p>\n<p>&nbsp;<\/p>\n<p>The Stroj \u2013 KamenOgenjKostKladivo trailer:<\/p>\n<p><a href=\"https:\/\/www.youtube.com\/watch?v=0VK_-59S2FU&amp;t=258s\">https:\/\/www.youtube.com\/watch?v=0VK_-59S2FU&amp;t=258s<\/a><\/p>\n<p>The Stroj \u2013 KamenOgenjKostKladivo album:<\/p>\n<p><a href=\"https:\/\/www.youtube.com\/playlist?list=OLAK5uy_nQGN52jJe95wDuXMM9NUZx5f67DEUxiUU\">https:\/\/www.youtube.com\/playlist?list=OLAK5uy_nQGN52jJe95wDuXMM9NUZx5f67DEUxiUU<\/a><\/p>\n<p>&nbsp;<\/p>\n<p>The Stroj feat. Nu\u0161a O. \u2013 Signal:<\/p>\n<p><a href=\"https:\/\/www.youtube.com\/watch?v=js0hhKG8xuI\">https:\/\/www.youtube.com\/watch?v=js0hhKG8xuI<\/a><\/p>\n<p>The Stroj \u2013 Tretja mo\u010d:<\/p>\n<p><a href=\"https:\/\/www.youtube.com\/watch?v=9qCN06yC6SY\">https:\/\/www.youtube.com\/watch?v=9qCN06yC6SY<\/a><\/p>\n<p>&nbsp;<\/p>\n<p>IG: <a href=\"https:\/\/www.instagram.com\/the_stroj_1997\/\">https:\/\/www.instagram.com\/the_stroj_1997\/<\/a><\/p>\n<p>FB: <a href=\"https:\/\/www.facebook.com\/profile.php?id=100063613601237\">https:\/\/www.facebook.com\/profile.php?id=100063613601237<\/a><\/p>\n<p>YT: <a href=\"https:\/\/www.youtube.com\/@TheStrojTV\">https:\/\/www.youtube.com\/@TheStrojTV<\/a><\/p>\n<p>&nbsp;<\/p>\n<p>&nbsp;<\/p>\n<p>&nbsp;<\/p>","protected":false},"excerpt":{"rendered":"<p>THE STROJ INFO &#8211; KamenOgenjKostKladivo Kolektiv The Stroj \u017ee skoraj tri desetletja vztraja na svoji nekonvencionalni, a spektakularni\u00a0 glasbeni poti. Pozornost doma\u010de in mednarodne javnosti so \u017ee konec 90-ih pritegnili z inovativno uporabo tolkal in drugih in\u0161trumentov, ki jih izdelujejo iz odslu\u017eenih strojnih delov in drugih odpadnih materialov. Z zanje zna\u010dilno teatralnostjo, atmosferi\u010dno estetiko, pirotehniko, [&hellip;]<\/p>","protected":false},"author":11,"featured_media":130136,"template":"","meta":{"_seopress_robots_primary_cat":"none","_seopress_titles_title":"","_seopress_titles_desc":"","_seopress_robots_index":""},"product_brand":[],"product_cat":[226,233],"product_tag":[222],"class_list":{"0":"post-130135","1":"product","2":"type-product","3":"status-publish","4":"has-post-thumbnail","6":"product_cat-koncerti","7":"product_cat-orto-fest","8":"product_tag-predprodaja","10":"entry","11":"has-media","13":"first","14":"instock","15":"sale","16":"virtual","17":"taxable","18":"purchasable","19":"product-type-simple","20":"has-product-nav","21":"col","22":"span_1_of_4","23":"owp-content-center","24":"item-entry","25":"owp-thumbs-layout-horizontal","26":"owp-btn-normal","27":"owp-tabs-layout-section","28":"has-no-thumbnails"},"publishpress_future_action":{"enabled":true,"date":"2026-04-18 01:44:00","action":"category","newStatus":"draft","terms":[230],"taxonomy":"product_cat","extraData":[]},"publishpress_future_workflow_manual_trigger":{"enabledWorkflows":[]},"_links":{"self":[{"href":"https:\/\/www.orto-bar.com\/en\/wp-json\/wp\/v2\/product\/130135","targetHints":{"allow":["GET"]}}],"collection":[{"href":"https:\/\/www.orto-bar.com\/en\/wp-json\/wp\/v2\/product"}],"about":[{"href":"https:\/\/www.orto-bar.com\/en\/wp-json\/wp\/v2\/types\/product"}],"author":[{"embeddable":true,"href":"https:\/\/www.orto-bar.com\/en\/wp-json\/wp\/v2\/users\/11"}],"version-history":[{"count":0,"href":"https:\/\/www.orto-bar.com\/en\/wp-json\/wp\/v2\/product\/130135\/revisions"}],"wp:featuredmedia":[{"embeddable":true,"href":"https:\/\/www.orto-bar.com\/en\/wp-json\/wp\/v2\/media\/130136"}],"wp:attachment":[{"href":"https:\/\/www.orto-bar.com\/en\/wp-json\/wp\/v2\/media?parent=130135"}],"wp:term":[{"taxonomy":"product_brand","embeddable":true,"href":"https:\/\/www.orto-bar.com\/en\/wp-json\/wp\/v2\/product_brand?post=130135"},{"taxonomy":"product_cat","embeddable":true,"href":"https:\/\/www.orto-bar.com\/en\/wp-json\/wp\/v2\/product_cat?post=130135"},{"taxonomy":"product_tag","embeddable":true,"href":"https:\/\/www.orto-bar.com\/en\/wp-json\/wp\/v2\/product_tag?post=130135"}],"curies":[{"name":"wp","href":"https:\/\/api.w.org\/{rel}","templated":true}]}}