{"id":130382,"date":"2026-01-11T21:37:42","date_gmt":"2026-01-11T20:37:42","guid":{"rendered":"https:\/\/www.orto-bar.com\/?post_type=product&#038;p=130382"},"modified":"2026-04-13T18:23:27","modified_gmt":"2026-04-13T16:23:27","slug":"orto-fest-2026-geoff-tate-masterplan","status":"publish","type":"product","link":"https:\/\/www.orto-bar.com\/en\/dogodki\/arhiv\/orto-fest-2026-geoff-tate-masterplan\/","title":{"rendered":"Orto Fest 2026- Geoff Tate &#038; Masterplan"},"content":{"rendered":"<div dir=\"auto\">\u010casovnica za torek 14.4.2026<\/div>\n<div dir=\"auto\">Inner Vitriol &#8211; 18:45<\/div>\n<div dir=\"auto\">Masterplan &#8211; 19:45<\/div>\n<div dir=\"auto\">Geoff Tate &#8211; 21:15<\/div>\n<h2><\/h2>\n<h2><\/h2>\n<h2><\/h2>\n<h2><b>GEOFF TATE &amp; MASTERPLAN<\/b><\/h2>\n<h3><b><i>Operation: Mindcrime \u2013 The Final Chapter<\/i><\/b><\/h3>\n<p><b>Torek, 14. april 2026 | Orto Bar \u2013 Ljubljana<\/b><\/p>\n<p><span style=\"font-weight: 400;\">Eden najbolj vplivnih in ikoni\u010dnih konceptualnih albumov v zgodovini modernega metala, <\/span><b>\u00bbOperation: Mindcrime\u00ab<\/b><span style=\"font-weight: 400;\">, bo <\/span><b>v \u017eivo izveden \u0161e zadnji\u010d<\/b><span style=\"font-weight: 400;\"> s svojim originalnim glasom. Legendarni progresivni metal vokalist <\/span><b>Geoff Tate<\/b><span style=\"font-weight: 400;\">, prepoznavni glas klasi\u010dne ere skupine Queensr\u00ffche, v okviru svoje poslovilne turneje prihaja v <\/span><b>Ljubljano<\/b><span style=\"font-weight: 400;\"> v <\/span><b>torek, 14. aprila 2026<\/b><span style=\"font-weight: 400;\">, kjer bo nastopil v znamenitem rock klubu <\/span><b>Orto Bar<\/b><span style=\"font-weight: 400;\">.<\/span><\/p>\n<p><span style=\"font-weight: 400;\">Kot glavni izvajalec ve\u010dera se mu bo pridru\u017eila tudi nem\u0161ka power metal zasedba <\/span><b>Masterplan<\/b><span style=\"font-weight: 400;\">, kar obljublja izjemen ve\u010der progresivnega in melodi\u010dnega metala.<\/span><\/p>\n<h3><b>Legendarno slovo: <\/b><b><i>Operation: Mindcrime<\/i><\/b><b> zadnji\u010d v \u017eivo<\/b><\/h3>\n<p><span style=\"font-weight: 400;\">Album <\/span><b>\u00bbOperation: Mindcrime\u00ab<\/b><span style=\"font-weight: 400;\">, izdan leta 1988, je za vedno spremenil na\u010din pripovedovanja zgodb v metal glasbi s svojo tema\u010dno politi\u010dno tematiko, konceptualno globino in kinematografsko zasnovo. Na turneji <\/span><i><span style=\"font-weight: 400;\">\u00bbThe Final Chapter\u00ab<\/span><\/i><span style=\"font-weight: 400;\"> Geoff Tate izvaja album <\/span><b>v celoti<\/b><span style=\"font-weight: 400;\">, od za\u010detka do konca, in ga <\/span><b>\u0161e zadnji\u010d<\/b><span style=\"font-weight: 400;\"> prena\u0161a na koncertne odre.<\/span><\/p>\n<p><span style=\"font-weight: 400;\">Poleg celotne izvedbe albuma bo koncertni repertoar vklju\u010deval tudi <\/span><b>najve\u010dje uspe\u0161nice iz klasi\u010dnega obdobja Queensr\u00ffchea<\/b><span style=\"font-weight: 400;\">, kar bo ob\u010dinstvu ponudilo edinstveno kombinacijo celovite konceptualne izku\u0161nje in brez\u010dasnih metal himn.<\/span><\/p>\n<p><span style=\"font-weight: 400;\">Ta koncert ni le nastop, temve\u010d <\/span><b>\u010dustveno in zgodovinsko slovo<\/b><span style=\"font-weight: 400;\"> od enega najpomembnej\u0161ih del progresivnega metala.<\/span><\/p>\n<h3><b>Masterplan: <\/b><b><i>Metalmorphosis Tour 2026<\/i><\/b><\/h3>\n<p><span style=\"font-weight: 400;\">Eden glavnih izvajalcev ve\u010dera, <\/span><b>Masterplan<\/b><span style=\"font-weight: 400;\">, nastopa v okviru svoje <\/span><b>turneje Metalmorphosis Tour 2026<\/b><span style=\"font-weight: 400;\">. Skupino vodi nekdanji kitarist skupine <\/span><b>Helloween<\/b><span style=\"font-weight: 400;\">, <\/span><b>Roland Grapow<\/b><span style=\"font-weight: 400;\">, ki je Masterplan leta <\/span><b>2002<\/b><span style=\"font-weight: 400;\"> ustanovil skupaj z nekdanjim bobnarjem Helloweena <\/span><b>Ulijem Kuschom<\/b><span style=\"font-weight: 400;\">. Skupina se je hitro uveljavila kot ena najmo\u010dnej\u0161ih sil sodobnega melodi\u010dnega metala.<\/span><\/p>\n<p><span style=\"font-weight: 400;\">Po izidu novega studijskega albuma <\/span><b>\u00bbMetalmorphosis\u00ab<\/b><span style=\"font-weight: 400;\"> januarja 2026 se Masterplan vra\u010dajo na evropske odre z energi\u010dnim koncertnim nastopom. Tako kot na prej\u0161njih turnejah bodo tudi tokrat v repertoar vklju\u010dili <\/span><b>eno ali dve klasi\u010dni skladbi iz Grapowovega obdobja v Helloweenu<\/b><span style=\"font-weight: 400;\">, s \u010dimer bodo po\u010dastili zgodovino heavy metala.<\/span><\/p>\n<h3><b>Informacije o vstopnicah<\/b><\/h3>\n<p><span style=\"font-weight: 400;\">Vstopnice bodo na voljo preko:<\/span><\/p>\n<ul>\n<li style=\"font-weight: 400;\" aria-level=\"1\"><b>EVENTIM<\/b><\/li>\n<li style=\"font-weight: 400;\" aria-level=\"1\"><b>ENTRIO<\/b><\/li>\n<li style=\"font-weight: 400;\" aria-level=\"1\"><b>Orto Bar<\/b><span style=\"font-weight: 400;\"> (uradni prodajni kanal)<\/span><\/li>\n<\/ul>\n<p><b>Datum:<\/b><span style=\"font-weight: 400;\"> Torek, 14. april 2026<\/span><span style=\"font-weight: 400;\"><br \/>\n<\/span> <b>Prizori\u0161\u010de:<\/b><span style=\"font-weight: 400;\"> Orto Bar \u2013 Ljubljana<\/span><span style=\"font-weight: 400;\"><br \/>\n<\/span> <b>Odpiranje vrat:<\/b><span style=\"font-weight: 400;\"> 18:00<\/span><span style=\"font-weight: 400;\"><br \/>\n<\/span> <b>Za\u010detek koncerta:<\/b><span style=\"font-weight: 400;\"> 19:00<\/span><\/p>\n<ol start=\"14\">\n<li><b> april 2026<\/b><span style=\"font-weight: 400;\"> bo v Ljubljani zaznamovan kot redek in poseben metal dogodek \u2014 <\/span><b>zadnja koncertna izvedba albuma <\/b><b><i>Operation: Mindcrime<\/i><\/b><span style=\"font-weight: 400;\"> ter mogo\u010den ve\u010der progresivnega in melodi\u010dnega metala.<\/span><\/li>\n<\/ol>","protected":false},"excerpt":{"rendered":"<p>\u010casovnica za torek 14.4.2026 Inner Vitriol &#8211; 18:45 Masterplan &#8211; 19:45 Geoff Tate &#8211; 21:15 GEOFF TATE &amp; MASTERPLAN Operation: Mindcrime \u2013 The Final Chapter Torek, 14. april 2026 | Orto Bar \u2013 Ljubljana Eden najbolj vplivnih in ikoni\u010dnih konceptualnih albumov v zgodovini modernega metala, \u00bbOperation: Mindcrime\u00ab, bo v \u017eivo izveden \u0161e zadnji\u010d s svojim [&hellip;]<\/p>","protected":false},"author":11,"featured_media":130383,"template":"","meta":{"_seopress_robots_primary_cat":"none","_seopress_titles_title":"","_seopress_titles_desc":"","_seopress_robots_index":""},"product_brand":[],"product_cat":[230],"product_tag":[222],"class_list":{"0":"post-130382","1":"product","2":"type-product","3":"status-publish","4":"has-post-thumbnail","6":"product_cat-arhiv","7":"product_tag-predprodaja","9":"entry","10":"has-media","12":"first","13":"outofstock","14":"virtual","15":"taxable","16":"product-type-simple","17":"has-product-nav","18":"col","19":"span_1_of_4","20":"owp-content-center","21":"item-entry","22":"owp-thumbs-layout-horizontal","23":"owp-btn-normal","24":"owp-tabs-layout-section","25":"has-no-thumbnails"},"publishpress_future_action":{"enabled":false,"date":"2026-05-13 13:56:04","action":"change-status","newStatus":"draft","terms":[],"taxonomy":"product_cat","extraData":[]},"publishpress_future_workflow_manual_trigger":{"enabledWorkflows":[]},"_links":{"self":[{"href":"https:\/\/www.orto-bar.com\/en\/wp-json\/wp\/v2\/product\/130382","targetHints":{"allow":["GET"]}}],"collection":[{"href":"https:\/\/www.orto-bar.com\/en\/wp-json\/wp\/v2\/product"}],"about":[{"href":"https:\/\/www.orto-bar.com\/en\/wp-json\/wp\/v2\/types\/product"}],"author":[{"embeddable":true,"href":"https:\/\/www.orto-bar.com\/en\/wp-json\/wp\/v2\/users\/11"}],"version-history":[{"count":2,"href":"https:\/\/www.orto-bar.com\/en\/wp-json\/wp\/v2\/product\/130382\/revisions"}],"predecessor-version":[{"id":147294,"href":"https:\/\/www.orto-bar.com\/en\/wp-json\/wp\/v2\/product\/130382\/revisions\/147294"}],"wp:featuredmedia":[{"embeddable":true,"href":"https:\/\/www.orto-bar.com\/en\/wp-json\/wp\/v2\/media\/130383"}],"wp:attachment":[{"href":"https:\/\/www.orto-bar.com\/en\/wp-json\/wp\/v2\/media?parent=130382"}],"wp:term":[{"taxonomy":"product_brand","embeddable":true,"href":"https:\/\/www.orto-bar.com\/en\/wp-json\/wp\/v2\/product_brand?post=130382"},{"taxonomy":"product_cat","embeddable":true,"href":"https:\/\/www.orto-bar.com\/en\/wp-json\/wp\/v2\/product_cat?post=130382"},{"taxonomy":"product_tag","embeddable":true,"href":"https:\/\/www.orto-bar.com\/en\/wp-json\/wp\/v2\/product_tag?post=130382"}],"curies":[{"name":"wp","href":"https:\/\/api.w.org\/{rel}","templated":true}]}}