{"id":130684,"date":"2026-01-14T18:11:17","date_gmt":"2026-01-14T17:11:17","guid":{"rendered":"https:\/\/www.orto-bar.com\/?post_type=product&#038;p=130684"},"modified":"2026-05-03T04:26:40","modified_gmt":"2026-05-03T02:26:40","slug":"orto-fest-2026-viperstone-ember","status":"publish","type":"product","link":"https:\/\/www.orto-bar.com\/en\/dogodki\/arhiv\/orto-fest-2026-viperstone-ember\/","title":{"rendered":"Orto Fest 2026-Viperstone, Ember"},"content":{"rendered":"<p><strong>ORTOFEST \u2013 Viperstone &amp; Ember<\/strong><\/p>\n<p><strong>VE\u010cER PRISTNEGA ROCKA<\/strong><\/p>\n<p><strong>Dva benda. En oder. En ve\u010der pristnega rocka.<\/strong><\/p>\n<p>Ortofest prina\u0161a ve\u010der brez olep\u0161evanja \u2013 direkten, glasen in iskren rock. Na istem odru se bosta sre\u010dala <strong>Viperstone<\/strong> in <strong>Ember<\/strong>, dva benda, ki vsak na svoj na\u010din dokazujeta, da ima slovenska rock scena mo\u010dan utrip in jasno sporo\u010dilo.<\/p>\n<p><strong>VIPERSTONE<\/strong><br \/>\nViperstone so klasi\u010dna ljubljanska rock zasedba, ki od leta 2012 gradi mo\u010dan, melodi\u010den in hkrati udaren avtorski izraz. Njihov zvok zaznamujejo izraziti kitarski riffi ter pogosto provokativna besedila v angle\u0161\u010dini, kriti\u010dna do dru\u017ebenega in politi\u010dnega stanja sodobnega sveta.<br \/>\nZa seboj imajo tri studijske albume. Prvenec <em>20:23<\/em> (2015) jih je takoj postavil na radar z uspe\u0161nicama <em>I Got a Girl<\/em> in <em>Beware<\/em>, skladba <em>Footsteps<\/em> pa je bila izbrana za avdiofilski album <em>Erzetich Gold2<\/em>. Album <em>Planet Paranoia<\/em> (2020) je prejel odli\u010dne kritike in mo\u010dno radijsko podporo. Spomladi 2024 so izdali tretji album <em>R3D<\/em>, ki potrjuje njihovo zrelost in odrsko prepri\u010dljivost, izpiljeno tudi na \u0161tevilnih festivalih in klubskih odrih doma in v tujini.<\/p>\n<p>&nbsp;<\/p>\n<p><strong>EMBER<\/strong><br \/>\nEmber so prasketajo\u010da spojina indie rocka \u0161tirih mu\u0161ketirjev iz \u0160entjernejske doline, ki s svojimi prijetno trdimi riffi in pristno energijo zadenejo vsako radovedno du\u0161o. Slovensko glasbeno sceno barvajo od februarja 2021, ko so izdali debitantski singel <em>Pepel<\/em>, ki je postal najbolj predvajana skladba leta na Valu 202. Sledili so singli <em>Sam<\/em>, <em>Cukr<\/em> in <em>Katarza<\/em>, ki so novembra 2024 pripeljali do izida prvega albuma <em>Razgaljena<\/em>.<br \/>\nLani so z novima singloma <em>6. \u0161tuk<\/em> in <em>London<\/em> vstopili v novo ustvarjalno obdobje \u2013 <em>6. \u0161tuk<\/em> se je uvrstil na Val 202 Top 10 lestvico preteklega leta. Letos Ember z novimi idejami samozavestno korakajo proti drugemu albumu in se predstavljajo na odrih po Sloveniji.<\/p>\n<p>Se vidimo v Ortu v ponedeljek, 6. aprila!<\/p>","protected":false},"excerpt":{"rendered":"<p>ORTOFEST \u2013 Viperstone &amp; Ember VE\u010cER PRISTNEGA ROCKA Dva benda. En oder. En ve\u010der pristnega rocka. Ortofest prina\u0161a ve\u010der brez olep\u0161evanja \u2013 direkten, glasen in iskren rock. Na istem odru se bosta sre\u010dala Viperstone in Ember, dva benda, ki vsak na svoj na\u010din dokazujeta, da ima slovenska rock scena mo\u010dan utrip in jasno sporo\u010dilo. VIPERSTONE [&hellip;]<\/p>","protected":false},"author":11,"featured_media":130686,"template":"","meta":{"_seopress_robots_primary_cat":"none","_seopress_titles_title":"","_seopress_titles_desc":"","_seopress_robots_index":""},"product_brand":[],"product_cat":[230],"product_tag":[222],"class_list":{"0":"post-130684","1":"product","2":"type-product","3":"status-publish","4":"has-post-thumbnail","6":"product_cat-arhiv","7":"product_tag-predprodaja","9":"entry","10":"has-media","12":"first","13":"instock","14":"virtual","15":"taxable","16":"product-type-simple","17":"has-product-nav","18":"col","19":"span_1_of_4","20":"owp-content-center","21":"item-entry","22":"owp-thumbs-layout-horizontal","23":"owp-btn-normal","24":"owp-tabs-layout-section","25":"has-no-thumbnails"},"publishpress_future_action":{"enabled":false,"date":"2026-05-10 14:58:17","action":"change-status","newStatus":"draft","terms":[],"taxonomy":"product_cat","extraData":[]},"publishpress_future_workflow_manual_trigger":{"enabledWorkflows":[]},"_links":{"self":[{"href":"https:\/\/www.orto-bar.com\/en\/wp-json\/wp\/v2\/product\/130684","targetHints":{"allow":["GET"]}}],"collection":[{"href":"https:\/\/www.orto-bar.com\/en\/wp-json\/wp\/v2\/product"}],"about":[{"href":"https:\/\/www.orto-bar.com\/en\/wp-json\/wp\/v2\/types\/product"}],"author":[{"embeddable":true,"href":"https:\/\/www.orto-bar.com\/en\/wp-json\/wp\/v2\/users\/11"}],"version-history":[{"count":0,"href":"https:\/\/www.orto-bar.com\/en\/wp-json\/wp\/v2\/product\/130684\/revisions"}],"wp:featuredmedia":[{"embeddable":true,"href":"https:\/\/www.orto-bar.com\/en\/wp-json\/wp\/v2\/media\/130686"}],"wp:attachment":[{"href":"https:\/\/www.orto-bar.com\/en\/wp-json\/wp\/v2\/media?parent=130684"}],"wp:term":[{"taxonomy":"product_brand","embeddable":true,"href":"https:\/\/www.orto-bar.com\/en\/wp-json\/wp\/v2\/product_brand?post=130684"},{"taxonomy":"product_cat","embeddable":true,"href":"https:\/\/www.orto-bar.com\/en\/wp-json\/wp\/v2\/product_cat?post=130684"},{"taxonomy":"product_tag","embeddable":true,"href":"https:\/\/www.orto-bar.com\/en\/wp-json\/wp\/v2\/product_tag?post=130684"}],"curies":[{"name":"wp","href":"https:\/\/api.w.org\/{rel}","templated":true}]}}