{"id":130712,"date":"2026-01-14T20:46:08","date_gmt":"2026-01-14T19:46:08","guid":{"rendered":"https:\/\/www.orto-bar.com\/?post_type=product&#038;p=130712"},"modified":"2026-05-03T04:26:40","modified_gmt":"2026-05-03T02:26:40","slug":"orto-fest-2026-rambo-amadeus","status":"publish","type":"product","link":"https:\/\/www.orto-bar.com\/en\/dogodki\/arhiv\/orto-fest-2026-rambo-amadeus\/","title":{"rendered":"Orto Fest 2026-Rambo Amadeus"},"content":{"rendered":"<p>Rambo Amadeus \u2013 Orto Fest<\/p>\n<p>Rambo Amadeus alias Antonije Pu\u0161i\u0107 je samosvoj avtor, ki se sam opredeljuje kot \u00bbglasbenik, poet in medijski manipulator\u00ab. Njegovo delo zaznamujejo jedko satiri\u010dna besedila o politiki, dru\u017ebi in \u010dloveku, prepletena s samoironijo. Glasbeno zdru\u017euje razli\u010dne sloge \u2013 od turbo folka in drum\u2019n\u2019bassa do jazza \u2013 ter ostaja neprimerljiv in nepredvidljiv avtor.<br \/>\nZ nastopom <strong>\u00bbTribute samemu sebi\u00ab<\/strong> se po lanski raspaljotki vra\u010da v Orto Bar, kjer smo videli ve\u010d spro\u0161\u010denosti in ve\u010d zabave v interakciji z glasbeniki in publiko.<\/p>\n<p>&nbsp;<\/p>","protected":false},"excerpt":{"rendered":"<p>Rambo Amadeus \u2013 Orto Fest Rambo Amadeus alias Antonije Pu\u0161i\u0107 je samosvoj avtor, ki se sam opredeljuje kot \u00bbglasbenik, poet in medijski manipulator\u00ab. Njegovo delo zaznamujejo jedko satiri\u010dna besedila o politiki, dru\u017ebi in \u010dloveku, prepletena s samoironijo. Glasbeno zdru\u017euje razli\u010dne sloge \u2013 od turbo folka in drum\u2019n\u2019bassa do jazza \u2013 ter ostaja neprimerljiv in nepredvidljiv [&hellip;]<\/p>","protected":false},"author":11,"featured_media":130713,"template":"","meta":{"_seopress_robots_primary_cat":"none","_seopress_titles_title":"","_seopress_titles_desc":"","_seopress_robots_index":""},"product_brand":[],"product_cat":[230],"product_tag":[222],"class_list":{"0":"post-130712","1":"product","2":"type-product","3":"status-publish","4":"has-post-thumbnail","6":"product_cat-arhiv","7":"product_tag-predprodaja","9":"entry","10":"has-media","12":"first","13":"instock","14":"virtual","15":"taxable","16":"product-type-simple","17":"has-product-nav","18":"col","19":"span_1_of_4","20":"owp-content-center","21":"item-entry","22":"owp-thumbs-layout-horizontal","23":"owp-btn-normal","24":"owp-tabs-layout-section","25":"has-no-thumbnails"},"publishpress_future_action":{"enabled":false,"date":"2026-05-10 14:58:13","action":"change-status","newStatus":"draft","terms":[],"taxonomy":"product_cat","extraData":[]},"publishpress_future_workflow_manual_trigger":{"enabledWorkflows":[]},"_links":{"self":[{"href":"https:\/\/www.orto-bar.com\/en\/wp-json\/wp\/v2\/product\/130712","targetHints":{"allow":["GET"]}}],"collection":[{"href":"https:\/\/www.orto-bar.com\/en\/wp-json\/wp\/v2\/product"}],"about":[{"href":"https:\/\/www.orto-bar.com\/en\/wp-json\/wp\/v2\/types\/product"}],"author":[{"embeddable":true,"href":"https:\/\/www.orto-bar.com\/en\/wp-json\/wp\/v2\/users\/11"}],"version-history":[{"count":1,"href":"https:\/\/www.orto-bar.com\/en\/wp-json\/wp\/v2\/product\/130712\/revisions"}],"predecessor-version":[{"id":146321,"href":"https:\/\/www.orto-bar.com\/en\/wp-json\/wp\/v2\/product\/130712\/revisions\/146321"}],"wp:featuredmedia":[{"embeddable":true,"href":"https:\/\/www.orto-bar.com\/en\/wp-json\/wp\/v2\/media\/130713"}],"wp:attachment":[{"href":"https:\/\/www.orto-bar.com\/en\/wp-json\/wp\/v2\/media?parent=130712"}],"wp:term":[{"taxonomy":"product_brand","embeddable":true,"href":"https:\/\/www.orto-bar.com\/en\/wp-json\/wp\/v2\/product_brand?post=130712"},{"taxonomy":"product_cat","embeddable":true,"href":"https:\/\/www.orto-bar.com\/en\/wp-json\/wp\/v2\/product_cat?post=130712"},{"taxonomy":"product_tag","embeddable":true,"href":"https:\/\/www.orto-bar.com\/en\/wp-json\/wp\/v2\/product_tag?post=130712"}],"curies":[{"name":"wp","href":"https:\/\/api.w.org\/{rel}","templated":true}]}}