{"id":130717,"date":"2026-01-14T21:25:19","date_gmt":"2026-01-14T20:25:19","guid":{"rendered":"https:\/\/www.orto-bar.com\/?post_type=product&#038;p=130717"},"modified":"2026-05-04T04:27:31","modified_gmt":"2026-05-04T02:27:31","slug":"orto-fest-2026-elevators","status":"publish","type":"product","link":"https:\/\/www.orto-bar.com\/en\/dogodki\/arhiv\/orto-fest-2026-elevators\/","title":{"rendered":"Orto Fest 2026-Elevators"},"content":{"rendered":"<p>Elevators na Orto Festu!<\/p>\n<p>Slovenska super skupina, ki jo sestavljajo \u0161tirje vrhunski glasbeniki, vsak avtoriteta na svojem podro\u010dju &#8211; Robert Pikl na kitari, Davor Klari\u010d na klaviaturah, Jani Hace na basu in Sergej \u2018RunJoe\u2019 Ran\u0111elov\u0107 na bobnih &#8211; ustvarjajo svojevrstno me\u0161anico rocka, jazza in funka, dopolnjeno s Piklovim petjem, talk box efekti in nare\u010dnim rapom RunJoeja.<\/p>\n<p>\u017de dolgo ni bilo njihovega samostojnega koncerta v prestolnici, obeta se prava poslastica za zveste fene. Za piko na i pa pride gostja Tina Blazin\u0161ek na flavti in vokalu najve\u010djega hita \u201cNa krilih ljubezni\u201d<\/p>","protected":false},"excerpt":{"rendered":"<p>Elevators na Orto Festu! Slovenska super skupina, ki jo sestavljajo \u0161tirje vrhunski glasbeniki, vsak avtoriteta na svojem podro\u010dju &#8211; Robert Pikl na kitari, Davor Klari\u010d na klaviaturah, Jani Hace na basu in Sergej \u2018RunJoe\u2019 Ran\u0111elov\u0107 na bobnih &#8211; ustvarjajo svojevrstno me\u0161anico rocka, jazza in funka, dopolnjeno s Piklovim petjem, talk box efekti in nare\u010dnim rapom [&hellip;]<\/p>","protected":false},"author":11,"featured_media":130718,"template":"","meta":{"_seopress_robots_primary_cat":"none","_seopress_titles_title":"","_seopress_titles_desc":"","_seopress_robots_index":""},"product_brand":[],"product_cat":[230],"product_tag":[222],"class_list":{"0":"post-130717","1":"product","2":"type-product","3":"status-publish","4":"has-post-thumbnail","6":"product_cat-arhiv","7":"product_tag-predprodaja","9":"entry","10":"has-media","12":"first","13":"instock","14":"virtual","15":"taxable","16":"product-type-simple","17":"has-product-nav","18":"col","19":"span_1_of_4","20":"owp-content-center","21":"item-entry","22":"owp-thumbs-layout-horizontal","23":"owp-btn-normal","24":"owp-tabs-layout-section","25":"has-no-thumbnails"},"publishpress_future_action":{"enabled":false,"date":"2026-05-11 16:29:47","action":"change-status","newStatus":"draft","terms":[],"taxonomy":"product_cat","extraData":[]},"publishpress_future_workflow_manual_trigger":{"enabledWorkflows":[]},"_links":{"self":[{"href":"https:\/\/www.orto-bar.com\/en\/wp-json\/wp\/v2\/product\/130717","targetHints":{"allow":["GET"]}}],"collection":[{"href":"https:\/\/www.orto-bar.com\/en\/wp-json\/wp\/v2\/product"}],"about":[{"href":"https:\/\/www.orto-bar.com\/en\/wp-json\/wp\/v2\/types\/product"}],"author":[{"embeddable":true,"href":"https:\/\/www.orto-bar.com\/en\/wp-json\/wp\/v2\/users\/11"}],"version-history":[{"count":0,"href":"https:\/\/www.orto-bar.com\/en\/wp-json\/wp\/v2\/product\/130717\/revisions"}],"wp:featuredmedia":[{"embeddable":true,"href":"https:\/\/www.orto-bar.com\/en\/wp-json\/wp\/v2\/media\/130718"}],"wp:attachment":[{"href":"https:\/\/www.orto-bar.com\/en\/wp-json\/wp\/v2\/media?parent=130717"}],"wp:term":[{"taxonomy":"product_brand","embeddable":true,"href":"https:\/\/www.orto-bar.com\/en\/wp-json\/wp\/v2\/product_brand?post=130717"},{"taxonomy":"product_cat","embeddable":true,"href":"https:\/\/www.orto-bar.com\/en\/wp-json\/wp\/v2\/product_cat?post=130717"},{"taxonomy":"product_tag","embeddable":true,"href":"https:\/\/www.orto-bar.com\/en\/wp-json\/wp\/v2\/product_tag?post=130717"}],"curies":[{"name":"wp","href":"https:\/\/api.w.org\/{rel}","templated":true}]}}