{"id":130729,"date":"2026-01-14T23:42:59","date_gmt":"2026-01-14T22:42:59","guid":{"rendered":"https:\/\/www.orto-bar.com\/?post_type=product&#038;p=130729"},"modified":"2026-01-15T14:45:44","modified_gmt":"2026-01-15T13:45:44","slug":"the-boys-in-the-bubble-oasis-tribute-band","status":"publish","type":"product","link":"https:\/\/www.orto-bar.com\/en\/dogodki\/koncerti\/the-boys-in-the-bubble-oasis-tribute-band\/","title":{"rendered":"THE BOYS IN THE BUBBLE &#8211; Oasis tribute band"},"content":{"rendered":"<p>&nbsp;<\/p>\n<p><strong>THE BOYS IN THE BUBBLE &#8211; Oasis tribute band<\/strong><\/p>\n<p>&nbsp;<\/p>\n<p><strong>Iz treh italijanskih tribute skupin Oasis, ki so aktivne \u017ee ve\u010d kot 15 let, so se aprila 2024 rodili THE BOYS IN THE BUBBLE.<\/strong><\/p>\n<p><strong>Cilj po ponovni zdru\u017eitvi najbolj\u0161ih \u010dlanov prej\u0161njih skupin je bil takoj izpopolniti in \u0161e bolj izbolj\u0161ati zvo\u010dno in vizualno izku\u0161njo ob\u010dinstva, ki nas bo spremljalo, ter prenesti tista \u010dustva in adrenalin, ki ga daje celotna diskografija Oasis.<\/strong><\/p>\n<p>&nbsp;<\/p>\n<p><strong>Fantje so delali in \u0161e vedno delajo ter vlagajo \u010das in denar v izpopolnjevanje studia, nastopa, instrumentacije, scenografije, predstave in predvsem RAZPOLO\u017dENJA Oasis ter svojemu ob\u010dinstvu ponuditi najbolj\u0161i mo\u017een nastop.<\/strong><\/p>\n<p><strong>From 3 Italian Oasis Tribute bands active for over 15 years, THE BOYS IN THE BUBBLE were born in April 2024.<\/strong><\/p>\n<p><strong>\u00a0<\/strong><\/p>\n<p><strong>The goal, after having reunited the best members of the previous bands, was immediately to refine and improve even more the sound and visual experience of the audience that would follow us, communicating those emotions and that adrenaline that the entire Oasis discography gives.<\/strong><\/p>\n<p><strong>\u00a0<\/strong><\/p>\n<p><strong>The Boys have worked and still work and invest time and money to refine the studio, the performance, the instrumentation, the scenography, the show and above all the MOOD of Oasis, and to offer their audience the best possible performance.<\/strong><\/p>\n<p><strong>The total knowledge of the entire Oasis repertoire, the great attention paid to the B-sides so loved by true fans, and the desire to play everywhere are giving the band many dates in high-level locations and stages.<\/strong><\/p>\n<p><strong>\u00a0<\/strong><\/p>\n<p><strong>In May 2025 the famous English tabloid &#8220;The Guardian&#8221;, after seeing our social media, our video content of our concerts, the response that in just over a year we are getting from the Italian, European and world public, and the extreme vocal and visual fidelity of our Liam, decided to interview us and include us among the best Oasis tribute bands in the world.<\/strong><\/p>\n<p><strong>\u00a0<\/strong><\/p>\n<p><strong>The article is online on the Guardian website and distributed together with the newspaper of May 10, 2025 throughout the United Kingdom!<\/strong><\/p>\n<p><strong>\u00a0<\/strong><\/p>\n<p><strong>Currently the band is collaborating in many situations with the official Oasis fan club, with important brands of English &#8220;mod&#8221; clothing, regularly participates in music festivals both in the North, in the Center and in the South of Italy.<\/strong><\/p>\n<p><strong>But the real goal that the band aspires to is to start touring Europe and the World bringing our tribute everywhere, without setting any limits!!!<\/strong><\/p>\n<p><strong>\u00a0<\/strong><\/p>\n<p><strong>\u00a0<\/strong><\/p>\n<p>&nbsp;<\/p>\n<p>&nbsp;<\/p>","protected":false},"excerpt":{"rendered":"<p>&nbsp; THE BOYS IN THE BUBBLE &#8211; Oasis tribute band &nbsp; Iz treh italijanskih tribute skupin Oasis, ki so aktivne \u017ee ve\u010d kot 15 let, so se aprila 2024 rodili THE BOYS IN THE BUBBLE. Cilj po ponovni zdru\u017eitvi najbolj\u0161ih \u010dlanov prej\u0161njih skupin je bil takoj izpopolniti in \u0161e bolj izbolj\u0161ati zvo\u010dno in vizualno izku\u0161njo [&hellip;]<\/p>","protected":false},"author":11,"featured_media":130828,"template":"","meta":{"_seopress_robots_primary_cat":"none","_seopress_titles_title":"","_seopress_titles_desc":"","_seopress_robots_index":""},"product_brand":[],"product_cat":[226],"product_tag":[222],"class_list":{"0":"post-130729","1":"product","2":"type-product","3":"status-publish","4":"has-post-thumbnail","6":"product_cat-koncerti","7":"product_tag-predprodaja","9":"entry","10":"has-media","12":"first","13":"instock","14":"sale","15":"virtual","16":"taxable","17":"purchasable","18":"product-type-simple","19":"has-product-nav","20":"col","21":"span_1_of_4","22":"owp-content-center","23":"item-entry","24":"owp-thumbs-layout-horizontal","25":"owp-btn-normal","26":"owp-tabs-layout-section","27":"has-no-thumbnails"},"publishpress_future_action":{"enabled":true,"date":"2026-09-27 01:43:00","action":"category","newStatus":"draft","terms":[230],"taxonomy":"product_cat","extraData":[]},"publishpress_future_workflow_manual_trigger":{"enabledWorkflows":[]},"_links":{"self":[{"href":"https:\/\/www.orto-bar.com\/en\/wp-json\/wp\/v2\/product\/130729","targetHints":{"allow":["GET"]}}],"collection":[{"href":"https:\/\/www.orto-bar.com\/en\/wp-json\/wp\/v2\/product"}],"about":[{"href":"https:\/\/www.orto-bar.com\/en\/wp-json\/wp\/v2\/types\/product"}],"author":[{"embeddable":true,"href":"https:\/\/www.orto-bar.com\/en\/wp-json\/wp\/v2\/users\/11"}],"version-history":[{"count":0,"href":"https:\/\/www.orto-bar.com\/en\/wp-json\/wp\/v2\/product\/130729\/revisions"}],"wp:featuredmedia":[{"embeddable":true,"href":"https:\/\/www.orto-bar.com\/en\/wp-json\/wp\/v2\/media\/130828"}],"wp:attachment":[{"href":"https:\/\/www.orto-bar.com\/en\/wp-json\/wp\/v2\/media?parent=130729"}],"wp:term":[{"taxonomy":"product_brand","embeddable":true,"href":"https:\/\/www.orto-bar.com\/en\/wp-json\/wp\/v2\/product_brand?post=130729"},{"taxonomy":"product_cat","embeddable":true,"href":"https:\/\/www.orto-bar.com\/en\/wp-json\/wp\/v2\/product_cat?post=130729"},{"taxonomy":"product_tag","embeddable":true,"href":"https:\/\/www.orto-bar.com\/en\/wp-json\/wp\/v2\/product_tag?post=130729"}],"curies":[{"name":"wp","href":"https:\/\/api.w.org\/{rel}","templated":true}]}}