{"id":131582,"date":"2026-01-20T18:27:34","date_gmt":"2026-01-20T17:27:34","guid":{"rendered":"https:\/\/www.orto-bar.com\/?post_type=product&#038;p=131582"},"modified":"2026-03-05T12:03:55","modified_gmt":"2026-03-05T11:03:55","slug":"kpop-party","status":"publish","type":"product","link":"https:\/\/www.orto-bar.com\/en\/dogodki\/arhiv\/kpop-party\/","title":{"rendered":"Kpop Party"},"content":{"rendered":"<p><strong>Kpop Party | LJUBLJANA<\/strong><br \/>\n<strong>Kpop Demon Hunters Edition<\/strong><\/p>\n<p>\ud83d\udcc5\u00a0<strong>Petek, 20. marec 2026<\/strong><br \/>\n\u23f0\u00a0<strong>18.00 &#8211; 21.00<\/strong><br \/>\n\ud83d\udccd\u00a0<strong>Orto Bar, Ljubljana<\/strong><\/p>\n<p><strong style=\"font-style: inherit;\">\u2694\ufe0f\ud83d\udc79<\/strong><strong>\u00a0Lovci proti Demonom\u00a0<\/strong><strong>\ud83d\udc79\u2694\ufe0f<\/strong><\/p>\n<p>Honmoon vstaja!\u00a0\ud83c\udf11\u2728\ud83c\udf0c<\/p>\n<p>Plesni podij je tvoja arena. Bo\u0161 bojevit\u00a0<strong style=\"font-style: inherit;\">Lovec<\/strong>\u00a0\u2694\ufe0f\u00a0ali bo\u0161 sprostil svojo mo\u010d kot\u00a0<strong style=\"font-style: inherit;\">Demon<\/strong>?\u00a0\ud83d\ude08<\/p>\n<p>\u2728\u00a0Pridru\u017ei se zabavni no\u010di, polni glasbe, plesa in dobre energije!\u00a0\u2728<\/p>\n<p>U\u017eivaj ob svojih najljub\u0161ih\u00a0<strong>Kpop\u00a0<\/strong>pesmih ter zaple\u0161i skupaj z drugimi obo\u017eevalci. Namen dogodka je zabava, ples in dru\u017eenje!\u00a0\ud83d\udc96\ud83c\udfb6<\/p>\n<h3>\u2b50\u00a0INFORMACIJE O DOGODKU\u00a0\u2b50<\/h3>\n<p>\ud83d\udc76\u00a0<strong>Starost:<\/strong>\u00a08+<br \/>\nOtroci, mlaj\u0161i od 14 let, morajo biti v spremstvu star\u0161ev ali skrbnikov.<\/p>\n<p>\ud83c\udfa7\u00a0<strong>Glasba cel ve\u010der:<\/strong><br \/>\nK-Pop \u2022 K-HipHop \u2022 K-EDM<\/p>\n<p>\ud83c\udfa7\u00a0<strong>DJ:<\/strong> DJ SANI (KR kr)<\/p>\n<p>\ud83c\udfbd\u00a0<strong>Dress code:<\/strong><br \/>\nKpop Demon Hunters, idol outfiti ali udobna plesna obla\u010dila<\/p>\n<h3>\ud83c\udf9f\u00a0VSTOPNICE\u00a0\ud83c\udf9f<\/h3>\n<p>\u2728\u00a0<strong>Nakup vstopnic:<\/strong><\/p>\n<p>\ud83d\udd57\u00a0Early Bird: 9 \u20ac<\/p>\n<p>\ud83d\udd58\u00a0Regular: 11 \u20ac<\/p>\n<p>\ud83d\udd59\u00a0Last Call: 13 \u20ac<\/p>\n<p>na dan dogodka: 15\u20ac<\/p>\n<p>\ud83d\udca1\u00a0Cene vstopnic se zvi\u0161ujejo, zato priporo\u010damo nakup vnaprej.<\/p>\n<h3>\ud83d\udcf8\u00a0FOTOGRAFIJE\u00a0\ud83d\udcf8<\/h3>\n<p>Fotograf bo ujel najlep\u0161e trenutke ve\u010dera.<br \/>\nZa fotografiranje se odlo\u010dite le, \u010de se strinjate z objavo fotografij na spletu.<\/p>\n<p>\ud83e\udde5\u00a0<strong>Garderoba:<\/strong>\u00a02 \u20ac (samo gotovina)<\/p>\n<p>&nbsp;<\/p>\n<p>&nbsp;<\/p>","protected":false},"excerpt":{"rendered":"<p>Kpop Party | LJUBLJANA Kpop Demon Hunters Edition \ud83d\udcc5\u00a0Petek, 20. marec 2026 \u23f0\u00a018.00 &#8211; 21.00 \ud83d\udccd\u00a0Orto Bar, Ljubljana \u2694\ufe0f\ud83d\udc79\u00a0Lovci proti Demonom\u00a0\ud83d\udc79\u2694\ufe0f Honmoon vstaja!\u00a0\ud83c\udf11\u2728\ud83c\udf0c Plesni podij je tvoja arena. Bo\u0161 bojevit\u00a0Lovec\u00a0\u2694\ufe0f\u00a0ali bo\u0161 sprostil svojo mo\u010d kot\u00a0Demon?\u00a0\ud83d\ude08 \u2728\u00a0Pridru\u017ei se zabavni no\u010di, polni glasbe, plesa in dobre energije!\u00a0\u2728 U\u017eivaj ob svojih najljub\u0161ih\u00a0Kpop\u00a0pesmih ter zaple\u0161i skupaj z drugimi obo\u017eevalci. [&hellip;]<\/p>","protected":false},"author":11,"featured_media":131583,"template":"","meta":{"_seopress_robots_primary_cat":"none","_seopress_titles_title":"","_seopress_titles_desc":"","_seopress_robots_index":""},"product_brand":[],"product_cat":[230],"product_tag":[222],"class_list":{"0":"post-131582","1":"product","2":"type-product","3":"status-publish","4":"has-post-thumbnail","6":"product_cat-arhiv","7":"product_tag-predprodaja","9":"entry","10":"has-media","12":"first","13":"instock","14":"virtual","15":"taxable","16":"product-type-simple","17":"has-product-nav","18":"col","19":"span_1_of_4","20":"owp-content-center","21":"item-entry","22":"owp-thumbs-layout-horizontal","23":"owp-btn-normal","24":"owp-tabs-layout-section","25":"has-no-thumbnails"},"publishpress_future_action":{"enabled":false,"date":"2026-05-11 15:23:39","action":"change-status","newStatus":"draft","terms":[],"taxonomy":"product_cat","extraData":[]},"publishpress_future_workflow_manual_trigger":{"enabledWorkflows":[]},"_links":{"self":[{"href":"https:\/\/www.orto-bar.com\/en\/wp-json\/wp\/v2\/product\/131582","targetHints":{"allow":["GET"]}}],"collection":[{"href":"https:\/\/www.orto-bar.com\/en\/wp-json\/wp\/v2\/product"}],"about":[{"href":"https:\/\/www.orto-bar.com\/en\/wp-json\/wp\/v2\/types\/product"}],"author":[{"embeddable":true,"href":"https:\/\/www.orto-bar.com\/en\/wp-json\/wp\/v2\/users\/11"}],"version-history":[{"count":1,"href":"https:\/\/www.orto-bar.com\/en\/wp-json\/wp\/v2\/product\/131582\/revisions"}],"predecessor-version":[{"id":140763,"href":"https:\/\/www.orto-bar.com\/en\/wp-json\/wp\/v2\/product\/131582\/revisions\/140763"}],"wp:featuredmedia":[{"embeddable":true,"href":"https:\/\/www.orto-bar.com\/en\/wp-json\/wp\/v2\/media\/131583"}],"wp:attachment":[{"href":"https:\/\/www.orto-bar.com\/en\/wp-json\/wp\/v2\/media?parent=131582"}],"wp:term":[{"taxonomy":"product_brand","embeddable":true,"href":"https:\/\/www.orto-bar.com\/en\/wp-json\/wp\/v2\/product_brand?post=131582"},{"taxonomy":"product_cat","embeddable":true,"href":"https:\/\/www.orto-bar.com\/en\/wp-json\/wp\/v2\/product_cat?post=131582"},{"taxonomy":"product_tag","embeddable":true,"href":"https:\/\/www.orto-bar.com\/en\/wp-json\/wp\/v2\/product_tag?post=131582"}],"curies":[{"name":"wp","href":"https:\/\/api.w.org\/{rel}","templated":true}]}}