{"id":131677,"date":"2026-01-21T11:52:52","date_gmt":"2026-01-21T10:52:52","guid":{"rendered":"https:\/\/www.orto-bar.com\/?post_type=product&#038;p=131677"},"modified":"2026-05-04T04:27:31","modified_gmt":"2026-05-04T02:27:31","slug":"officialkevents-ljubljana-kpop-khiphop-night-18","status":"publish","type":"product","link":"https:\/\/www.orto-bar.com\/en\/dogodki\/arhiv\/officialkevents-ljubljana-kpop-khiphop-night-18\/","title":{"rendered":"OfficialKevents | LJUBLJANA: KPOP &#038; KHIPHOP Night\u00a0 18+"},"content":{"rendered":"<p>OfficialKevents | LJUBLJANA: KPOP &amp; KHIPHOP Night<\/p>\n<p>Fri 20 March 2026 22:00 &#8211; 03:00 CEST Orto Bar, Grablovi\u010deva ulica 1, 1000 Ljubljana<\/p>\n<p>\u2728 Dogodek 18+ \u2013 obiskovalci MORATE prinesti osebni dokument, fotokopije niso dovoljene. Povra\u010dila niso mo\u017ena (razen v primeru odpovedi ali prestavitve).<\/p>\n<p>&nbsp;<\/p>\n<p>\u2728 OfficialKEvents DJ-ji bodo vso no\u010d vrteli K-Pop, K-HipHop &amp; K-EDM \u2728<\/p>\n<p>OfficialKEvents je najve\u010dji organizator K-Pop in K-HipHop klubskih dogodkov na svetu. Na\u0161e klubske no\u010di v Londonu in Parizu privabijo ve\u010d kot 2000+ obiskovalcev mese\u010dno, organiziramo dogodke v ve\u010d kot 25+ dr\u017eavah. Zdaj smo nazaj, da vam pri\u010daramo \u0161e eno nepozabno no\u010d, kjer bomo vrteli IZKLJU\u010cNO K-Pop &amp; K-HipHop vse do jutra!<\/p>\n<p>Pripravite se na ples do zgodnjih jutranjih ur ob svojih najljub\u0161ih pesmih!<\/p>\n<p>__________________________________________<\/p>\n<p>\ud83c\udfb6 OfficialKEvents \u2013 ustvarjamo nepozabne dogodke! \ud83c\udfb6<\/p>\n<p>\ud83d\udcc6 Podrobnosti o dogodku \ud83d\udcc6<\/p>\n<p>\u23f0 Kdaj: petek, 20. marec 2025, od 22:00 &#8211; 3:00; zadnji vstop ob 02:00<br \/>\n\ud83d\udccd Kje: Orto Bar, Grablovi\u010deva ulica 1, 1000 Ljubljana, Slovenija<\/p>\n<p>\ud83c\udf9f Podrobnosti o vstopnicah \ud83c\udf9f<\/p>\n<p>\ud83d\udd57 Early Bird vstopnice: 9 EUR<br \/>\n\ud83d\udd58 Prva faza: 11 EUR<br \/>\n\ud83d\udd59 Druga faza: 13 EUR<br \/>\n\ud83d\udd5b Tretja faza: 15 EUR<\/p>\n<p>\ud83d\udca1 Cene vstopnic se zvi\u0161ujejo z vsako fazo: ko se prva faza razproda, bo naslednja faza na voljo po vi\u0161ji ceni. Priporo\u010damo, da vstopnice kupite vnaprej, saj se hitro razprodajo!<\/p>\n<p>\ud83d\udc40 Pripravili smo tudi posebne ugodnosti in presene\u010denja za vas! Ve\u010d info spodaj! \ud83d\udc40<\/p>\n<p>__________________________________________<\/p>\n<p>\ud83d\udd1e Starostna omejitev \ud83d\udd1e<\/p>\n<p>\ud83d\udd1e Dogodek je samo za 18+<br \/>\n__________________________________________<\/p>\n<p>\ud83c\udfa7 OfficialKEvents DJ-ji \ud83c\udfa7<\/p>\n<p>\ud83c\udfa7 DJ SANI (KR kr)<br \/>\n__________________________________________<\/p>\n<p>\ud83c\udfb6 Glasba &amp; prostori \ud83c\udfb6<\/p>\n<p>\ud83c\udfb6 K-Pop in K-HipHop in KEDM<\/p>\n<p>__________________________________________<\/p>\n<p>\ud83e\udde5Garderoba\ud83e\udde5<\/p>\n<p>2 \u20ac SAMO GOTOVINA<\/p>\n<p>__________________________________________<\/p>\n<p>\ud83d\udcf8 Fotograf \ud83d\udcf8<\/p>\n<p>\ud83d\udcf8 Fotograf bo ujel vse va\u0161e nepozabne trenutke te no\u010di!<\/p>\n<p>__________________________________________<\/p>\n<p>===== ENGLISH TRANSLATION =====<\/p>\n<p>\u272818+ Event, guests MUST bring ID, no Photocopies, no refund (Unless cancelled or postponed).<\/p>\n<p>\u2728 OfficialKEvents DJ&#8217;s will be playing KPop, KHiphop &amp; K-EDM tracks throughout the night \u2728<\/p>\n<p>OfficialKEvents is the largest KPop and KHiphop Clubbing Events organiser in the world. Our London &amp; Paris club nights bring in over 2000+ attendees monthly, hosting in 25+ countries. We are now back to bring you another unforgettable night, playing ONLY K-Pop &amp; KHipHop throughout the night!<\/p>\n<p>Get ready to dance the night away to your favourite songs.<\/p>\n<p>OfficialKEvents Making Events Everlasting!<\/p>\n<p>__________________________________________<\/p>\n<p>\ud83d\udcc6 Event Details \ud83d\udcc6<\/p>\n<p>\u23f0 When \u23f0: Friday, 20th March 2026 from 22:00 &#8211; 3:00; last entry 02:00<br \/>\n\ud83d\udccdWhere\ud83d\udccd: Orto Bar, Grablovi\u010deva ulica 1, 1000 Ljubljana, Slovenia<\/p>\n<p>\ud83c\udf9f Ticket Details \ud83c\udf9f<\/p>\n<p>\ud83d\udd57 Early Bird Tickets \ud83d\udd57: 9 EUR<br \/>\n\ud83d\udd58 First Phase Tickets \ud83d\udd58: 11<br \/>\n\ud83d\udd59 Second Phase Tickets\ud83d\udd59: 13<br \/>\n\ud83d\udd5b Third Phase Tickets \ud83d\udd5b: 15<\/p>\n<p>* Ticket prices increase with each phase: once the first phase sells out, the next phase will be available at a higher price, and so on. We highly recommend purchasing your tickets in advance, as they tend to sell out quickly!<\/p>\n<p>In the event of postponement, your ticket will be valid for the next event. Any changes we will let everyone know.<\/p>\n<p>__________________________________________<\/p>\n<p>\ud83d\udd1e Age restriction \ud83d\udd1e<\/p>\n<p>\ud83d\udd1e +18 years ONLY<\/p>\n<p>__________________________________________<\/p>\n<p>\ud83c\udfa7 OfficialKEvents DJs \ud83c\udfa7<\/p>\n<p>\ud83c\udfa7 DJ Matei<\/p>\n<p>__________________________________________<\/p>\n<p>\ud83c\udfb6 Music &amp; Rooms \ud83c\udfb6<\/p>\n<p>\ud83c\udfb6 KPop and KHiphop<\/p>\n<p>__________________________________________<\/p>\n<p>\ud83e\udde5Cloakroom\ud83e\udde5<\/p>\n<p>\u20ac2 CASH ONLY<\/p>\n<p>__________________________________________<\/p>\n<p>\ud83d\udcf8 Photographer \ud83d\udcf8<\/p>\n<p>\ud83d\udcf8 Photographer will capture all your moments throughout the night!<br \/>\n\ud83d\udcf8 Please only pose for a photo if you&#8217;re comfortable with it being shared on any of our social media platforms or website.<\/p>\n<p>__________________________________________<\/p>\n<p>Terms and Conditions: <a href=\"http:\/\/bit.ly\/3dUQOKq\">bit.ly\/3dUQOKq<\/a><\/p>\n<p>Location<\/p>\n<p>Orto Bar, Grablovi\u010deva ulica 1, 1000 Ljubljana<\/p>","protected":false},"excerpt":{"rendered":"<p>OfficialKevents | LJUBLJANA: KPOP &amp; KHIPHOP Night Fri 20 March 2026 22:00 &#8211; 03:00 CEST Orto Bar, Grablovi\u010deva ulica 1, 1000 Ljubljana \u2728 Dogodek 18+ \u2013 obiskovalci MORATE prinesti osebni dokument, fotokopije niso dovoljene. Povra\u010dila niso mo\u017ena (razen v primeru odpovedi ali prestavitve). &nbsp; \u2728 OfficialKEvents DJ-ji bodo vso no\u010d vrteli K-Pop, K-HipHop &amp; K-EDM [&hellip;]<\/p>","protected":false},"author":11,"featured_media":135416,"template":"","meta":{"_seopress_robots_primary_cat":"none","_seopress_titles_title":"","_seopress_titles_desc":"","_seopress_robots_index":""},"product_brand":[],"product_cat":[230],"product_tag":[222],"class_list":{"0":"post-131677","1":"product","2":"type-product","3":"status-publish","4":"has-post-thumbnail","6":"product_cat-arhiv","7":"product_tag-predprodaja","9":"entry","10":"has-media","12":"first","13":"instock","14":"virtual","15":"taxable","16":"product-type-simple","17":"has-product-nav","18":"col","19":"span_1_of_4","20":"owp-content-center","21":"item-entry","22":"owp-thumbs-layout-horizontal","23":"owp-btn-normal","24":"owp-tabs-layout-section","25":"has-no-thumbnails"},"publishpress_future_action":{"enabled":false,"date":"2026-05-11 15:30:32","action":"change-status","newStatus":"draft","terms":[],"taxonomy":"product_cat","extraData":[]},"publishpress_future_workflow_manual_trigger":{"enabledWorkflows":[]},"_links":{"self":[{"href":"https:\/\/www.orto-bar.com\/en\/wp-json\/wp\/v2\/product\/131677","targetHints":{"allow":["GET"]}}],"collection":[{"href":"https:\/\/www.orto-bar.com\/en\/wp-json\/wp\/v2\/product"}],"about":[{"href":"https:\/\/www.orto-bar.com\/en\/wp-json\/wp\/v2\/types\/product"}],"author":[{"embeddable":true,"href":"https:\/\/www.orto-bar.com\/en\/wp-json\/wp\/v2\/users\/11"}],"version-history":[{"count":2,"href":"https:\/\/www.orto-bar.com\/en\/wp-json\/wp\/v2\/product\/131677\/revisions"}],"predecessor-version":[{"id":140764,"href":"https:\/\/www.orto-bar.com\/en\/wp-json\/wp\/v2\/product\/131677\/revisions\/140764"}],"wp:featuredmedia":[{"embeddable":true,"href":"https:\/\/www.orto-bar.com\/en\/wp-json\/wp\/v2\/media\/135416"}],"wp:attachment":[{"href":"https:\/\/www.orto-bar.com\/en\/wp-json\/wp\/v2\/media?parent=131677"}],"wp:term":[{"taxonomy":"product_brand","embeddable":true,"href":"https:\/\/www.orto-bar.com\/en\/wp-json\/wp\/v2\/product_brand?post=131677"},{"taxonomy":"product_cat","embeddable":true,"href":"https:\/\/www.orto-bar.com\/en\/wp-json\/wp\/v2\/product_cat?post=131677"},{"taxonomy":"product_tag","embeddable":true,"href":"https:\/\/www.orto-bar.com\/en\/wp-json\/wp\/v2\/product_tag?post=131677"}],"curies":[{"name":"wp","href":"https:\/\/api.w.org\/{rel}","templated":true}]}}