{"id":131774,"date":"2026-01-21T17:24:40","date_gmt":"2026-01-21T16:24:40","guid":{"rendered":"https:\/\/www.orto-bar.com\/?post_type=product&#038;p=131774"},"modified":"2026-05-04T04:27:31","modified_gmt":"2026-05-04T02:27:31","slug":"avtomobili-4","status":"publish","type":"product","link":"https:\/\/www.orto-bar.com\/en\/dogodki\/arhiv\/avtomobili-4\/","title":{"rendered":"Avtomobili"},"content":{"rendered":"<p>Vabljeni na \u017ee tradicionalni koncert Avtomobilov v Ortu. Sli\u0161ali boste najve\u010dje uspe\u0161nice s potovanja, ki traja \u017ee ve\u010d kot 40 let. Pripnite si pasove, se peljemo!<\/p>\n<p>Novogori\u0161ki Avtomobili sodijo v kategorijo zasedb, ki so globoko zaznamovale slovensko glasbeno sceno in jih lahko opredelimo kot legende. Skupina velja za eno najbolj plodnih, izvirnih in prepoznavnih rock zasedb pri nas. Na bogati, ve\u010d kot \u0161tiri desetletja dolgi\u00a0glasbeni poti, so nanizali\u00a012\u00a0studijskih\u00a0albumov, s katerih \u0161e danes presenetljivo sve\u017ee in brezc\u030casno zveni zajeten zalogaj velikih uspe\u0161nic, kot so <strong>Argentina, Ona nosi uniformu, Skozi leta, V mrzlih dvoranah, Pot domov, Hvala za pisma, Ljubezen ne stanuje tu, Enakonoc\u030cje, Sama, Gospodar,\u00a0Poslu\u0161aj, Dale\u010d, Stopinje v snegu,\u00a0<\/strong>c\u030ce na\u0161tejemo le nekatere. Avtomobili niso le glasba, so razmi\u0161ljanje in na\u010din \u017eivljenja, veselje in jok, preteklost in prihodnost. Njihova netrendovska neposrednost vedno znova pridobiva na popularnosti tudi mlaj\u0161ih poslu\u0161alcev, kar ka\u017ee na to, da\u00a0zgodbe\u00a0o Avtomobilih \u0161e lep \u010das ne bo konec.<\/p>\n<p><em>Avtomobili ohranjajo svoj glasbeni \u0161arm, svoj zvok in tisto &#8220;nekaj&#8221;, kar je lo\u010duje od ostalih zasedb. Zdi se, da je njihova privla\u010dnost brez\u010dasna, saj jih na koncerte hodijo poslu\u0161at tako stari obo\u017eevalci kot mlaj\u0161e generacije, ki jih spotoma, na njihovi poti, \u0161ele dobro spoznavajo.<\/em> &#8211; Bo\u0161tjan Tu\u0161ek, 24ur<\/p>\n<p>&nbsp;<\/p>\n<p><em>Pri na\u0161i melanholiji gre za stanje, pri katerem \u010dlovek ne trpi, temve\u010d mu je lahko tudi lepo. Kot vetri\u010d, ki te objame in ti je lepo, ko si v takem stanju ob\u010d<\/em><em>utja. Upam, da tudi na<\/em><em>\u0161i poslu\u0161alci to prepoznajo in ob\u010dutijo.\u00a0&#8211; Marko Vuksanovi\u0107<\/em><\/p>\n<p>&nbsp;<\/p>\n<p><strong>Zasedba:<\/strong><br \/>\nMarko Vuksanovi\u010d \u2013 vokal<br \/>\nMirko Vuksanovi\u010d \u2013 klaviature, vokal<br \/>\nBo\u0161tjan Andrejc Bushy \u2013 kitara, vokalUro\u0161 Trebi\u017ean \u2013 bas kitara<br \/>\nDavid Morgan \u2013 bobni<\/p>\n<p>Organizator:\u00a0Alivea<\/p>","protected":false},"excerpt":{"rendered":"<p>Vabljeni na \u017ee tradicionalni koncert Avtomobilov v Ortu. Sli\u0161ali boste najve\u010dje uspe\u0161nice s potovanja, ki traja \u017ee ve\u010d kot 40 let. Pripnite si pasove, se peljemo! Novogori\u0161ki Avtomobili sodijo v kategorijo zasedb, ki so globoko zaznamovale slovensko glasbeno sceno in jih lahko opredelimo kot legende. Skupina velja za eno najbolj plodnih, izvirnih in prepoznavnih rock [&hellip;]<\/p>","protected":false},"author":11,"featured_media":131775,"template":"","meta":{"_seopress_robots_primary_cat":"none","_seopress_titles_title":"","_seopress_titles_desc":"","_seopress_robots_index":""},"product_brand":[],"product_cat":[230],"product_tag":[222],"class_list":{"0":"post-131774","1":"product","2":"type-product","3":"status-publish","4":"has-post-thumbnail","6":"product_cat-arhiv","7":"product_tag-predprodaja","9":"entry","10":"has-media","12":"first","13":"instock","14":"virtual","15":"taxable","16":"product-type-simple","17":"has-product-nav","18":"col","19":"span_1_of_4","20":"owp-content-center","21":"item-entry","22":"owp-thumbs-layout-horizontal","23":"owp-btn-normal","24":"owp-tabs-layout-section","25":"has-no-thumbnails"},"publishpress_future_action":{"enabled":false,"date":"2026-05-11 14:26:18","action":"change-status","newStatus":"draft","terms":[],"taxonomy":"product_cat","extraData":[]},"publishpress_future_workflow_manual_trigger":{"enabledWorkflows":[]},"_links":{"self":[{"href":"https:\/\/www.orto-bar.com\/en\/wp-json\/wp\/v2\/product\/131774","targetHints":{"allow":["GET"]}}],"collection":[{"href":"https:\/\/www.orto-bar.com\/en\/wp-json\/wp\/v2\/product"}],"about":[{"href":"https:\/\/www.orto-bar.com\/en\/wp-json\/wp\/v2\/types\/product"}],"author":[{"embeddable":true,"href":"https:\/\/www.orto-bar.com\/en\/wp-json\/wp\/v2\/users\/11"}],"version-history":[{"count":1,"href":"https:\/\/www.orto-bar.com\/en\/wp-json\/wp\/v2\/product\/131774\/revisions"}],"predecessor-version":[{"id":141286,"href":"https:\/\/www.orto-bar.com\/en\/wp-json\/wp\/v2\/product\/131774\/revisions\/141286"}],"wp:featuredmedia":[{"embeddable":true,"href":"https:\/\/www.orto-bar.com\/en\/wp-json\/wp\/v2\/media\/131775"}],"wp:attachment":[{"href":"https:\/\/www.orto-bar.com\/en\/wp-json\/wp\/v2\/media?parent=131774"}],"wp:term":[{"taxonomy":"product_brand","embeddable":true,"href":"https:\/\/www.orto-bar.com\/en\/wp-json\/wp\/v2\/product_brand?post=131774"},{"taxonomy":"product_cat","embeddable":true,"href":"https:\/\/www.orto-bar.com\/en\/wp-json\/wp\/v2\/product_cat?post=131774"},{"taxonomy":"product_tag","embeddable":true,"href":"https:\/\/www.orto-bar.com\/en\/wp-json\/wp\/v2\/product_tag?post=131774"}],"curies":[{"name":"wp","href":"https:\/\/api.w.org\/{rel}","templated":true}]}}