{"id":131962,"date":"2026-01-22T12:53:41","date_gmt":"2026-01-22T11:53:41","guid":{"rendered":"https:\/\/www.orto-bar.com\/?post_type=product&#038;p=131962"},"modified":"2026-05-03T04:26:40","modified_gmt":"2026-05-03T02:26:40","slug":"orto-fest-2026-elvis-jackson","status":"publish","type":"product","link":"https:\/\/www.orto-bar.com\/en\/dogodki\/arhiv\/orto-fest-2026-elvis-jackson\/","title":{"rendered":"Orto Fest 2026-Elvis Jackson"},"content":{"rendered":"<p>Elvis Jackson so leta 2025 obele\u017eili 25 let glasbenega delovanja, ter izdali album z naslovom WE PLAY 4 YOU. Njihov novi album, \u017ee sedmi po vrsti, je na spletnih platformah iz\u0161el marca.\u00a0Z novimi enajstimi skladbami v mo\u010dnem zvoku, hitrem in<br \/>\nnepopustljivem tempu se Elvis Jackson vra\u010dajo k dobri stari crossover me\u0161anici stilov, ki bo zaobjela punk rock, ska, reggae, grunge\u2026 ritme.<br \/>\nPrvi\u010d je z njimi v snemalni studio kot nov \u010dlan skupine vstopil kitarist Marty Favento. Album je bil posnet v Beartracks Studio, za snemanje, mixing in mastering pa je bil odgovoren Bojan<br \/>\nPahljina.<br \/>\nPrvi singel s pomenljivim naslovom Do it again lahko razumemo tudi kot namig, da so Elvisi<br \/>\nponovno tu, da ustvarjajo dalje, vedno znova, \u2026<br \/>\n\u0160e vedno verjamemo v pristnost in spontanost \u017eivega, edinstvenega odrskega nastopa<br \/>\npravi David Kov\u0161ca \u2013 Buda.<br \/>\nPo dolgih desetih letih od izida zadnjega albuma se Elvisi vra\u010dajo v dobri kondiciji,<br \/>\nnepopustljivem tempu, v novih karo vzorcih in polni nove energije.<\/p>","protected":false},"excerpt":{"rendered":"<p>Elvis Jackson so leta 2025 obele\u017eili 25 let glasbenega delovanja, ter izdali album z naslovom WE PLAY 4 YOU. Njihov novi album, \u017ee sedmi po vrsti, je na spletnih platformah iz\u0161el marca.\u00a0Z novimi enajstimi skladbami v mo\u010dnem zvoku, hitrem in nepopustljivem tempu se Elvis Jackson vra\u010dajo k dobri stari crossover me\u0161anici stilov, ki bo zaobjela [&hellip;]<\/p>","protected":false},"author":11,"featured_media":131964,"template":"","meta":{"_seopress_robots_primary_cat":"none","_seopress_titles_title":"","_seopress_titles_desc":"","_seopress_robots_index":""},"product_brand":[],"product_cat":[230],"product_tag":[222],"class_list":{"0":"post-131962","1":"product","2":"type-product","3":"status-publish","4":"has-post-thumbnail","6":"product_cat-arhiv","7":"product_tag-predprodaja","9":"entry","10":"has-media","12":"first","13":"instock","14":"virtual","15":"taxable","16":"product-type-simple","17":"has-product-nav","18":"col","19":"span_1_of_4","20":"owp-content-center","21":"item-entry","22":"owp-thumbs-layout-horizontal","23":"owp-btn-normal","24":"owp-tabs-layout-section","25":"has-no-thumbnails"},"publishpress_future_action":{"enabled":false,"date":"2026-05-10 13:40:12","action":"change-status","newStatus":"draft","terms":[],"taxonomy":"product_cat","extraData":[]},"publishpress_future_workflow_manual_trigger":{"enabledWorkflows":[]},"_links":{"self":[{"href":"https:\/\/www.orto-bar.com\/en\/wp-json\/wp\/v2\/product\/131962","targetHints":{"allow":["GET"]}}],"collection":[{"href":"https:\/\/www.orto-bar.com\/en\/wp-json\/wp\/v2\/product"}],"about":[{"href":"https:\/\/www.orto-bar.com\/en\/wp-json\/wp\/v2\/types\/product"}],"author":[{"embeddable":true,"href":"https:\/\/www.orto-bar.com\/en\/wp-json\/wp\/v2\/users\/11"}],"version-history":[{"count":0,"href":"https:\/\/www.orto-bar.com\/en\/wp-json\/wp\/v2\/product\/131962\/revisions"}],"wp:featuredmedia":[{"embeddable":true,"href":"https:\/\/www.orto-bar.com\/en\/wp-json\/wp\/v2\/media\/131964"}],"wp:attachment":[{"href":"https:\/\/www.orto-bar.com\/en\/wp-json\/wp\/v2\/media?parent=131962"}],"wp:term":[{"taxonomy":"product_brand","embeddable":true,"href":"https:\/\/www.orto-bar.com\/en\/wp-json\/wp\/v2\/product_brand?post=131962"},{"taxonomy":"product_cat","embeddable":true,"href":"https:\/\/www.orto-bar.com\/en\/wp-json\/wp\/v2\/product_cat?post=131962"},{"taxonomy":"product_tag","embeddable":true,"href":"https:\/\/www.orto-bar.com\/en\/wp-json\/wp\/v2\/product_tag?post=131962"}],"curies":[{"name":"wp","href":"https:\/\/api.w.org\/{rel}","templated":true}]}}