{"id":132192,"date":"2026-01-23T14:55:01","date_gmt":"2026-01-23T13:55:01","guid":{"rendered":"https:\/\/www.orto-bar.com\/?post_type=product&#038;p=132192"},"modified":"2026-01-23T15:01:08","modified_gmt":"2026-01-23T14:01:08","slug":"orto-fest-2026-myrath-roses-of-thieves","status":"publish","type":"product","link":"https:\/\/www.orto-bar.com\/en\/dogodki\/koncerti\/orto-fest-2026-myrath-roses-of-thieves\/","title":{"rendered":"Orto Fest 2026- Myrath, Roses of Thieves"},"content":{"rendered":"<p>Vstopnice prek On-Parole! 22 evrov v predprodaji, 25 evrov na dan.<br \/>\n<a href=\"https:\/\/www.on-parole.com\/si\/vstopnice\/7999-myrath-21042026-ljubljana-ticket.html\">https:\/\/www.on-parole.com\/si\/vstopnice\/7999-myrath-21042026-ljubljana-ticket.html<\/a><br \/>\nTickets through On-Parole! 22 euro in presale, 25 euro on show day!<br \/>\n<a href=\"https:\/\/www.on-parole.com\/en\/tickets\/7999-myrath-21042026-ljubljana-ticket.html\">https:\/\/www.on-parole.com\/en\/tickets\/7999-myrath-21042026-ljubljana-ticket.html<\/a><\/p>\n<p>Pripravi se na nepozaben glasbeni dogodek \u2013 v Ljubljano prihaja eden najbolj edinstvenih in karizmati\u010dnih metal bendov dana\u0161njega \u010dasa: MYRATH! \ud83c\uddf9\ud83c\uddf3<br \/>\nTunizijski mojstri progresivnega in orientalskega metala bodo 21. aprila 2026 nastopili v Orto Baru, kjer nas \u010daka eksploziven ve\u010der mo\u010dnih riffov, misti\u010dnih melodij in epske energije, ki jo zna pri\u010darati samo Myrath.<\/p>\n<p>Myrath so v zadnjem desetletju osvojili srca poslu\u0161alcev po vsem svetu z edinstveno kombinacijo zahodnega metala in bogate orientalske tradicije. Njihov zvok prepleta mogo\u010dne vokale, razko\u0161ne harmonije, \u010darobne orkestracije in energijo, ki v \u017eivo resni\u010dno za\u017eivi.<br \/>\nS svojimi albumi, kot sta Shehili in Karma, so dokazali, da spadajo med najbolj inovativne in prepoznavne skupine sodobne metal scene.<\/p>\n<p>Oder jim bodo ogreli mad\u017earski Roses of Thieves.<\/p>\n<p>MYRATH<br \/>\n<a href=\"https:\/\/www.facebook.com\/myrathband\">https:\/\/www.facebook.com\/myrathband<\/a><\/p>\n<p>ROSES OF THIEVES<br \/>\n<a href=\"https:\/\/www.facebook.com\/rosesofthieves\/\">https:\/\/www.facebook.com\/rosesofthieves\/<\/a><\/p>","protected":false},"excerpt":{"rendered":"<p>Vstopnice prek On-Parole! 22 evrov v predprodaji, 25 evrov na dan. https:\/\/www.on-parole.com\/si\/vstopnice\/7999-myrath-21042026-ljubljana-ticket.html Tickets through On-Parole! 22 euro in presale, 25 euro on show day! https:\/\/www.on-parole.com\/en\/tickets\/7999-myrath-21042026-ljubljana-ticket.html Pripravi se na nepozaben glasbeni dogodek \u2013 v Ljubljano prihaja eden najbolj edinstvenih in karizmati\u010dnih metal bendov dana\u0161njega \u010dasa: MYRATH! \ud83c\uddf9\ud83c\uddf3 Tunizijski mojstri progresivnega in orientalskega metala bodo 21. aprila [&hellip;]<\/p>","protected":false},"author":11,"featured_media":132193,"template":"","meta":{"_seopress_robots_primary_cat":"none","_seopress_titles_title":"","_seopress_titles_desc":"","_seopress_robots_index":""},"product_brand":[],"product_cat":[226,233],"product_tag":[222],"class_list":{"0":"post-132192","1":"product","2":"type-product","3":"status-publish","4":"has-post-thumbnail","6":"product_cat-koncerti","7":"product_cat-orto-fest","8":"product_tag-predprodaja","10":"entry","11":"has-media","13":"first","14":"instock","15":"virtual","16":"taxable","17":"product-type-simple","18":"has-product-nav","19":"col","20":"span_1_of_4","21":"owp-content-center","22":"item-entry","23":"owp-thumbs-layout-horizontal","24":"owp-btn-normal","25":"owp-tabs-layout-section","26":"has-no-thumbnails"},"publishpress_future_action":{"enabled":true,"date":"2026-04-22 01:55:00","action":"category","newStatus":"draft","terms":[230],"taxonomy":"product_cat","extraData":[]},"publishpress_future_workflow_manual_trigger":{"enabledWorkflows":[]},"_links":{"self":[{"href":"https:\/\/www.orto-bar.com\/en\/wp-json\/wp\/v2\/product\/132192","targetHints":{"allow":["GET"]}}],"collection":[{"href":"https:\/\/www.orto-bar.com\/en\/wp-json\/wp\/v2\/product"}],"about":[{"href":"https:\/\/www.orto-bar.com\/en\/wp-json\/wp\/v2\/types\/product"}],"author":[{"embeddable":true,"href":"https:\/\/www.orto-bar.com\/en\/wp-json\/wp\/v2\/users\/11"}],"version-history":[{"count":0,"href":"https:\/\/www.orto-bar.com\/en\/wp-json\/wp\/v2\/product\/132192\/revisions"}],"wp:featuredmedia":[{"embeddable":true,"href":"https:\/\/www.orto-bar.com\/en\/wp-json\/wp\/v2\/media\/132193"}],"wp:attachment":[{"href":"https:\/\/www.orto-bar.com\/en\/wp-json\/wp\/v2\/media?parent=132192"}],"wp:term":[{"taxonomy":"product_brand","embeddable":true,"href":"https:\/\/www.orto-bar.com\/en\/wp-json\/wp\/v2\/product_brand?post=132192"},{"taxonomy":"product_cat","embeddable":true,"href":"https:\/\/www.orto-bar.com\/en\/wp-json\/wp\/v2\/product_cat?post=132192"},{"taxonomy":"product_tag","embeddable":true,"href":"https:\/\/www.orto-bar.com\/en\/wp-json\/wp\/v2\/product_tag?post=132192"}],"curies":[{"name":"wp","href":"https:\/\/api.w.org\/{rel}","templated":true}]}}