{"id":132359,"date":"2026-01-24T10:41:48","date_gmt":"2026-01-24T09:41:48","guid":{"rendered":"https:\/\/www.orto-bar.com\/?post_type=product&#038;p=132359"},"modified":"2026-04-16T20:58:41","modified_gmt":"2026-04-16T18:58:41","slug":"orto-fest-2026-noctiferia","status":"publish","type":"product","link":"https:\/\/www.orto-bar.com\/en\/dogodki\/koncerti\/orto-fest-2026-noctiferia\/","title":{"rendered":"Orto Fest 2026-Noctiferia"},"content":{"rendered":"<p>Noctiferia, ikone slovenskega metala se po dolgem premoru vra\u010dajo na koncertne odre!<\/p>\n<p>&nbsp;<\/p>\n<p>Slovenski publiki se bodo premierno predstavili v novi postavi in poleg koncertnih klasik ponudili na poslu\u0161anje tudi omejen izbor sve\u017eih kompozicij s prihajajo\u010de studijske plo\u0161\u010de, ki bo iz\u0161la v letu 2026 in bo nov mejnik v kronologiji benda.<\/p>\n<p>Koncert bo tudi uvod v 30 letnico ustvarjanja Noctiferie, ki jo bo skupina proslavila v letu 2027.<\/p>\n<p>&nbsp;<\/p>\n<p>Noctiferia veljajo ze pionirje ekstremnega metala na Slovenskem. Njihovo zvo\u010dno raziskovanje obsega vse od black, death, industrial in groove metala do akusti\u010dnih, etno in elektronskih odvodov. Skupina je do sedaj izdala 7 studijskih albumov, gostovala na \u0161tevilnih turnejah in festivalih \u0161irom Evrope in Kitajske ter postavila nezanemarljivo \u0161tevilo mejnikov kot slovenski metal bend, med katere spada vse od prvega koncerta slovenske skupine na legendarnem Wacken festivalu do nastopov v ljubljanski Drami in Operi, ter sodelovanja s svetovno priznanimi producenti in izvajalci.<\/p>\n<p>Skupina je leta 2022 prejela \u010dastno plaketo mesta Ljubljane za 25 let obstoja in dose\u017eke na podro\u010dju kulture.<\/p>\n<p>Noctiferia za leto 2026 napovedujejo izid nove studijske plo\u0161\u010de, ki ji bo sledilo praznovanje 30 letnice ustvarjanja v letu 2027.<\/p>\n<p>&nbsp;<\/p>\n<p>Postava:<\/p>\n<p>Milo\u0161 Mihajlovi\u0107 &#8211; vokal<\/p>\n<p>Igor Nardin &#8211; kitara<\/p>\n<p>Uro\u0161 Lipovec &#8211; bas<\/p>\n<p>Andrej Blatnik &#8211; kitara<\/p>\n<p>David Bordon &#8211; bobni<\/p>","protected":false},"excerpt":{"rendered":"<p>Noctiferia, ikone slovenskega metala se po dolgem premoru vra\u010dajo na koncertne odre! &nbsp; Slovenski publiki se bodo premierno predstavili v novi postavi in poleg koncertnih klasik ponudili na poslu\u0161anje tudi omejen izbor sve\u017eih kompozicij s prihajajo\u010de studijske plo\u0161\u010de, ki bo iz\u0161la v letu 2026 in bo nov mejnik v kronologiji benda. Koncert bo tudi uvod [&hellip;]<\/p>","protected":false},"author":11,"featured_media":132360,"template":"","meta":{"_seopress_robots_primary_cat":"none","_seopress_titles_title":"","_seopress_titles_desc":"","_seopress_robots_index":""},"product_brand":[],"product_cat":[226,233],"product_tag":[222],"class_list":{"0":"post-132359","1":"product","2":"type-product","3":"status-publish","4":"has-post-thumbnail","6":"product_cat-koncerti","7":"product_cat-orto-fest","8":"product_tag-predprodaja","10":"entry","11":"has-media","13":"first","14":"instock","15":"virtual","16":"taxable","17":"purchasable","18":"product-type-simple","19":"has-product-nav","20":"col","21":"span_1_of_4","22":"owp-content-center","23":"item-entry","24":"owp-thumbs-layout-horizontal","25":"owp-btn-normal","26":"owp-tabs-layout-section","27":"has-no-thumbnails"},"publishpress_future_action":{"enabled":true,"date":"2026-04-19 01:41:00","action":"category","newStatus":"draft","terms":[230],"taxonomy":"product_cat","extraData":[]},"publishpress_future_workflow_manual_trigger":{"enabledWorkflows":[]},"_links":{"self":[{"href":"https:\/\/www.orto-bar.com\/en\/wp-json\/wp\/v2\/product\/132359","targetHints":{"allow":["GET"]}}],"collection":[{"href":"https:\/\/www.orto-bar.com\/en\/wp-json\/wp\/v2\/product"}],"about":[{"href":"https:\/\/www.orto-bar.com\/en\/wp-json\/wp\/v2\/types\/product"}],"author":[{"embeddable":true,"href":"https:\/\/www.orto-bar.com\/en\/wp-json\/wp\/v2\/users\/11"}],"version-history":[{"count":0,"href":"https:\/\/www.orto-bar.com\/en\/wp-json\/wp\/v2\/product\/132359\/revisions"}],"wp:featuredmedia":[{"embeddable":true,"href":"https:\/\/www.orto-bar.com\/en\/wp-json\/wp\/v2\/media\/132360"}],"wp:attachment":[{"href":"https:\/\/www.orto-bar.com\/en\/wp-json\/wp\/v2\/media?parent=132359"}],"wp:term":[{"taxonomy":"product_brand","embeddable":true,"href":"https:\/\/www.orto-bar.com\/en\/wp-json\/wp\/v2\/product_brand?post=132359"},{"taxonomy":"product_cat","embeddable":true,"href":"https:\/\/www.orto-bar.com\/en\/wp-json\/wp\/v2\/product_cat?post=132359"},{"taxonomy":"product_tag","embeddable":true,"href":"https:\/\/www.orto-bar.com\/en\/wp-json\/wp\/v2\/product_tag?post=132359"}],"curies":[{"name":"wp","href":"https:\/\/api.w.org\/{rel}","templated":true}]}}