{"id":132568,"date":"2026-01-25T14:41:25","date_gmt":"2026-01-25T13:41:25","guid":{"rendered":"https:\/\/www.orto-bar.com\/?post_type=product&#038;p=132568"},"modified":"2026-02-12T19:37:55","modified_gmt":"2026-02-12T18:37:55","slug":"love-charade-de-vu","status":"publish","type":"product","link":"https:\/\/www.orto-bar.com\/en\/dogodki\/arhiv\/love-charade-de-vu\/","title":{"rendered":"Love Charade, De Vu"},"content":{"rendered":"<p><span style=\"font-weight: 400;\">Love Charade je mlada glasbena zasedba, ki \u017eeli z glasbo \u0161iriti ljubezen in \u0161ubidubiwapap pozitivo. \u017danrsko se ne omejujejo, svoje avtorske komade najla\u017eje opi\u0161ejo kot groovy pop rock, pri ustvarjanju le-teh pa ohranjajo kreativen, avtenti\u010den in inovativen pristop. Na koncertih lahko za\u010dutite sr\u010dno energijo, edinstvene melodije in osve\u017eujo\u010d zvok.\u00a0<\/span><\/p>\n<p>&nbsp;<\/p>\n<p><span style=\"font-weight: 400;\">Za poku\u0161ino lahko poslu\u0161ate dva singla na glasbenih platformah. Za drugega (Mornarska) so ga kot zmagovalno nagrado prejeli na nate\u010daju CMK Studio Live, kar jim je omogo\u010dilo profesionalno snemanje z Andreo F in Friends production.<\/span><\/p>\n<p>&nbsp;<\/p>\n<p><span style=\"font-weight: 400;\">Tinkara Delux &#8211; vokal, flavta<\/span><\/p>\n<p><span style=\"font-weight: 400;\">Izabela Delux &#8211; kitara<\/span><\/p>\n<p><span style=\"font-weight: 400;\">Luka Koritnik &#8211; kitara<\/span><\/p>\n<p><span style=\"font-weight: 400;\">Zala Trnjanin &#8211; bobni<\/span><\/p>\n<p><span style=\"font-weight: 400;\">Haris Mujanovi\u0107 &#8211; bas kitara<\/span><\/p>\n<p>&nbsp;<\/p>\n<p><span style=\"font-weight: 400;\">Kontakt:<\/span><\/p>\n<p><a href=\"mailto:lovecharade.band@gmail.com\"><span style=\"font-weight: 400;\">lovecharade.band@gmail.com<\/span><\/a><\/p>\n<p><span style=\"font-weight: 400;\">instagram: <\/span><a href=\"https:\/\/www.instagram.com\/lovecharade_band\/\"><span style=\"font-weight: 400;\">https:\/\/www.instagram.com\/lovecharade_band\/<\/span><\/a><\/p>\n<p><span style=\"font-weight: 400;\">facebook: <\/span><a href=\"https:\/\/www.facebook.com\/Love-Charade-Band-103384758950434\/\"><span style=\"font-weight: 400;\">https:\/\/www.facebook.com\/Love-Charade-Band-103384758950434\/<\/span><\/a><\/p>\n<p><span style=\"font-weight: 400;\">youtube: <\/span><a href=\"https:\/\/www.youtube.com\/channel\/UCnOVgZGE6oHq2dSKZCyO4vQ\"><span style=\"font-weight: 400;\">https:\/\/www.youtube.com\/channel\/UCnOVgZGE6oHq2dSKZCyO4vQ<\/span><\/a><\/p>\n<p>&nbsp;<\/p>\n<p><span style=\"font-weight: 400;\">De Vu smo pet\u010dlanska indie skupina, katere korenine se razprostirajo ob \u201cdolenjki\u201d od Grosuplja do Novega mesta.<\/span><\/p>\n<p><span style=\"font-weight: 400;\">Na\u0161 zvok izhaja iz sanjavega, atmosferi\u010dnega indie rocka, a raznolikost glasbenih okusov posameznih \u010dlanov bend nenehno potiska v raziskovanje in eksperimentiranje onkraj \u017eanrskih okvirov. Kot bend smo se oblikovali v Ljubljani, kjer poteka tudi ve\u010dina na\u0161ega ustvarjanja.<\/span><\/p>\n<p><span style=\"font-weight: 400;\">Kljub relativno kratkemu obdobju delovanja smo nastopili na \u0161tevilnih koncertih in odrih, med drugim na \u0160kisovi tr\u017enici, Predmajskem \u0161pilu, Lakefestu, v Zorici in Kazzina Jazz Clubu, ter v akusti\u010dni obliki v Lokal Patriotu. Julija 2025 smo izdali svojo prvo skladbo S tabo bi use, ki je naletela na topel odziv poslu\u0161alcev in glasbenih urednikov.<\/span><\/p>\n<p><span style=\"font-weight: 400;\">V leto 2026 vstopamo z jasno vizijo, izrazito ambicijo in \u017eeljo po nadaljnji rasti tako na studijskem kot koncertnem odru.<\/span><\/p>\n<p>&nbsp;<\/p>","protected":false},"excerpt":{"rendered":"<p>Love Charade je mlada glasbena zasedba, ki \u017eeli z glasbo \u0161iriti ljubezen in \u0161ubidubiwapap pozitivo. \u017danrsko se ne omejujejo, svoje avtorske komade najla\u017eje opi\u0161ejo kot groovy pop rock, pri ustvarjanju le-teh pa ohranjajo kreativen, avtenti\u010den in inovativen pristop. Na koncertih lahko za\u010dutite sr\u010dno energijo, edinstvene melodije in osve\u017eujo\u010d zvok.\u00a0 &nbsp; Za poku\u0161ino lahko poslu\u0161ate dva [&hellip;]<\/p>","protected":false},"author":11,"featured_media":132570,"template":"","meta":{"_seopress_robots_primary_cat":"none","_seopress_titles_title":"","_seopress_titles_desc":"","_seopress_robots_index":""},"product_brand":[],"product_cat":[230],"product_tag":[222],"class_list":{"0":"post-132568","1":"product","2":"type-product","3":"status-publish","4":"has-post-thumbnail","6":"product_cat-arhiv","7":"product_tag-predprodaja","9":"entry","10":"has-media","12":"first","13":"instock","14":"virtual","15":"taxable","16":"product-type-simple","17":"has-product-nav","18":"col","19":"span_1_of_4","20":"owp-content-center","21":"item-entry","22":"owp-thumbs-layout-horizontal","23":"owp-btn-normal","24":"owp-tabs-layout-section","25":"has-no-thumbnails"},"publishpress_future_action":{"enabled":false,"date":"2026-05-11 12:19:54","action":"change-status","newStatus":"draft","terms":[],"taxonomy":"product_cat","extraData":[]},"publishpress_future_workflow_manual_trigger":{"enabledWorkflows":[]},"_links":{"self":[{"href":"https:\/\/www.orto-bar.com\/en\/wp-json\/wp\/v2\/product\/132568","targetHints":{"allow":["GET"]}}],"collection":[{"href":"https:\/\/www.orto-bar.com\/en\/wp-json\/wp\/v2\/product"}],"about":[{"href":"https:\/\/www.orto-bar.com\/en\/wp-json\/wp\/v2\/types\/product"}],"author":[{"embeddable":true,"href":"https:\/\/www.orto-bar.com\/en\/wp-json\/wp\/v2\/users\/11"}],"version-history":[{"count":0,"href":"https:\/\/www.orto-bar.com\/en\/wp-json\/wp\/v2\/product\/132568\/revisions"}],"wp:featuredmedia":[{"embeddable":true,"href":"https:\/\/www.orto-bar.com\/en\/wp-json\/wp\/v2\/media\/132570"}],"wp:attachment":[{"href":"https:\/\/www.orto-bar.com\/en\/wp-json\/wp\/v2\/media?parent=132568"}],"wp:term":[{"taxonomy":"product_brand","embeddable":true,"href":"https:\/\/www.orto-bar.com\/en\/wp-json\/wp\/v2\/product_brand?post=132568"},{"taxonomy":"product_cat","embeddable":true,"href":"https:\/\/www.orto-bar.com\/en\/wp-json\/wp\/v2\/product_cat?post=132568"},{"taxonomy":"product_tag","embeddable":true,"href":"https:\/\/www.orto-bar.com\/en\/wp-json\/wp\/v2\/product_tag?post=132568"}],"curies":[{"name":"wp","href":"https:\/\/api.w.org\/{rel}","templated":true}]}}