{"id":132572,"date":"2026-01-25T14:59:19","date_gmt":"2026-01-25T13:59:19","guid":{"rendered":"https:\/\/www.orto-bar.com\/?post_type=product&#038;p=132572"},"modified":"2026-05-04T04:27:31","modified_gmt":"2026-05-04T02:27:31","slug":"orto-fest-2026-hamo-tribute-2-love","status":"publish","type":"product","link":"https:\/\/www.orto-bar.com\/en\/dogodki\/arhiv\/orto-fest-2026-hamo-tribute-2-love\/","title":{"rendered":"Orto Fest 2026 &#8211; Hamo &#038; Tribute 2 Love"},"content":{"rendered":"<p><strong>HAMO &amp; TRIBUTE 2 LOVE \u2022 26. ORTO FEST \u2022 26. 3. 2026<\/strong><\/p>\n<p><strong>\u00a0<\/strong><\/p>\n<p>Za\u010denja se 26. Orto Fest, otvorili pa ga bomo z enim in edini: HAMO &amp; TRIBUTE 2 LOVE! Po odmevnih koncertih v razprodanih Kri\u017eankah (z Big Bandom RTVS) in Gallusovi dvorani Cankarjevega doma se z \u00bbelektriko\u00ab vra\u010dajo na oder Orto Bara!<\/p>\n<p>Koncert bo del uverture v praznovanje 20-letnice enega najbolj prepoznavnih slovenskih bendov \u2013 sinonima za ljubezen, rock &amp; roll in dober \u017eur. Sli\u0161ali boste brez\u010dasne uspe\u0161nice, kot so: \u00bbDolgo nisva pila\u00ab, \u00bbSon\u010den dan\u00ab, \u00bbIdeje boga\u00ab, \u00bbLubezen\u00ab, \u00bbPrva vrsta\u00ab \u2026 izvedli pa bodo tudi nekaj novih skladb s prihajajo\u010dega osmega albuma. Prva dva singla z nove plo\u0161\u010de, \u00bbEj \u0110PT, dej mi povej\u00ab in \u00bbS tabo je lepo\u00ab, sta \u017ee osvojila splet in radijske valove \u2013 spoznali pa boste \u0161e kak\u0161nega.<\/p>\n<p>&nbsp;<\/p>\n<p>\ud83d\udcc5 <strong>\u010cetrtek, 26. 3. 2026 ob 20.00<\/strong><br \/>\n\ud83d\udccd <strong>ORTO BAR \u2013 LJUBLJANA<\/strong> (Grablovi\u010deva ulica 1, 1000 Ljubljana)<\/p>\n<p>&nbsp;<\/p>\n<p>\ud83c\udf9f\ufe0f <strong>NAJCENEJ\u0160E VSTOPNICE<\/strong> \u017ee na voljo v predprodaji. Na dan dogodka: 28\u20ac<\/p>\n<p>&nbsp;<\/p>\n<p>\u2139\ufe0f <strong>DODATNE INFORMACIJE:<\/strong><br \/>\n\u2022 ODPRTJE VHODA ob 19.00<br \/>\n\u2022 Parkirni prostori za obiskovalce so na voljo v neposredni bli\u017eini prizori\u0161\u010da; priporo\u010damo uporabo javnega potni\u0161kega prometa.<br \/>\n\u2022 Dogodek se fotografira in snema za potrebe promocijskih aktivnosti izvajalca in organizatorja ter medijskega poro\u010danja.<\/p>\n<p>&nbsp;<\/p>\n<p>Vabljeni! \ud83e\udd18<\/p>","protected":false},"excerpt":{"rendered":"<p>HAMO &amp; TRIBUTE 2 LOVE \u2022 26. ORTO FEST \u2022 26. 3. 2026 \u00a0 Za\u010denja se 26. Orto Fest, otvorili pa ga bomo z enim in edini: HAMO &amp; TRIBUTE 2 LOVE! Po odmevnih koncertih v razprodanih Kri\u017eankah (z Big Bandom RTVS) in Gallusovi dvorani Cankarjevega doma se z \u00bbelektriko\u00ab vra\u010dajo na oder Orto Bara! [&hellip;]<\/p>","protected":false},"author":11,"featured_media":132573,"template":"","meta":{"_seopress_robots_primary_cat":"none","_seopress_titles_title":"","_seopress_titles_desc":"","_seopress_robots_index":""},"product_brand":[],"product_cat":[230],"product_tag":[222],"class_list":{"0":"post-132572","1":"product","2":"type-product","3":"status-publish","4":"has-post-thumbnail","6":"product_cat-arhiv","7":"product_tag-predprodaja","9":"entry","10":"has-media","12":"first","13":"instock","14":"virtual","15":"taxable","16":"product-type-simple","17":"has-product-nav","18":"col","19":"span_1_of_4","20":"owp-content-center","21":"item-entry","22":"owp-thumbs-layout-horizontal","23":"owp-btn-normal","24":"owp-tabs-layout-section","25":"has-no-thumbnails"},"publishpress_future_action":{"enabled":false,"date":"2026-05-11 16:36:40","action":"change-status","newStatus":"draft","terms":[],"taxonomy":"product_cat","extraData":[]},"publishpress_future_workflow_manual_trigger":{"enabledWorkflows":[]},"_links":{"self":[{"href":"https:\/\/www.orto-bar.com\/en\/wp-json\/wp\/v2\/product\/132572","targetHints":{"allow":["GET"]}}],"collection":[{"href":"https:\/\/www.orto-bar.com\/en\/wp-json\/wp\/v2\/product"}],"about":[{"href":"https:\/\/www.orto-bar.com\/en\/wp-json\/wp\/v2\/types\/product"}],"author":[{"embeddable":true,"href":"https:\/\/www.orto-bar.com\/en\/wp-json\/wp\/v2\/users\/11"}],"version-history":[{"count":0,"href":"https:\/\/www.orto-bar.com\/en\/wp-json\/wp\/v2\/product\/132572\/revisions"}],"wp:featuredmedia":[{"embeddable":true,"href":"https:\/\/www.orto-bar.com\/en\/wp-json\/wp\/v2\/media\/132573"}],"wp:attachment":[{"href":"https:\/\/www.orto-bar.com\/en\/wp-json\/wp\/v2\/media?parent=132572"}],"wp:term":[{"taxonomy":"product_brand","embeddable":true,"href":"https:\/\/www.orto-bar.com\/en\/wp-json\/wp\/v2\/product_brand?post=132572"},{"taxonomy":"product_cat","embeddable":true,"href":"https:\/\/www.orto-bar.com\/en\/wp-json\/wp\/v2\/product_cat?post=132572"},{"taxonomy":"product_tag","embeddable":true,"href":"https:\/\/www.orto-bar.com\/en\/wp-json\/wp\/v2\/product_tag?post=132572"}],"curies":[{"name":"wp","href":"https:\/\/api.w.org\/{rel}","templated":true}]}}